{"id":997,"date":"2017-12-04T15:57:18","date_gmt":"2017-12-04T14:57:18","guid":{"rendered":"http:\/\/blog.uclm.es\/grupohidrogeo\/?page_id=997&#038;lang=en"},"modified":"2023-03-03T14:00:30","modified_gmt":"2023-03-03T13:00:30","slug":"publications-in-scientific-journals","status":"publish","type":"page","link":"https:\/\/blog.uclm.es\/grupohidrogeo\/what-are-we-working-on\/dissemination-of-results\/publications-in-scientific-journals\/?lang=en","title":{"rendered":"Publications in scientific journals"},"content":{"rendered":"<ul>\n<li>Valiente, N.,&nbsp; G\u00f3mez-Alday, J. J. &amp; Jirsa, F. (accepted 2018). <span style=\"color: #333399\">Spectrophotometric determination of nitrate in hypersaline waters after optimization based on the Box-Behnken design.<\/span>&nbsp; <i>Microchemical Journal<\/i>.<\/li>\n<li>Sanz, D., Vos, J., Rambags, F., Hoogesteger, J., Cassiraga, E., &amp; G\u00f3mez-Alday, J. J. (2018). <span style=\"color: #333399\">The social construction and consequences of groundwater modelling: insight from the Mancha Oriental aquifer, Spain.&nbsp;<\/span><i>International Journal of Water Resources Development<\/i>, 1-22.<\/li>\n<li>Valiente, N.; Carrey, R.; Otero, N.; Soler, A.; Sanz, D.; Mu\u00f1oz-Martin, A.; Jirsa, F.; Wanek, W.; G\u00f3mez-Alday, J.J. <span id=\"articleTitle\" class=\"els-display-text\">(2018) <span style=\"color: #000080\">A multi-isotopic approach to investigate the influence of land use on nitrate removal in a highly saline lake-aquifer system<\/span><\/span>. Science of the Total Environment, 631-632, pp. 649-659<\/li>\n<li>Valiente, N., Carrey, R., Otero, N., Guti\u00e9rrez-Villanueva, M.A., Soler, A., Sanz, D., Casta\u00f1o, S., G\u00f3mez-Alday, J.J. (2017) <span style=\"color: #333399\">Tracing sulfate recycling in the hypersaline P\u00e9trola Lake (SE Spain): A combined isotopic and microbiological approach.<\/span> Chemical Geology, 473, Pp. 74-89 2.<\/li>\n<li>Mench\u00e9n, A., De las Heras, J. &amp; G\u00f3mez-Alday, J.J. (2017). <span style=\"color: #333399\">Pesticide contamination in groundwater bodies in the Jucar River European Union Pilot Basin (SE Spain).<\/span> Environmental Monitoring and Assessment. 189. 10.1007\/s10661-017-5827-4 3.<\/li>\n<li>Sanz, D., Calera, A., Casta\u00f1o, S., &amp; G\u00f3mez-Alday, J.J. (2016). <span style=\"color: #333399\">Knowledge, participation, and transparency in groundwater management.<\/span> Water Policy, 18 (1), pp. 111-126. 4.<\/li>\n<li>G\u00f3mez-Alday, J.J., (y otros 11 autores) (2014) <span style=\"color: #333399\">Denitrification in a hypersaline lake\u2013aquifer system (P\u00e9trola Basin, Central Spain): The role of recent organic matter and Cretaceous organic rich sediments.<\/span> Science of the Total Environment. 497\u2013498, 594\u2013606 5.<\/li>\n<li>Carrey, R., P. Rodr\u00edguez-Escales, N. Otero, C. Ayora, A. Soler, G\u00f3mez-Alday, J.J. (2014b) <span style=\"color: #333399\">Nitrate attenuation potential of organic sediments in a hyper-saline lake environment (Central Spain): Flow-through and batch experiments.<\/span> Journal of Contaminant Hydrology. 164, 323-337 6.<\/li>\n<li>Carrey, R., Otero, N., Vidal, G., Ayora, C., Soler, A., G\u00f3mez-Alday, J.J. (2014a) <span style=\"color: #333399\">Induced Nitrate Attenuation by Glucose in Groundwater: Flow-Through Experiment.<\/span> Chemical Geology. 370C, 19-28 7.<\/li>\n<li>Carrey, R., Otero, N., Soler, A., G\u00f3mez-Alday, J.J., Ayora, C. (2013) <span style=\"color: #333399\">The role of lower cretaceous sediments in groundwater nitrate attenuation in Central Spain: column experiments.<\/span> Applied Geochemistry. 32, 142-152 8.<\/li>\n<li>Kroll, S.A., Ringler, N.H., De las Heras, J., Gomez-Alday, J.J., Moratalla, A.&nbsp; Briggs, R. (2013) <span style=\"color: #333399\">Analysis of anthropogenic pressures in the Segura Watershed (SE Spain), with focus on inter-basin transfer. Ecohydrology.<\/span> 6, 878-888 9.<\/li>\n<li>Casta\u00f1o, S., Sanz, D., G\u00f3mez-Alday, J.J. (2013) <span style=\"color: #333399\">Sensitivity of a groundwater flow model to both climatic variations and management scenarios in a semi-arid region of SE Spain. Water Resources Management.<\/span> 27 (7), 2089-2011 10.<\/li>\n<li>Moratalla, A., G\u00f3mez-Alday, J.J., Sanz, D., Casta\u00f1o, S. &amp; De las Heras, J. (2011) <span style=\"color: #333399\">Evaluation of a GIS based integrated vulnerability risk assessment for the Mancha Oriental System (SE Spain)<\/span>. 25, 3677-3679 11.<\/li>\n<li>Sanz, D., Casta\u00f1o, S., Cassiraga, E., Sahuquillo, A., G\u00f3mez-Alday, J.J., Pe\u00f1a, S., Calera, A. (2011) <span style=\"color: #333399\">Modeling aquifer-river interactions under the influence of groundwater abstractions in the Mancha Oriental System.<\/span> Hydrogeology Journal. 19, 475- 487 12.<\/li>\n<li>Sanz, D., G\u00f3mez-Alday, J.J., Casta\u00f1o, S. Moratalla, A. De las Heras, J., Mart\u00ednez-Alfaro, P.E. (2009) <span style=\"color: #333399\">Hydrostratigraphic framework and hydrogeological behaviour of the Mancha Oriental System (SE Spain)<\/span>. Hydrogeology Journal. 17, 1375-1391 13.<\/li>\n<li>Moratalla, A., G\u00f3mez-Alday, J.J., De las Heras, J., Sanz, D. &amp; Casta\u00f1o, S. (2009) <span style=\"color: #333399\">Nitrate in the Water-Supply Wells in the Mancha Oriental Hydrogeological System (SE Spain)<\/span>. Water Resources Management. 23, 1621-1640<\/li>\n<\/ul>\n","protected":false},"excerpt":{"rendered":"<p>Valiente, N.,&nbsp; G\u00f3mez-Alday, J. J. &amp; Jirsa, F. (accepted 2018). Spectrophotometric determination of nitrate in hypersaline waters after optimization based on the Box-Behnken design.&nbsp; Microchemical Journal. Sanz, D., Vos, J., Rambags, F., Hoogesteger, J., Cassiraga, E., &amp; G\u00f3mez-Alday, J. J. (2018). The social construction and consequences of groundwater modelling: insight from the Mancha Oriental aquifer, &hellip; <a href=\"https:\/\/blog.uclm.es\/grupohidrogeo\/what-are-we-working-on\/dissemination-of-results\/publications-in-scientific-journals\/?lang=en\" class=\"more-link\">Seguir leyendo <span class=\"screen-reader-text\">Publications in scientific journals<\/span> <span class=\"meta-nav\">&rarr;<\/span><\/a><\/p>\n","protected":false},"author":201,"featured_media":0,"parent":995,"menu_order":2,"comment_status":"closed","ping_status":"closed","template":"","meta":{"footnotes":""},"class_list":["post-997","page","type-page","status-publish","hentry"],"_links":{"self":[{"href":"https:\/\/blog.uclm.es\/grupohidrogeo\/wp-json\/wp\/v2\/pages\/997","targetHints":{"allow":["GET"]}}],"collection":[{"href":"https:\/\/blog.uclm.es\/grupohidrogeo\/wp-json\/wp\/v2\/pages"}],"about":[{"href":"https:\/\/blog.uclm.es\/grupohidrogeo\/wp-json\/wp\/v2\/types\/page"}],"author":[{"embeddable":true,"href":"https:\/\/blog.uclm.es\/grupohidrogeo\/wp-json\/wp\/v2\/users\/201"}],"replies":[{"embeddable":true,"href":"https:\/\/blog.uclm.es\/grupohidrogeo\/wp-json\/wp\/v2\/comments?post=997"}],"version-history":[{"count":1,"href":"https:\/\/blog.uclm.es\/grupohidrogeo\/wp-json\/wp\/v2\/pages\/997\/revisions"}],"predecessor-version":[{"id":1855,"href":"https:\/\/blog.uclm.es\/grupohidrogeo\/wp-json\/wp\/v2\/pages\/997\/revisions\/1855"}],"up":[{"embeddable":true,"href":"https:\/\/blog.uclm.es\/grupohidrogeo\/wp-json\/wp\/v2\/pages\/995"}],"wp:attachment":[{"href":"https:\/\/blog.uclm.es\/grupohidrogeo\/wp-json\/wp\/v2\/media?parent=997"}],"curies":[{"name":"wp","href":"https:\/\/api.w.org\/{rel}","templated":true}]}}