{"id":984,"date":"2017-12-04T15:50:13","date_gmt":"2017-12-04T14:50:13","guid":{"rendered":"http:\/\/blog.uclm.es\/grupohidrogeo\/?page_id=984&amp;lang=en"},"modified":"2017-12-04T15:50:13","modified_gmt":"2017-12-04T14:50:13","slug":"collaborations","status":"publish","type":"page","link":"https:\/\/blog.uclm.es\/grupohidrogeo\/what-are-we-working-on\/collaborations\/?lang=en","title":{"rendered":"Collaborations"},"content":{"rendered":"<p>To achieve the proposed objectives, the <strong>Hydrogeology Group<\/strong> collaborates in research projects with prestigious researchers from different centers:<\/p>\n<ul>\n<li><a href=\"http:\/\/www.ub.edu\/web\/ub\/es\/recerca_innovacio\/recerca_a_la_UB\/grups\/fitxa\/M\/MINERALA\/equipInvestigador\/index.html\">Mineralog\u00eda Aplicada y Geoqu\u00edmica de Fluidos (UB)<\/a><\/li>\n<li><a href=\"http:\/\/www.idaea.csic.es\/index.php?lang=es\">Instituto de Diagn\u00f3stico Ambiental y Estudios del Agua (CSIC)<\/a><\/li>\n<li><a href=\"http:\/\/www.cos.uaeu.ac.ae\/en\/\">Hydrogeology Group (United Arab Emirates University)<\/a><\/li>\n<li><a href=\"http:\/\/www.ucm.es\/tectonofisica-aplicada\/\">Grupo de Tecnonof\u00edsca Aplicada (UCM)<\/a><\/li>\n<li><a href=\"http:\/\/www.cehiuma.uma.es\/\">Centro de Hidrogeolog\u00eda de la Universidad de M\u00e1laga<\/a><\/li>\n<li><a href=\"http:\/\/www.cehiuma.uma.es\/\">Environ. and Radiochemistry Group. Inst. Inorg. Chem. U. of Viena (Austria)<\/a><\/li>\n<li><a href=\"http:\/\/campus.usal.es\/~geologia\/?q=node\/12\">Departamento de Geolog\u00eda (USAL)<\/a><\/li>\n<li><a href=\"https:\/\/www.wur.nl\/en\/Expertise-Services\/Chair-groups\/Environmental-Sciences\/Water-Resources-Management.htm\">Water Resources Management Group (Wageningen University)<\/a><\/li>\n<li><a href=\"http:\/\/www.mncn.csic.es\/\">Museo Nacional de Ciencias Naturales. CSIC<\/a><\/li>\n<li><a href=\"https:\/\/www.iiama.upv.es\/iiama\/es\/\">Grupo Hidrogeolog\u00eda del IIAMA. UPV<\/a><\/li>\n<li><a href=\"http:\/\/crne.upc.edu\/\">Centre de Recerca en Ci\u00e8ncia i Enginyeria Multiescala de Barcelona. UPC<\/a><\/li>\n<li><a href=\"http:\/\/www.icra.cat\/\">Institut Catal\u00e0 de Recerca de l\u2019Aigua (ICRA)<\/a><\/li>\n<li><a href=\"https:\/\/www.mio.univ-amu.fr\/?lang=fr\">Lab. Microb., de G\u00e9och. et d\u2019Ecol. Marine. C. d\u2019Oc\u00e9an. Marseille (France)<\/a><\/li>\n<li><a href=\"https:\/\/www.wau.boku.ac.at\/en\/ihg\/\">Institute of Hydrobiology and Aquatic Ecosystem Management. University of Natural Resources and Life Sciences, Vienna.<\/a><\/li>\n<li><a href=\"https:\/\/www.keralauniversity.ac.in\/dept\/deptHome.php?deptID=9\">Department of Geology (University of Kerala, India)<\/a><\/li>\n<li>F<a href=\"http:\/\/fa.tu-sofia.bg\/\">aculty of Automation, Technical University (Sofia, Bulgaria)<\/a><\/li>\n<\/ul>\n","protected":false},"excerpt":{"rendered":"<p>To achieve the proposed objectives, the Hydrogeology Group collaborates in research projects with prestigious researchers from different centers: Mineralog\u00eda Aplicada y Geoqu\u00edmica de Fluidos (UB) Instituto de Diagn\u00f3stico Ambiental y Estudios del Agua (CSIC) Hydrogeology Group (United Arab Emirates University) Grupo de Tecnonof\u00edsca Aplicada (UCM) Centro de Hidrogeolog\u00eda de la Universidad de M\u00e1laga Environ. and &hellip; <a href=\"https:\/\/blog.uclm.es\/grupohidrogeo\/what-are-we-working-on\/collaborations\/?lang=en\" class=\"more-link\">Seguir leyendo <span class=\"screen-reader-text\">Collaborations<\/span> <span class=\"meta-nav\">&rarr;<\/span><\/a><\/p>\n","protected":false},"author":201,"featured_media":0,"parent":979,"menu_order":6,"comment_status":"closed","ping_status":"closed","template":"","meta":{"footnotes":""},"class_list":["post-984","page","type-page","status-publish","hentry"],"_links":{"self":[{"href":"https:\/\/blog.uclm.es\/grupohidrogeo\/wp-json\/wp\/v2\/pages\/984","targetHints":{"allow":["GET"]}}],"collection":[{"href":"https:\/\/blog.uclm.es\/grupohidrogeo\/wp-json\/wp\/v2\/pages"}],"about":[{"href":"https:\/\/blog.uclm.es\/grupohidrogeo\/wp-json\/wp\/v2\/types\/page"}],"author":[{"embeddable":true,"href":"https:\/\/blog.uclm.es\/grupohidrogeo\/wp-json\/wp\/v2\/users\/201"}],"replies":[{"embeddable":true,"href":"https:\/\/blog.uclm.es\/grupohidrogeo\/wp-json\/wp\/v2\/comments?post=984"}],"version-history":[{"count":0,"href":"https:\/\/blog.uclm.es\/grupohidrogeo\/wp-json\/wp\/v2\/pages\/984\/revisions"}],"up":[{"embeddable":true,"href":"https:\/\/blog.uclm.es\/grupohidrogeo\/wp-json\/wp\/v2\/pages\/979"}],"wp:attachment":[{"href":"https:\/\/blog.uclm.es\/grupohidrogeo\/wp-json\/wp\/v2\/media?parent=984"}],"curies":[{"name":"wp","href":"https:\/\/api.w.org\/{rel}","templated":true}]}}