{"id":608,"date":"2017-12-04T16:29:34","date_gmt":"2017-12-04T15:29:34","guid":{"rendered":"http:\/\/blog.uclm.es\/grupohidrogeo\/?page_id=608"},"modified":"2017-11-28T10:57:53","modified_gmt":"2017-11-28T09:57:53","slug":"chittur-block","status":"publish","type":"page","link":"https:\/\/blog.uclm.es\/grupohidrogeo\/zonas-piloto\/india\/chittur-block\/","title":{"rendered":"Chittur Block"},"content":{"rendered":"<p>En colaboraci\u00f3n con la Universidad de Kerala (SE, India), se han llevado a cabo estudios sobre las causas que determinan el deterioro de la calidad del agua subterr\u00e1nea por nitrato y fl\u00faor. En concreto se ha buscado asociar la presencia de estos dos iones a los usos del suelo de la zona y la explotaci\u00f3n de los recursos h\u00eddricos.<\/p>\n<p><img loading=\"lazy\" decoding=\"async\" class=\"alignnone wp-image-1311 size-full\" src=\"https:\/\/blog.uclm.es\/grupohidrogeo\/wp-content\/uploads\/sites\/59\/2018\/03\/IMG_2219.jpg\" alt=\"\" width=\"640\" height=\"480\" srcset=\"https:\/\/blog.uclm.es\/grupohidrogeo\/wp-content\/uploads\/sites\/59\/2018\/03\/IMG_2219.jpg 640w, https:\/\/blog.uclm.es\/grupohidrogeo\/wp-content\/uploads\/sites\/59\/2018\/03\/IMG_2219-300x225.jpg 300w\" sizes=\"auto, (max-width: 640px) 100vw, 640px\" \/><\/p>\n","protected":false},"excerpt":{"rendered":"<p>En colaboraci\u00f3n con la Universidad de Kerala (SE, India), se han llevado a cabo estudios sobre las causas que determinan el deterioro de la calidad del agua subterr\u00e1nea por nitrato y fl\u00faor. En concreto se ha buscado asociar la presencia de estos dos iones a los usos del suelo de la zona y la explotaci\u00f3n &hellip; <a href=\"https:\/\/blog.uclm.es\/grupohidrogeo\/zonas-piloto\/india\/chittur-block\/\" class=\"more-link\">Seguir leyendo <span class=\"screen-reader-text\">Chittur Block<\/span> <span class=\"meta-nav\">&rarr;<\/span><\/a><\/p>\n","protected":false},"author":201,"featured_media":0,"parent":605,"menu_order":0,"comment_status":"closed","ping_status":"closed","template":"","meta":{"footnotes":""},"class_list":["post-608","page","type-page","status-publish","hentry"],"_links":{"self":[{"href":"https:\/\/blog.uclm.es\/grupohidrogeo\/wp-json\/wp\/v2\/pages\/608","targetHints":{"allow":["GET"]}}],"collection":[{"href":"https:\/\/blog.uclm.es\/grupohidrogeo\/wp-json\/wp\/v2\/pages"}],"about":[{"href":"https:\/\/blog.uclm.es\/grupohidrogeo\/wp-json\/wp\/v2\/types\/page"}],"author":[{"embeddable":true,"href":"https:\/\/blog.uclm.es\/grupohidrogeo\/wp-json\/wp\/v2\/users\/201"}],"replies":[{"embeddable":true,"href":"https:\/\/blog.uclm.es\/grupohidrogeo\/wp-json\/wp\/v2\/comments?post=608"}],"version-history":[{"count":0,"href":"https:\/\/blog.uclm.es\/grupohidrogeo\/wp-json\/wp\/v2\/pages\/608\/revisions"}],"up":[{"embeddable":true,"href":"https:\/\/blog.uclm.es\/grupohidrogeo\/wp-json\/wp\/v2\/pages\/605"}],"wp:attachment":[{"href":"https:\/\/blog.uclm.es\/grupohidrogeo\/wp-json\/wp\/v2\/media?parent=608"}],"curies":[{"name":"wp","href":"https:\/\/api.w.org\/{rel}","templated":true}]}}