{"id":590,"date":"2017-12-05T08:40:29","date_gmt":"2017-12-05T07:40:29","guid":{"rendered":"http:\/\/blog.uclm.es\/grupohidrogeo\/?page_id=590"},"modified":"2017-11-28T10:51:09","modified_gmt":"2017-11-28T09:51:09","slug":"demarcacion-hidrografica-del-jucar","status":"publish","type":"page","link":"https:\/\/blog.uclm.es\/grupohidrogeo\/zonas-piloto\/peninsula-iberica\/demarcacion-hidrografica-del-jucar\/","title":{"rendered":"Demarcaci\u00f3n Hidrogr\u00e1fica del J\u00facar"},"content":{"rendered":"<ul>\n<li><a href=\"http:\/\/blog.uclm.es\/grupohidrogeo\/zonas-piloto\/peninsula-iberica\/demarcacion-hidrografica-del-jucar\/sistema-mancha-oriental\/\">Masa de agua subterr\u00e1nea Sistema Mancha Oriental<\/a><\/li>\n<li><a href=\"http:\/\/blog.uclm.es\/grupohidrogeo\/canal-de-maria-cristina-cmc\/\">Masa de superficial Canal de Mar\u00eda Cristina<\/a><\/li>\n<\/ul>\n","protected":false},"excerpt":{"rendered":"<p>Masa de agua subterr\u00e1nea Sistema Mancha Oriental Masa de superficial Canal de Mar\u00eda Cristina<\/p>\n","protected":false},"author":201,"featured_media":0,"parent":587,"menu_order":0,"comment_status":"closed","ping_status":"closed","template":"","meta":{"footnotes":""},"class_list":["post-590","page","type-page","status-publish","hentry"],"_links":{"self":[{"href":"https:\/\/blog.uclm.es\/grupohidrogeo\/wp-json\/wp\/v2\/pages\/590","targetHints":{"allow":["GET"]}}],"collection":[{"href":"https:\/\/blog.uclm.es\/grupohidrogeo\/wp-json\/wp\/v2\/pages"}],"about":[{"href":"https:\/\/blog.uclm.es\/grupohidrogeo\/wp-json\/wp\/v2\/types\/page"}],"author":[{"embeddable":true,"href":"https:\/\/blog.uclm.es\/grupohidrogeo\/wp-json\/wp\/v2\/users\/201"}],"replies":[{"embeddable":true,"href":"https:\/\/blog.uclm.es\/grupohidrogeo\/wp-json\/wp\/v2\/comments?post=590"}],"version-history":[{"count":0,"href":"https:\/\/blog.uclm.es\/grupohidrogeo\/wp-json\/wp\/v2\/pages\/590\/revisions"}],"up":[{"embeddable":true,"href":"https:\/\/blog.uclm.es\/grupohidrogeo\/wp-json\/wp\/v2\/pages\/587"}],"wp:attachment":[{"href":"https:\/\/blog.uclm.es\/grupohidrogeo\/wp-json\/wp\/v2\/media?parent=590"}],"curies":[{"name":"wp","href":"https:\/\/api.w.org\/{rel}","templated":true}]}}