{"id":499,"date":"2017-12-05T08:53:07","date_gmt":"2017-12-05T07:53:07","guid":{"rendered":"http:\/\/blog.uclm.es\/grupohidrogeo\/?page_id=499"},"modified":"2017-11-26T11:24:25","modified_gmt":"2017-11-26T10:24:25","slug":"humedales-salinos-de-brujuelo-jaen-y-jarales-cordoba","status":"publish","type":"page","link":"https:\/\/blog.uclm.es\/grupohidrogeo\/zonas-piloto\/peninsula-iberica\/humedales-salinos-de-brujuelo-jaen-y-jarales-cordoba\/","title":{"rendered":"Humedales salinos de Brujuelo (Ja\u00e9n) y Jarales (C\u00f3rdoba)"},"content":{"rendered":"<p>Se han empezado a realizar estudios en la zona de Jarales (Sur de C\u00f3rdoba) y Brujuelo (Ja\u00e9n) en colaboraci\u00f3n con el <a href=\"http:\/\/www.cehiuma.uma.es\/\">CEHIUMA<\/a>. El CEHIUMA es buen conocedor del funcionamiento hidrol\u00f3gico de los humedales objeto de estudio. Tratamos de conocer si algunos humedales salinos de la regi\u00f3n andaluza re\u00fanen las condiciones biogeoqu\u00edmicas adecuadas para que se puedan dar procesos de atenuaci\u00f3n natural de la contaminaci\u00f3n agr\u00edcola y urbana.<\/p>\n<p><img loading=\"lazy\" decoding=\"async\" class=\"alignnone wp-image-503\" src=\"https:\/\/blog.uclm.es\/grupohidrogeo\/wp-content\/uploads\/sites\/59\/2017\/11\/LAM_4-300x200.jpg\" alt=\"\" width=\"550\" height=\"374\" \/><\/p>\n","protected":false},"excerpt":{"rendered":"<p>Se han empezado a realizar estudios en la zona de Jarales (Sur de C\u00f3rdoba) y Brujuelo (Ja\u00e9n) en colaboraci\u00f3n con el CEHIUMA. El CEHIUMA es buen conocedor del funcionamiento hidrol\u00f3gico de los humedales objeto de estudio. Tratamos de conocer si algunos humedales salinos de la regi\u00f3n andaluza re\u00fanen las condiciones biogeoqu\u00edmicas adecuadas para que se &hellip; <a href=\"https:\/\/blog.uclm.es\/grupohidrogeo\/zonas-piloto\/peninsula-iberica\/humedales-salinos-de-brujuelo-jaen-y-jarales-cordoba\/\" class=\"more-link\">Seguir leyendo <span class=\"screen-reader-text\">Humedales salinos de Brujuelo (Ja\u00e9n) y Jarales (C\u00f3rdoba)<\/span> <span class=\"meta-nav\">&rarr;<\/span><\/a><\/p>\n","protected":false},"author":201,"featured_media":0,"parent":587,"menu_order":10,"comment_status":"closed","ping_status":"closed","template":"","meta":{"footnotes":""},"class_list":["post-499","page","type-page","status-publish","hentry"],"_links":{"self":[{"href":"https:\/\/blog.uclm.es\/grupohidrogeo\/wp-json\/wp\/v2\/pages\/499","targetHints":{"allow":["GET"]}}],"collection":[{"href":"https:\/\/blog.uclm.es\/grupohidrogeo\/wp-json\/wp\/v2\/pages"}],"about":[{"href":"https:\/\/blog.uclm.es\/grupohidrogeo\/wp-json\/wp\/v2\/types\/page"}],"author":[{"embeddable":true,"href":"https:\/\/blog.uclm.es\/grupohidrogeo\/wp-json\/wp\/v2\/users\/201"}],"replies":[{"embeddable":true,"href":"https:\/\/blog.uclm.es\/grupohidrogeo\/wp-json\/wp\/v2\/comments?post=499"}],"version-history":[{"count":0,"href":"https:\/\/blog.uclm.es\/grupohidrogeo\/wp-json\/wp\/v2\/pages\/499\/revisions"}],"up":[{"embeddable":true,"href":"https:\/\/blog.uclm.es\/grupohidrogeo\/wp-json\/wp\/v2\/pages\/587"}],"wp:attachment":[{"href":"https:\/\/blog.uclm.es\/grupohidrogeo\/wp-json\/wp\/v2\/media?parent=499"}],"curies":[{"name":"wp","href":"https:\/\/api.w.org\/{rel}","templated":true}]}}