{"id":470,"date":"2017-11-26T10:31:20","date_gmt":"2017-11-26T09:31:20","guid":{"rendered":"http:\/\/blog.uclm.es\/grupohidrogeo\/?page_id=470"},"modified":"2017-11-26T10:31:20","modified_gmt":"2017-11-26T09:31:20","slug":"al-hayer-uae","status":"publish","type":"page","link":"https:\/\/blog.uclm.es\/grupohidrogeo\/zonas-piloto\/emiratos-arabes-unidos\/al-hayer-uae\/","title":{"rendered":"Al Hayer (UAE)"},"content":{"rendered":"<p><img loading=\"lazy\" decoding=\"async\" class=\"alignnone wp-image-548 size-large\" src=\"https:\/\/blog.uclm.es\/grupohidrogeo\/wp-content\/uploads\/sites\/59\/2017\/11\/DSC_0001-1024x683.jpg\" alt=\"\" width=\"525\" height=\"350\" srcset=\"https:\/\/blog.uclm.es\/grupohidrogeo\/wp-content\/uploads\/sites\/59\/2017\/11\/DSC_0001-1024x683.jpg 1024w, https:\/\/blog.uclm.es\/grupohidrogeo\/wp-content\/uploads\/sites\/59\/2017\/11\/DSC_0001-300x200.jpg 300w, https:\/\/blog.uclm.es\/grupohidrogeo\/wp-content\/uploads\/sites\/59\/2017\/11\/DSC_0001-768x512.jpg 768w, https:\/\/blog.uclm.es\/grupohidrogeo\/wp-content\/uploads\/sites\/59\/2017\/11\/DSC_0001-1536x1024.jpg 1536w, https:\/\/blog.uclm.es\/grupohidrogeo\/wp-content\/uploads\/sites\/59\/2017\/11\/DSC_0001-2048x1365.jpg 2048w\" sizes=\"auto, (max-width: 525px) 100vw, 525px\" \/><\/p>\n<p><strong>Deterioro de la calidad del agua subterr\u00e1nea por nitrato y procesos de salinizaci\u00f3n en el \u00e1rea de Al Hayer (SE Al Hayer)<\/strong><\/p>\n<p>De la mano de los inestigadpores del Grupo de Hidrogeolog\u00eda de la UAEU, estamos llevando a cabo estudios sobre la calidad qu\u00edmica de los recursos subterr\u00e1neos de la zona de Al Hayer (Este EAU).<\/p>\n<p><img loading=\"lazy\" decoding=\"async\" class=\"alignnone wp-image-1313 size-large\" src=\"https:\/\/blog.uclm.es\/grupohidrogeo\/wp-content\/uploads\/sites\/59\/2018\/03\/IMG_8400-1024x683.jpg\" alt=\"\" width=\"525\" height=\"350\" srcset=\"https:\/\/blog.uclm.es\/grupohidrogeo\/wp-content\/uploads\/sites\/59\/2018\/03\/IMG_8400-1024x683.jpg 1024w, https:\/\/blog.uclm.es\/grupohidrogeo\/wp-content\/uploads\/sites\/59\/2018\/03\/IMG_8400-300x200.jpg 300w, https:\/\/blog.uclm.es\/grupohidrogeo\/wp-content\/uploads\/sites\/59\/2018\/03\/IMG_8400-768x512.jpg 768w, https:\/\/blog.uclm.es\/grupohidrogeo\/wp-content\/uploads\/sites\/59\/2018\/03\/IMG_8400-1536x1024.jpg 1536w, https:\/\/blog.uclm.es\/grupohidrogeo\/wp-content\/uploads\/sites\/59\/2018\/03\/IMG_8400-2048x1365.jpg 2048w\" sizes=\"auto, (max-width: 525px) 100vw, 525px\" \/><\/p>\n","protected":false},"excerpt":{"rendered":"<p>Deterioro de la calidad del agua subterr\u00e1nea por nitrato y procesos de salinizaci\u00f3n en el \u00e1rea de Al Hayer (SE Al Hayer) De la mano de los inestigadpores del Grupo de Hidrogeolog\u00eda de la UAEU, estamos llevando a cabo estudios sobre la calidad qu\u00edmica de los recursos subterr\u00e1neos de la zona de Al Hayer (Este &hellip; <a href=\"https:\/\/blog.uclm.es\/grupohidrogeo\/zonas-piloto\/emiratos-arabes-unidos\/al-hayer-uae\/\" class=\"more-link\">Seguir leyendo <span class=\"screen-reader-text\">Al Hayer (UAE)<\/span> <span class=\"meta-nav\">&rarr;<\/span><\/a><\/p>\n","protected":false},"author":201,"featured_media":0,"parent":597,"menu_order":4,"comment_status":"closed","ping_status":"closed","template":"","meta":{"footnotes":""},"class_list":["post-470","page","type-page","status-publish","hentry"],"_links":{"self":[{"href":"https:\/\/blog.uclm.es\/grupohidrogeo\/wp-json\/wp\/v2\/pages\/470","targetHints":{"allow":["GET"]}}],"collection":[{"href":"https:\/\/blog.uclm.es\/grupohidrogeo\/wp-json\/wp\/v2\/pages"}],"about":[{"href":"https:\/\/blog.uclm.es\/grupohidrogeo\/wp-json\/wp\/v2\/types\/page"}],"author":[{"embeddable":true,"href":"https:\/\/blog.uclm.es\/grupohidrogeo\/wp-json\/wp\/v2\/users\/201"}],"replies":[{"embeddable":true,"href":"https:\/\/blog.uclm.es\/grupohidrogeo\/wp-json\/wp\/v2\/comments?post=470"}],"version-history":[{"count":0,"href":"https:\/\/blog.uclm.es\/grupohidrogeo\/wp-json\/wp\/v2\/pages\/470\/revisions"}],"up":[{"embeddable":true,"href":"https:\/\/blog.uclm.es\/grupohidrogeo\/wp-json\/wp\/v2\/pages\/597"}],"wp:attachment":[{"href":"https:\/\/blog.uclm.es\/grupohidrogeo\/wp-json\/wp\/v2\/media?parent=470"}],"curies":[{"name":"wp","href":"https:\/\/api.w.org\/{rel}","templated":true}]}}