{"id":468,"date":"2017-12-05T08:50:53","date_gmt":"2017-12-05T07:50:53","guid":{"rendered":"http:\/\/blog.uclm.es\/grupohidrogeo\/?page_id=468"},"modified":"2017-11-26T10:30:39","modified_gmt":"2017-11-26T09:30:39","slug":"la-laguna-de-petrola","status":"publish","type":"page","link":"https:\/\/blog.uclm.es\/grupohidrogeo\/zonas-piloto\/peninsula-iberica\/demarcacion-hidrografica-del-jucar-2\/la-laguna-de-petrola\/","title":{"rendered":"La Laguna de P\u00e9trola"},"content":{"rendered":"<p>La zona de estudio se localiza dentro del sector endorreico P\u00e9trola\u2013Corral Rubio\u2013La Higuera (SE Espa\u00f1ol). El ejemplo m\u00e1s representativo de esta zona lo representa la Reserva Natural de la Laguna hipersalina de P\u00e9trola, intensamente estudiada durante los \u00faltimos a\u00f1os por el <strong>Grupo de Hidrogeolog\u00eda<\/strong>. Presenta aguas hipersalinas que pueden alcanzar valores de conductividad de 129 mS\/cm (octubre 2010), asociados con las mayores tasas de evaporaci\u00f3n.<\/p>\n<p>La Laguna de P\u00e9trola sufre los impactos generados por la agricultura de regad\u00edo, la ganader\u00eda y los vertidos urbanos de la localidad adyacente. La Laguna de P\u00e9trola es una zona piloto que se est\u00e1 e estudiar procesos de atenuaci\u00f3n de contaminantes inorg\u00e1nicos (nitrato) y org\u00e1nicos (atrazina) utilizando la Laguna hipersalina de P\u00e9trola como un an\u00e1logo natural. La aparici\u00f3n de contaminantes org\u00e1nicos en la zona de estudio est\u00e1 asociada a niveles elevados de contaminaci\u00f3n por nitratos y sulfatos, aunque las concentraciones de esta \u00faltima especie se deben, fundamentalmente, a procesos naturales. Las concentraciones de atrazina y sus productos de transformaci\u00f3n pueden superan los 100 ng\/L.<\/p>\n<ul>\n<li id=\"page-title\" class=\"title\"><a href=\"http:\/\/areasprotegidas.castillalamancha.es\/rap\/espacios-naturales-protegidos\/enp-reserva-natural\/reserva-natural-laguna-salada-de-petrola\">Reserva Natural Laguna Salada de P\u00e9trola<\/a><\/li>\n<li><a href=\"http:\/\/www.castillalamancha.es\/sites\/default\/files\/documentos\/paginas\/archivos\/petrola_lic_fich.pdf\">Figuras de Protecci\u00f3n Ambiental<\/a><\/li>\n<\/ul>\n<p><img loading=\"lazy\" decoding=\"async\" class=\"alignnone wp-image-562\" src=\"https:\/\/blog.uclm.es\/grupohidrogeo\/wp-content\/uploads\/sites\/59\/2017\/11\/cropped-15N-018-300x224.jpg\" alt=\"\" width=\"559\" height=\"423\" \/><\/p>\n","protected":false},"excerpt":{"rendered":"<p>La zona de estudio se localiza dentro del sector endorreico P\u00e9trola\u2013Corral Rubio\u2013La Higuera (SE Espa\u00f1ol). El ejemplo m\u00e1s representativo de esta zona lo representa la Reserva Natural de la Laguna hipersalina de P\u00e9trola, intensamente estudiada durante los \u00faltimos a\u00f1os por el Grupo de Hidrogeolog\u00eda. Presenta aguas hipersalinas que pueden alcanzar valores de conductividad de 129 &hellip; <a href=\"https:\/\/blog.uclm.es\/grupohidrogeo\/zonas-piloto\/peninsula-iberica\/demarcacion-hidrografica-del-jucar-2\/la-laguna-de-petrola\/\" class=\"more-link\">Seguir leyendo <span class=\"screen-reader-text\">La Laguna de P\u00e9trola<\/span> <span class=\"meta-nav\">&rarr;<\/span><\/a><\/p>\n","protected":false},"author":201,"featured_media":0,"parent":592,"menu_order":2,"comment_status":"closed","ping_status":"closed","template":"","meta":{"footnotes":""},"class_list":["post-468","page","type-page","status-publish","hentry"],"_links":{"self":[{"href":"https:\/\/blog.uclm.es\/grupohidrogeo\/wp-json\/wp\/v2\/pages\/468","targetHints":{"allow":["GET"]}}],"collection":[{"href":"https:\/\/blog.uclm.es\/grupohidrogeo\/wp-json\/wp\/v2\/pages"}],"about":[{"href":"https:\/\/blog.uclm.es\/grupohidrogeo\/wp-json\/wp\/v2\/types\/page"}],"author":[{"embeddable":true,"href":"https:\/\/blog.uclm.es\/grupohidrogeo\/wp-json\/wp\/v2\/users\/201"}],"replies":[{"embeddable":true,"href":"https:\/\/blog.uclm.es\/grupohidrogeo\/wp-json\/wp\/v2\/comments?post=468"}],"version-history":[{"count":0,"href":"https:\/\/blog.uclm.es\/grupohidrogeo\/wp-json\/wp\/v2\/pages\/468\/revisions"}],"up":[{"embeddable":true,"href":"https:\/\/blog.uclm.es\/grupohidrogeo\/wp-json\/wp\/v2\/pages\/592"}],"wp:attachment":[{"href":"https:\/\/blog.uclm.es\/grupohidrogeo\/wp-json\/wp\/v2\/media?parent=468"}],"curies":[{"name":"wp","href":"https:\/\/api.w.org\/{rel}","templated":true}]}}