{"id":465,"date":"2017-12-04T16:11:18","date_gmt":"2017-12-04T15:11:18","guid":{"rendered":"http:\/\/blog.uclm.es\/grupohidrogeo\/?page_id=465"},"modified":"2023-07-12T10:57:57","modified_gmt":"2023-07-12T09:57:57","slug":"zonas-piloto","status":"publish","type":"page","link":"https:\/\/blog.uclm.es\/grupohidrogeo\/zonas-piloto\/","title":{"rendered":"Zonas de Estudio"},"content":{"rendered":"<p>El <strong>Grupo de Hidrogeolog\u00eda<\/strong> lleva a cabo estudios en distintas zonas en colaboraci\u00f3n con otros <a href=\"http:\/\/blog.uclm.es\/grupohidrogeo\/investigacion\/servicios\/\">centros de investigaci\u00f3n<\/a>:<\/p>\n<ul>\n<li>Laguna de P\u00e9trola (SE Albacete)<\/li>\n<li>Lagunas de Tirez y Pe\u00f1ahueca (Toledo)<\/li>\n<li>Saladar de Cordovilla y Laguna de Alboraj (Tobarra, Albacete)<\/li>\n<li>Sistema Mancha Oriental (Demarcaci\u00f3n Hidrogr\u00e1fica del J\u00facar, SE Espa\u00f1ol)<\/li>\n<li>Al Hayer (UA Emirates)<\/li>\n<li>Dhubai Aquifer (UA Emirates)<\/li>\n<li>Chittur Block aquifer (SW India)<\/li>\n<li>Colorado River (Texas)<\/li>\n<li>Humedales salinos de Brujuelo (Ja\u00e9n) y Jarales (C\u00f3rdoba)<\/li>\n<li>Monag aquifer (Tunisia)<\/li>\n<\/ul>\n","protected":false},"excerpt":{"rendered":"<p>El Grupo de Hidrogeolog\u00eda lleva a cabo estudios en distintas zonas en colaboraci\u00f3n con otros centros de investigaci\u00f3n: Laguna de P\u00e9trola (SE Albacete) Lagunas de Tirez y Pe\u00f1ahueca (Toledo) Saladar de Cordovilla y Laguna de Alboraj (Tobarra, Albacete) Sistema Mancha Oriental (Demarcaci\u00f3n Hidrogr\u00e1fica del J\u00facar, SE Espa\u00f1ol) Al Hayer (UA Emirates) Dhubai Aquifer (UA Emirates) &hellip; <a href=\"https:\/\/blog.uclm.es\/grupohidrogeo\/zonas-piloto\/\" class=\"more-link\">Seguir leyendo <span class=\"screen-reader-text\">Zonas de Estudio<\/span> <span class=\"meta-nav\">&rarr;<\/span><\/a><\/p>\n","protected":false},"author":201,"featured_media":0,"parent":0,"menu_order":10,"comment_status":"closed","ping_status":"closed","template":"","meta":{"footnotes":""},"class_list":["post-465","page","type-page","status-publish","hentry"],"_links":{"self":[{"href":"https:\/\/blog.uclm.es\/grupohidrogeo\/wp-json\/wp\/v2\/pages\/465","targetHints":{"allow":["GET"]}}],"collection":[{"href":"https:\/\/blog.uclm.es\/grupohidrogeo\/wp-json\/wp\/v2\/pages"}],"about":[{"href":"https:\/\/blog.uclm.es\/grupohidrogeo\/wp-json\/wp\/v2\/types\/page"}],"author":[{"embeddable":true,"href":"https:\/\/blog.uclm.es\/grupohidrogeo\/wp-json\/wp\/v2\/users\/201"}],"replies":[{"embeddable":true,"href":"https:\/\/blog.uclm.es\/grupohidrogeo\/wp-json\/wp\/v2\/comments?post=465"}],"version-history":[{"count":1,"href":"https:\/\/blog.uclm.es\/grupohidrogeo\/wp-json\/wp\/v2\/pages\/465\/revisions"}],"predecessor-version":[{"id":1873,"href":"https:\/\/blog.uclm.es\/grupohidrogeo\/wp-json\/wp\/v2\/pages\/465\/revisions\/1873"}],"wp:attachment":[{"href":"https:\/\/blog.uclm.es\/grupohidrogeo\/wp-json\/wp\/v2\/media?parent=465"}],"curies":[{"name":"wp","href":"https:\/\/api.w.org\/{rel}","templated":true}]}}