{"id":373,"date":"2017-11-25T11:38:10","date_gmt":"2017-11-25T10:38:10","guid":{"rendered":"http:\/\/blog.uclm.es\/grupohidrogeo\/?page_id=373"},"modified":"2017-11-25T11:38:10","modified_gmt":"2017-11-25T10:38:10","slug":"colaboradores","status":"publish","type":"page","link":"https:\/\/blog.uclm.es\/grupohidrogeo\/quienes-somos\/colaboradores\/","title":{"rendered":"Colaboradores"},"content":{"rendered":"<p>Manuel Alvarez Ort\u00ed. Biotecnolog\u00eda. UCLM.<\/p>\n<p>Jos\u00e9 Luis Moreno Alcaraz. Limnolog\u00eda y Ecolog\u00eda. UCLM.<\/p>\n<p>Susana Sese\u00f1a. Microbiolog\u00eda. UCLM.<\/p>\n<p>Nicol\u00e1s Valiente Parra. Biogeoqu\u00edmica. University of Oslo (Noruega)<\/p>\n","protected":false},"excerpt":{"rendered":"<p>Manuel Alvarez Ort\u00ed. Biotecnolog\u00eda. UCLM. Jos\u00e9 Luis Moreno Alcaraz. Limnolog\u00eda y Ecolog\u00eda. UCLM. Susana Sese\u00f1a. Microbiolog\u00eda. UCLM. Nicol\u00e1s Valiente Parra. Biogeoqu\u00edmica. University of Oslo (Noruega)<\/p>\n","protected":false},"author":201,"featured_media":0,"parent":293,"menu_order":2,"comment_status":"closed","ping_status":"closed","template":"","meta":{"footnotes":""},"class_list":["post-373","page","type-page","status-publish","hentry"],"_links":{"self":[{"href":"https:\/\/blog.uclm.es\/grupohidrogeo\/wp-json\/wp\/v2\/pages\/373","targetHints":{"allow":["GET"]}}],"collection":[{"href":"https:\/\/blog.uclm.es\/grupohidrogeo\/wp-json\/wp\/v2\/pages"}],"about":[{"href":"https:\/\/blog.uclm.es\/grupohidrogeo\/wp-json\/wp\/v2\/types\/page"}],"author":[{"embeddable":true,"href":"https:\/\/blog.uclm.es\/grupohidrogeo\/wp-json\/wp\/v2\/users\/201"}],"replies":[{"embeddable":true,"href":"https:\/\/blog.uclm.es\/grupohidrogeo\/wp-json\/wp\/v2\/comments?post=373"}],"version-history":[{"count":0,"href":"https:\/\/blog.uclm.es\/grupohidrogeo\/wp-json\/wp\/v2\/pages\/373\/revisions"}],"up":[{"embeddable":true,"href":"https:\/\/blog.uclm.es\/grupohidrogeo\/wp-json\/wp\/v2\/pages\/293"}],"wp:attachment":[{"href":"https:\/\/blog.uclm.es\/grupohidrogeo\/wp-json\/wp\/v2\/media?parent=373"}],"curies":[{"name":"wp","href":"https:\/\/api.w.org\/{rel}","templated":true}]}}