{"id":37,"date":"2017-02-15T17:58:35","date_gmt":"2017-02-15T16:58:35","guid":{"rendered":"http:\/\/blog.uclm.es\/grupohidrogeo\/?page_id=37"},"modified":"2017-02-15T17:58:35","modified_gmt":"2017-02-15T16:58:35","slug":"investigacion","status":"publish","type":"page","link":"https:\/\/blog.uclm.es\/grupohidrogeo\/investigacion\/","title":{"rendered":"\u00bfEn qu\u00e9 trabajamos?"},"content":{"rendered":"<div>\n<p>El <strong>Grupo de Hidrogeolog\u00eda<\/strong> pretende avanzar en el conocimiento hidrogeologico e hidrogeoqu\u00edmico de los sistemas naturales (r\u00edos, lagos salados), para identificar procesos de atenuaci\u00f3n de la contaminaci\u00f3n de origen agr\u00edcola y urbano.<\/p>\n<p>Todos estos conocimientos se integran en modelos de flujo subterr\u00e1neo y de transporte de contaminantes, con el prop\u00f3sito de predecir la respuesta de los sistemas naturales a cambios en los usos del suelo y del clima.<\/p>\n<\/div>\n<p><img loading=\"lazy\" decoding=\"async\" class=\"alignnone wp-image-568 size-large\" src=\"https:\/\/blog.uclm.es\/grupohidrogeo\/wp-content\/uploads\/sites\/59\/2017\/11\/Manatial-Laguna_Excursion-Forestales-023-1024x766.jpg\" alt=\"\" width=\"525\" height=\"393\" srcset=\"https:\/\/blog.uclm.es\/grupohidrogeo\/wp-content\/uploads\/sites\/59\/2017\/11\/Manatial-Laguna_Excursion-Forestales-023-1024x766.jpg 1024w, https:\/\/blog.uclm.es\/grupohidrogeo\/wp-content\/uploads\/sites\/59\/2017\/11\/Manatial-Laguna_Excursion-Forestales-023-300x225.jpg 300w, https:\/\/blog.uclm.es\/grupohidrogeo\/wp-content\/uploads\/sites\/59\/2017\/11\/Manatial-Laguna_Excursion-Forestales-023-768x575.jpg 768w, https:\/\/blog.uclm.es\/grupohidrogeo\/wp-content\/uploads\/sites\/59\/2017\/11\/Manatial-Laguna_Excursion-Forestales-023-1536x1150.jpg 1536w, https:\/\/blog.uclm.es\/grupohidrogeo\/wp-content\/uploads\/sites\/59\/2017\/11\/Manatial-Laguna_Excursion-Forestales-023-2048x1533.jpg 2048w\" sizes=\"auto, (max-width: 525px) 100vw, 525px\" \/><\/p>\n","protected":false},"excerpt":{"rendered":"<p>El Grupo de Hidrogeolog\u00eda pretende avanzar en el conocimiento hidrogeologico e hidrogeoqu\u00edmico de los sistemas naturales (r\u00edos, lagos salados), para identificar procesos de atenuaci\u00f3n de la contaminaci\u00f3n de origen agr\u00edcola y urbano. Todos estos conocimientos se integran en modelos de flujo subterr\u00e1neo y de transporte de contaminantes, con el prop\u00f3sito de predecir la respuesta de &hellip; <a href=\"https:\/\/blog.uclm.es\/grupohidrogeo\/investigacion\/\" class=\"more-link\">Seguir leyendo <span class=\"screen-reader-text\">\u00bfEn qu\u00e9 trabajamos?<\/span> <span class=\"meta-nav\">&rarr;<\/span><\/a><\/p>\n","protected":false},"author":202,"featured_media":0,"parent":0,"menu_order":2,"comment_status":"closed","ping_status":"closed","template":"","meta":{"footnotes":""},"class_list":["post-37","page","type-page","status-publish","hentry"],"_links":{"self":[{"href":"https:\/\/blog.uclm.es\/grupohidrogeo\/wp-json\/wp\/v2\/pages\/37","targetHints":{"allow":["GET"]}}],"collection":[{"href":"https:\/\/blog.uclm.es\/grupohidrogeo\/wp-json\/wp\/v2\/pages"}],"about":[{"href":"https:\/\/blog.uclm.es\/grupohidrogeo\/wp-json\/wp\/v2\/types\/page"}],"author":[{"embeddable":true,"href":"https:\/\/blog.uclm.es\/grupohidrogeo\/wp-json\/wp\/v2\/users\/202"}],"replies":[{"embeddable":true,"href":"https:\/\/blog.uclm.es\/grupohidrogeo\/wp-json\/wp\/v2\/comments?post=37"}],"version-history":[{"count":0,"href":"https:\/\/blog.uclm.es\/grupohidrogeo\/wp-json\/wp\/v2\/pages\/37\/revisions"}],"wp:attachment":[{"href":"https:\/\/blog.uclm.es\/grupohidrogeo\/wp-json\/wp\/v2\/media?parent=37"}],"curies":[{"name":"wp","href":"https:\/\/api.w.org\/{rel}","templated":true}]}}