{"id":363,"date":"2017-11-25T11:30:24","date_gmt":"2017-11-25T10:30:24","guid":{"rendered":"http:\/\/blog.uclm.es\/grupohidrogeo\/?page_id=363"},"modified":"2022-11-04T10:17:27","modified_gmt":"2022-11-04T09:17:27","slug":"servicios-2","status":"publish","type":"page","link":"https:\/\/blog.uclm.es\/grupohidrogeo\/servicios-2\/","title":{"rendered":"Consultor\u00eda y an\u00e1lisis hidroqu\u00edmicos, microbiol\u00f3gicos y de biolog\u00eda molecular"},"content":{"rendered":"\n<strong>Consultor\u00eda<\/strong> en materia de gesti\u00f3n de recursos h\u00eddricos.\nEn nuestras instalaciones podemos hacer:\nAn\u00e1lisis hidroqu\u00edmicos:\n<ul>\n \t<li>An\u00e1lisis de iones mayoritarios en aguas.<\/li>\n \t<li>An\u00e1lisis de compuestos org\u00e1nicos contaminantes (p.e. pesticidas).<\/li>\n \t<li>An\u00e1lisis de Carbono Org\u00e1nico y Nitr\u00f3geno en aguas.<\/li>\n \t<li>Estamos especializados en el an\u00e1lisis de matrices acuosas hipersalinas (&gt; 50 g\/L TDS).<\/li>\n<\/ul>\n<strong>An\u00e1lisis microbiol\u00f3gicos y de Biolog\u00eda molecular.\n<\/strong>\n<strong>Microperfiles en muestras de sedimentos<\/strong>\n<strong>Biolog\u00eda molecular<\/strong><span style=\"color: #99cc00\"><strong>\n<\/strong><\/span>\n","protected":false},"excerpt":{"rendered":"<p>Consultor\u00eda en materia de gesti\u00f3n de recursos h\u00eddricos. En nuestras instalaciones podemos hacer: An\u00e1lisis hidroqu\u00edmicos: An\u00e1lisis de iones mayoritarios en aguas. An\u00e1lisis de compuestos org\u00e1nicos contaminantes (p.e. pesticidas). An\u00e1lisis de Carbono Org\u00e1nico y Nitr\u00f3geno en aguas. Estamos especializados en el an\u00e1lisis de matrices acuosas hipersalinas (&gt; 50 g\/L TDS). An\u00e1lisis microbiol\u00f3gicos y de Biolog\u00eda molecular. &hellip; <a href=\"https:\/\/blog.uclm.es\/grupohidrogeo\/servicios-2\/\" class=\"more-link\">Seguir leyendo <span class=\"screen-reader-text\">Consultor\u00eda y an\u00e1lisis hidroqu\u00edmicos, microbiol\u00f3gicos y de biolog\u00eda molecular<\/span> <span class=\"meta-nav\">&rarr;<\/span><\/a><\/p>\n","protected":false},"author":201,"featured_media":0,"parent":0,"menu_order":10,"comment_status":"closed","ping_status":"closed","template":"","meta":{"footnotes":""},"class_list":["post-363","page","type-page","status-publish","hentry"],"_links":{"self":[{"href":"https:\/\/blog.uclm.es\/grupohidrogeo\/wp-json\/wp\/v2\/pages\/363","targetHints":{"allow":["GET"]}}],"collection":[{"href":"https:\/\/blog.uclm.es\/grupohidrogeo\/wp-json\/wp\/v2\/pages"}],"about":[{"href":"https:\/\/blog.uclm.es\/grupohidrogeo\/wp-json\/wp\/v2\/types\/page"}],"author":[{"embeddable":true,"href":"https:\/\/blog.uclm.es\/grupohidrogeo\/wp-json\/wp\/v2\/users\/201"}],"replies":[{"embeddable":true,"href":"https:\/\/blog.uclm.es\/grupohidrogeo\/wp-json\/wp\/v2\/comments?post=363"}],"version-history":[{"count":1,"href":"https:\/\/blog.uclm.es\/grupohidrogeo\/wp-json\/wp\/v2\/pages\/363\/revisions"}],"predecessor-version":[{"id":1783,"href":"https:\/\/blog.uclm.es\/grupohidrogeo\/wp-json\/wp\/v2\/pages\/363\/revisions\/1783"}],"wp:attachment":[{"href":"https:\/\/blog.uclm.es\/grupohidrogeo\/wp-json\/wp\/v2\/media?parent=363"}],"curies":[{"name":"wp","href":"https:\/\/api.w.org\/{rel}","templated":true}]}}