{"id":35,"date":"2017-02-15T17:58:19","date_gmt":"2017-02-15T16:58:19","guid":{"rendered":"http:\/\/blog.uclm.es\/grupohidrogeo\/?page_id=35"},"modified":"2017-02-15T17:58:19","modified_gmt":"2017-02-15T16:58:19","slug":"servicios","status":"publish","type":"page","link":"https:\/\/blog.uclm.es\/grupohidrogeo\/investigacion\/servicios\/","title":{"rendered":"Colaboraciones"},"content":{"rendered":"<p>Para alcanzar los objetivos propuestos, el <strong>Grupo de Hidrogeolog\u00eda<\/strong> colabora en proyectos de investigaci\u00f3n con investigadores de reconocido prestigio de distintos centros:<\/p>\n<ul>\n<li><a href=\"http:\/\/www.ub.edu\/web\/ub\/es\/recerca_innovacio\/recerca_a_la_UB\/grups\/fitxa\/M\/MINERALA\/equipInvestigador\/index.html\">Mineralog\u00eda Aplicada y Geoqu\u00edmica de Fluidos (UB)<\/a><\/li>\n<li><a href=\"http:\/\/www.idaea.csic.es\/index.php?lang=es\">Instituto de Diagn\u00f3stico Ambiental y Estudios del Agua (CSIC)<\/a><\/li>\n<li><a href=\"http:\/\/www.cos.uaeu.ac.ae\/en\/\">Hydrogeology Group (United Arab Emirates University)<\/a><\/li>\n<li><a href=\"http:\/\/www.ucm.es\/tectonofisica-aplicada\/\">Grupo de Tecnonof\u00edsca Aplicada (UCM)<\/a><\/li>\n<li><a href=\"http:\/\/www.cehiuma.uma.es\/\">Centro de Hidrogeolog\u00eda de la Universidad de M\u00e1laga<\/a><\/li>\n<li><a href=\"http:\/\/www.cehiuma.uma.es\/\">Environmental and Radiochemistry Group. Inst. Inorg. Chem. U. of Viena<\/a><\/li>\n<li><a href=\"http:\/\/campus.usal.es\/~geologia\/?q=node\/12\">Departamento de Geolog\u00eda (USAL)<\/a><\/li>\n<li><a href=\"https:\/\/www.wur.nl\/en\/Expertise-Services\/Chair-groups\/Environmental-Sciences\/Water-Resources-Management.htm\">Water Resources Management Group (Wageningen University)<\/a><\/li>\n<li><a href=\"http:\/\/www.mncn.csic.es\/\">Museo Nacional de Ciencias Naturales. CSIC<\/a><\/li>\n<li><a href=\"https:\/\/www.iiama.upv.es\/iiama\/es\/\">Grupo Hidrogeolog\u00eda del IIAMA. UPV<\/a><\/li>\n<li><a href=\"http:\/\/crne.upc.edu\/\">Centre de Recerca en Ci\u00e8ncia i Enginyeria Multiescala de Barcelona. UPC<\/a><\/li>\n<li><a href=\"http:\/\/www.icra.cat\/\">Institut Catal\u00e0 de Recerca de l\u2019Aigua (ICRA)<\/a><\/li>\n<li><a href=\"https:\/\/www.mio.univ-amu.fr\/?lang=fr\">Lab. Microb., de G\u00e9och. et d\u2019Ecol. Marine. C. d\u2019Oc\u00e9an. Marseille (France)<\/a><\/li>\n<li><a href=\"https:\/\/www.wau.boku.ac.at\/en\/ihg\/\">Institute of Hydrobiology and Aquatic Ecosystem Management. University of Natural Resources and Life Sciences, Vienna.<\/a><\/li>\n<li><a href=\"https:\/\/www.keralauniversity.ac.in\/dept\/deptHome.php?deptID=9\">Department of Geology (University of Kerala, India)<\/a><\/li>\n<li>F<a href=\"http:\/\/fa.tu-sofia.bg\/\">aculty of Automation, Technical University (Sofia, Bulgaria)<\/a><\/li>\n<\/ul>\n","protected":false},"excerpt":{"rendered":"<p>Para alcanzar los objetivos propuestos, el Grupo de Hidrogeolog\u00eda colabora en proyectos de investigaci\u00f3n con investigadores de reconocido prestigio de distintos centros: Mineralog\u00eda Aplicada y Geoqu\u00edmica de Fluidos (UB) Instituto de Diagn\u00f3stico Ambiental y Estudios del Agua (CSIC) Hydrogeology Group (United Arab Emirates University) Grupo de Tecnonof\u00edsca Aplicada (UCM) Centro de Hidrogeolog\u00eda de la Universidad &hellip; <a href=\"https:\/\/blog.uclm.es\/grupohidrogeo\/investigacion\/servicios\/\" class=\"more-link\">Seguir leyendo <span class=\"screen-reader-text\">Colaboraciones<\/span> <span class=\"meta-nav\">&rarr;<\/span><\/a><\/p>\n","protected":false},"author":202,"featured_media":0,"parent":37,"menu_order":6,"comment_status":"closed","ping_status":"closed","template":"","meta":{"footnotes":""},"class_list":["post-35","page","type-page","status-publish","hentry"],"_links":{"self":[{"href":"https:\/\/blog.uclm.es\/grupohidrogeo\/wp-json\/wp\/v2\/pages\/35","targetHints":{"allow":["GET"]}}],"collection":[{"href":"https:\/\/blog.uclm.es\/grupohidrogeo\/wp-json\/wp\/v2\/pages"}],"about":[{"href":"https:\/\/blog.uclm.es\/grupohidrogeo\/wp-json\/wp\/v2\/types\/page"}],"author":[{"embeddable":true,"href":"https:\/\/blog.uclm.es\/grupohidrogeo\/wp-json\/wp\/v2\/users\/202"}],"replies":[{"embeddable":true,"href":"https:\/\/blog.uclm.es\/grupohidrogeo\/wp-json\/wp\/v2\/comments?post=35"}],"version-history":[{"count":0,"href":"https:\/\/blog.uclm.es\/grupohidrogeo\/wp-json\/wp\/v2\/pages\/35\/revisions"}],"up":[{"embeddable":true,"href":"https:\/\/blog.uclm.es\/grupohidrogeo\/wp-json\/wp\/v2\/pages\/37"}],"wp:attachment":[{"href":"https:\/\/blog.uclm.es\/grupohidrogeo\/wp-json\/wp\/v2\/media?parent=35"}],"curies":[{"name":"wp","href":"https:\/\/api.w.org\/{rel}","templated":true}]}}