{"id":33,"date":"2017-12-04T16:06:43","date_gmt":"2017-12-04T15:06:43","guid":{"rendered":"http:\/\/blog.uclm.es\/grupohidrogeo\/?page_id=33"},"modified":"2017-02-15T17:58:06","modified_gmt":"2017-02-15T16:58:06","slug":"equipamiento","status":"publish","type":"page","link":"https:\/\/blog.uclm.es\/grupohidrogeo\/equipamiento\/","title":{"rendered":"\u00bfDe qu\u00e9 medios que disponemos?"},"content":{"rendered":"<p>El equipamiento cient\u00edfico del grupo de investigaci\u00f3n se encuentra en el Laboratoiro de Biotecnolog\u00eda y Recursos Naturales del IDR. Este laboratorio cuenta con una superficie de 250 m\u00b2, en el cual se llevan a cabo an\u00e1lisis de aguas, an\u00e1lisis microbiol\u00f3gicos y de biolog\u00eda molecular. El laboratorio se divide en las siguientes \u00e1reas tecnol\u00f3gicas dotadas de su correspondiente equipamiento:<\/p>\n<ul>\n<li style=\"list-style-type: none\">\n<ul>\n<li><a href=\"http:\/\/blog.uclm.es\/grupohidrogeo\/equipamiento\/area-de-preparacion-y-manipulacion-de-muestras\/\"><strong>\u00c1rea de Preparaci\u00f3n y Manipulaci\u00f3n de muestras<\/strong><\/a><\/li>\n<li><a href=\"http:\/\/blog.uclm.es\/grupohidrogeo\/equipamiento\/area-de-microscopia\/\"><strong>\u00c1rea de Microscop\u00eda<\/strong><\/a><\/li>\n<li><a href=\"http:\/\/blog.uclm.es\/grupohidrogeo\/equipamiento\/area-de-espectrofotometria\/\"><strong>\u00c1rea de Espectrofotometr\u00eda<\/strong><\/a><\/li>\n<li><strong><a href=\"http:\/\/blog.uclm.es\/grupohidrogeo\/equipamiento\/area-de-tecnicas-de-cromatografia-ionica-y-de-gasesmasas\/\">\u00c1rea de Qu\u00edmica Anal\u00edtica<\/a><br \/>\n<\/strong><\/li>\n<li><a href=\"http:\/\/blog.uclm.es\/grupohidrogeo\/equipamiento\/area-de-tecnicas-de-biologia-molecular\/\"><strong>\u00c1rea de T\u00e9cnicas de Biolog\u00eda Molecular<\/strong><\/a><\/li>\n<li><a href=\"http:\/\/blog.uclm.es\/grupohidrogeo\/equipamiento\/area-de-conservacion-de-muestras\/\"><strong>\u00c1rea de Conservaci\u00f3n de Muestras<\/strong><\/a><\/li>\n<li><a href=\"http:\/\/blog.uclm.es\/grupohidrogeo\/equipamiento\/area-de-ensayos-de-mesocosmos\/\"><strong>\u00c1rea de Ensayos de Mesocosmos<\/strong><\/a><\/li>\n<li><a href=\"http:\/\/blog.uclm.es\/grupohidrogeo\/equipamiento\/area-de-ensayos-en-camaras-de-crecimiento\/\"><strong>\u00c1rea de Ensayos en C\u00e1maras de Crecimiento<\/strong><\/a><\/li>\n<li><strong>Equipamiento de Campo<\/strong><\/li>\n<\/ul>\n<\/li>\n<\/ul>\n<p>Se dispone adem\u00e1s de una dependencia para el almacenamiento de distinto equipamiento y material fungible de laboratorio, y armarios ign\u00edfugos destinados al almacenamiento de productos qu\u00edmicos peligrosos.<\/p>\n<p><!-- x-tinymce\/html --><img loading=\"lazy\" decoding=\"async\" class=\"alignnone wp-image-1214 size-large\" src=\"https:\/\/blog.uclm.es\/grupohidrogeo\/wp-content\/uploads\/sites\/59\/2017\/02\/IMG_0198-1024x683.jpg\" alt=\"\" width=\"525\" height=\"350\" srcset=\"https:\/\/blog.uclm.es\/grupohidrogeo\/wp-content\/uploads\/sites\/59\/2017\/02\/IMG_0198-1024x683.jpg 1024w, https:\/\/blog.uclm.es\/grupohidrogeo\/wp-content\/uploads\/sites\/59\/2017\/02\/IMG_0198-300x200.jpg 300w, https:\/\/blog.uclm.es\/grupohidrogeo\/wp-content\/uploads\/sites\/59\/2017\/02\/IMG_0198-768x512.jpg 768w, https:\/\/blog.uclm.es\/grupohidrogeo\/wp-content\/uploads\/sites\/59\/2017\/02\/IMG_0198-1536x1024.jpg 1536w, https:\/\/blog.uclm.es\/grupohidrogeo\/wp-content\/uploads\/sites\/59\/2017\/02\/IMG_0198-2048x1365.jpg 2048w\" sizes=\"auto, (max-width: 525px) 100vw, 525px\" \/><\/p>\n","protected":false},"excerpt":{"rendered":"<p>El equipamiento cient\u00edfico del grupo de investigaci\u00f3n se encuentra en el Laboratoiro de Biotecnolog\u00eda y Recursos Naturales del IDR. Este laboratorio cuenta con una superficie de 250 m\u00b2, en el cual se llevan a cabo an\u00e1lisis de aguas, an\u00e1lisis microbiol\u00f3gicos y de biolog\u00eda molecular. El laboratorio se divide en las siguientes \u00e1reas tecnol\u00f3gicas dotadas de &hellip; <a href=\"https:\/\/blog.uclm.es\/grupohidrogeo\/equipamiento\/\" class=\"more-link\">Seguir leyendo <span class=\"screen-reader-text\">\u00bfDe qu\u00e9 medios que disponemos?<\/span> <span class=\"meta-nav\">&rarr;<\/span><\/a><\/p>\n","protected":false},"author":202,"featured_media":0,"parent":0,"menu_order":5,"comment_status":"closed","ping_status":"closed","template":"","meta":{"footnotes":""},"class_list":["post-33","page","type-page","status-publish","hentry"],"_links":{"self":[{"href":"https:\/\/blog.uclm.es\/grupohidrogeo\/wp-json\/wp\/v2\/pages\/33","targetHints":{"allow":["GET"]}}],"collection":[{"href":"https:\/\/blog.uclm.es\/grupohidrogeo\/wp-json\/wp\/v2\/pages"}],"about":[{"href":"https:\/\/blog.uclm.es\/grupohidrogeo\/wp-json\/wp\/v2\/types\/page"}],"author":[{"embeddable":true,"href":"https:\/\/blog.uclm.es\/grupohidrogeo\/wp-json\/wp\/v2\/users\/202"}],"replies":[{"embeddable":true,"href":"https:\/\/blog.uclm.es\/grupohidrogeo\/wp-json\/wp\/v2\/comments?post=33"}],"version-history":[{"count":0,"href":"https:\/\/blog.uclm.es\/grupohidrogeo\/wp-json\/wp\/v2\/pages\/33\/revisions"}],"wp:attachment":[{"href":"https:\/\/blog.uclm.es\/grupohidrogeo\/wp-json\/wp\/v2\/media?parent=33"}],"curies":[{"name":"wp","href":"https:\/\/api.w.org\/{rel}","templated":true}]}}