{"id":296,"date":"2017-12-04T14:35:18","date_gmt":"2017-12-04T13:35:18","guid":{"rendered":"http:\/\/blog.uclm.es\/grupohidrogeo\/?page_id=296"},"modified":"2022-11-04T10:11:41","modified_gmt":"2022-11-04T09:11:41","slug":"presentacion","status":"publish","type":"page","link":"https:\/\/blog.uclm.es\/grupohidrogeo\/presentacion\/","title":{"rendered":"\u00bfHacia d\u00f3nde vamos?"},"content":{"rendered":"<p><span style=\"color: #333399\"><em><strong>\u00abQUEREMOS DESARROLLAR E IMPLEMENTAR TECNOLOG\u00cdAS DE REMEDIACI\u00d3N FUNDAMENTADAS EN LOS PROCESOS NATURALES A DISTINTAS ESCALAS (p.e. humedales artificales, EDARs<\/strong><\/em><\/span>) <span style=\"color: #333399\"><strong><em>y CONDICIONES AMBIENTALES<\/em><\/strong><em> <strong>(salinas a hipersalinas)<\/strong><\/em><\/span>\u00ab.<\/p>\n<p>El <span style=\"color: #333399\"><strong>Grupo de Hidrogeolog\u00eda<\/strong><\/span> de la <a class=\"customize-unpreviewable\" href=\"https:\/\/www.uclm.es\/\">Universidad de Castilla \u2013 La Mancha<\/a> se crea en 2009 con el prop\u00f3sito inicial de profundizar en el conocimiento hidrogeol\u00f3gico de la Regi\u00f3n y transferirlo a las administraciones con responsabilidades en materia de gesti\u00f3n de los recursos h\u00eddricos.<\/p>\n<p>Actualmente, nuestro estado de conocimientos, la infraestructura disponible y el apoyo de tecnol\u00f3gico de distintos grupos que colaboran con nosotros, nos permite aprender de los sistemas (hiper-) salinos acerca de c\u00f3mo se biodegradan contaminates de origen agr\u00edcola y urbano.<\/p>\n<p><strong>Objetivos<\/strong>:<\/p>\n<ol>\n<li>Conocer c\u00f3mo afectan las extracciones de agua subterr\u00e1nea al comportamiento de sistemas acu\u00edferos conectados con aguas superficiales (r\u00edos, humedales).<\/li>\n<li>Conocer el origen, naturaleza y comportamiento de contaminantes en sistemas naturales.<\/li>\n<li>Acoplar 1 y 2 a modelos matem\u00e1ticos de flujo y transporte.<\/li>\n<li>Aplicar los conocimientos adquiridos a la mejora de la gesti\u00f3n de los recursos h\u00eddricos.<\/li>\n<\/ol>\n<p><img loading=\"lazy\" decoding=\"async\" class=\"aligncenter wp-image-568 \" src=\"https:\/\/blog.uclm.es\/grupohidrogeo\/wp-content\/uploads\/sites\/59\/2017\/11\/Manatial-Laguna_Excursion-Forestales-023-300x225.jpg\" alt=\"\" width=\"303\" height=\"229\" \/><\/p>\n","protected":false},"excerpt":{"rendered":"<p>\u00abQUEREMOS DESARROLLAR E IMPLEMENTAR TECNOLOG\u00cdAS DE REMEDIACI\u00d3N FUNDAMENTADAS EN LOS PROCESOS NATURALES A DISTINTAS ESCALAS (p.e. humedales artificales, EDARs) y CONDICIONES AMBIENTALES (salinas a hipersalinas)\u00ab. El Grupo de Hidrogeolog\u00eda de la Universidad de Castilla \u2013 La Mancha se crea en 2009 con el prop\u00f3sito inicial de profundizar en el conocimiento hidrogeol\u00f3gico de la Regi\u00f3n y &hellip; <a href=\"https:\/\/blog.uclm.es\/grupohidrogeo\/presentacion\/\" class=\"more-link\">Seguir leyendo <span class=\"screen-reader-text\">\u00bfHacia d\u00f3nde vamos?<\/span> <span class=\"meta-nav\">&rarr;<\/span><\/a><\/p>\n","protected":false},"author":201,"featured_media":0,"parent":0,"menu_order":1,"comment_status":"closed","ping_status":"closed","template":"","meta":{"footnotes":""},"class_list":["post-296","page","type-page","status-publish","hentry"],"_links":{"self":[{"href":"https:\/\/blog.uclm.es\/grupohidrogeo\/wp-json\/wp\/v2\/pages\/296","targetHints":{"allow":["GET"]}}],"collection":[{"href":"https:\/\/blog.uclm.es\/grupohidrogeo\/wp-json\/wp\/v2\/pages"}],"about":[{"href":"https:\/\/blog.uclm.es\/grupohidrogeo\/wp-json\/wp\/v2\/types\/page"}],"author":[{"embeddable":true,"href":"https:\/\/blog.uclm.es\/grupohidrogeo\/wp-json\/wp\/v2\/users\/201"}],"replies":[{"embeddable":true,"href":"https:\/\/blog.uclm.es\/grupohidrogeo\/wp-json\/wp\/v2\/comments?post=296"}],"version-history":[{"count":1,"href":"https:\/\/blog.uclm.es\/grupohidrogeo\/wp-json\/wp\/v2\/pages\/296\/revisions"}],"predecessor-version":[{"id":1779,"href":"https:\/\/blog.uclm.es\/grupohidrogeo\/wp-json\/wp\/v2\/pages\/296\/revisions\/1779"}],"wp:attachment":[{"href":"https:\/\/blog.uclm.es\/grupohidrogeo\/wp-json\/wp\/v2\/media?parent=296"}],"curies":[{"name":"wp","href":"https:\/\/api.w.org\/{rel}","templated":true}]}}