{"id":293,"date":"2017-11-25T09:48:03","date_gmt":"2017-11-25T08:48:03","guid":{"rendered":"http:\/\/blog.uclm.es\/grupohidrogeo\/?page_id=293"},"modified":"2017-11-25T09:48:03","modified_gmt":"2017-11-25T08:48:03","slug":"quienes-somos","status":"publish","type":"page","link":"https:\/\/blog.uclm.es\/grupohidrogeo\/quienes-somos\/","title":{"rendered":"\u00bfQuienes somos?"},"content":{"rendered":"<p>El <strong>Grupo de Hidrogeolog\u00eda<\/strong>, dirigido por el Dr. Juan Jos\u00e9 G\u00f3mez Alday, est\u00e1 compuesto por profesores del Departamento de Ingenier\u00eda Geol\u00f3gica y Minera, y del Departamento de Gen\u00e9tica de la UCLM. El grupo de investigaci\u00f3n realiza investigaci\u00f3n, docencia y transferencia del conocimiento a la sociedad en materia de recursos de agua. <img loading=\"lazy\" decoding=\"async\" class=\"alignnone wp-image-562 size-full\" src=\"https:\/\/blog.uclm.es\/grupohidrogeo\/wp-content\/uploads\/sites\/59\/2017\/11\/cropped-15N-018.jpg\" alt=\"\" width=\"1000\" height=\"748\" srcset=\"https:\/\/blog.uclm.es\/grupohidrogeo\/wp-content\/uploads\/sites\/59\/2017\/11\/cropped-15N-018.jpg 1000w, https:\/\/blog.uclm.es\/grupohidrogeo\/wp-content\/uploads\/sites\/59\/2017\/11\/cropped-15N-018-300x224.jpg 300w, https:\/\/blog.uclm.es\/grupohidrogeo\/wp-content\/uploads\/sites\/59\/2017\/11\/cropped-15N-018-768x574.jpg 768w\" sizes=\"auto, (max-width: 1000px) 100vw, 1000px\" \/><\/p>\n","protected":false},"excerpt":{"rendered":"<p>El Grupo de Hidrogeolog\u00eda, dirigido por el Dr. Juan Jos\u00e9 G\u00f3mez Alday, est\u00e1 compuesto por profesores del Departamento de Ingenier\u00eda Geol\u00f3gica y Minera, y del Departamento de Gen\u00e9tica de la UCLM. El grupo de investigaci\u00f3n realiza investigaci\u00f3n, docencia y transferencia del conocimiento a la sociedad en materia de recursos de agua.<\/p>\n","protected":false},"author":201,"featured_media":0,"parent":0,"menu_order":0,"comment_status":"closed","ping_status":"closed","template":"","meta":{"footnotes":""},"class_list":["post-293","page","type-page","status-publish","hentry"],"_links":{"self":[{"href":"https:\/\/blog.uclm.es\/grupohidrogeo\/wp-json\/wp\/v2\/pages\/293","targetHints":{"allow":["GET"]}}],"collection":[{"href":"https:\/\/blog.uclm.es\/grupohidrogeo\/wp-json\/wp\/v2\/pages"}],"about":[{"href":"https:\/\/blog.uclm.es\/grupohidrogeo\/wp-json\/wp\/v2\/types\/page"}],"author":[{"embeddable":true,"href":"https:\/\/blog.uclm.es\/grupohidrogeo\/wp-json\/wp\/v2\/users\/201"}],"replies":[{"embeddable":true,"href":"https:\/\/blog.uclm.es\/grupohidrogeo\/wp-json\/wp\/v2\/comments?post=293"}],"version-history":[{"count":0,"href":"https:\/\/blog.uclm.es\/grupohidrogeo\/wp-json\/wp\/v2\/pages\/293\/revisions"}],"wp:attachment":[{"href":"https:\/\/blog.uclm.es\/grupohidrogeo\/wp-json\/wp\/v2\/media?parent=293"}],"curies":[{"name":"wp","href":"https:\/\/api.w.org\/{rel}","templated":true}]}}