{"id":27,"date":"2017-02-15T17:45:51","date_gmt":"2017-02-15T16:45:51","guid":{"rendered":"http:\/\/blog.uclm.es\/grupohidrogeo\/?page_id=27"},"modified":"2017-02-15T17:45:51","modified_gmt":"2017-02-15T16:45:51","slug":"divulgacion","status":"publish","type":"page","link":"https:\/\/blog.uclm.es\/grupohidrogeo\/investigacion\/diseminacion-de-resultados\/divulgacion\/","title":{"rendered":"Divulgaci\u00f3n"},"content":{"rendered":"<p>El <strong>Grupo de Hidrogeolog\u00eda<\/strong> transfiere los resultados de la investigaci\u00f3n a la sociedad, colaborando con la Junta de Comunidades de Castilla-La Mancha y el Instituto de Estudios Albacetenses en la edici\u00f3n de distinto material divulgativo:<\/p>\n<ul>\n<li><a href=\"http:\/\/areasprotegidas.castillalamancha.es\/rap\/espacios-naturales-protegidos\/enp-reserva-natural\/reserva-natural-laguna-salada-de-petrola\">Reserva Natural: Laguna Salada de P\u00e9trola<\/a>.<\/li>\n<li><a href=\"http:\/\/www.sociedadgeologica.es\/archivos_pdf\/geolod%C3%ADa16\/carteles%20geolodia16\/gdia16cartel_albacete.pdf\">Geolod\u00eda 16: \u00bfUNA LAGUNA M\u00c1S SALADA QUE LA MAR?<\/a><\/li>\n<li><a href=\"http:\/\/agricultura.jccm.es\/inap\/archivos\/petrola_enp_fol_1.pdf\">Folleto Laguna de P\u00e9trola<\/a><\/li>\n<li><a href=\"http:\/\/blog.uclm.es\/grupohidrogeo\/files\/2017\/02\/jornadaspetrola.pdf\">Jornadas Ambientales en Petrola<\/a><\/li>\n<li><a href=\"http:\/\/www.masquealba.com\/noticias\/albacete\/item\/22627-dos-estudiantes-de-la-roda-iran-a-la-olimpiada-nacional-de-geologia.html\">Olimpiadas de Geolog\u00eda<\/a><\/li>\n<li>Geolod\u00eda 18: <a href=\"http:\/\/www.sociedadgeologica.es\/archivos_pdf\/geolodia18\/guias_geolodia18\/gdia18gui_albacete.pdf\">Letur: el agua hecha piedra<\/a><\/li>\n<li>Geolod\u00eda 17:<a href=\"http:\/\/www.sociedadgeologica.es\/archivos_pdf\/geolodia17\/carteles_geolodia17\/gdia17cartel_albacete.jpg\">Estrecho del hocino: As\u00f3mate a una garganta de 500 millones de a\u00f1os.<\/a><br \/>\nGeolod\u00eda 15: <a href=\"http:\/\/www.sociedadgeologica.es\/archivos_pdf\/geolodia15\/geogu%C3%ADas%20geolod%C3%ADa%2015\/gdia15gui_albacete.pdf\">Sinclinal Cret\u00e1cico y Mioceno Marino dePe\u00f1as de San Pedro<\/a><\/p>\n<table class=\"textoimagen\" border=\"0\" width=\"710\" cellspacing=\"1\">\n<tbody>\n<tr>\n<td valign=\"top\" bgcolor=\"#EFECE2\"><\/td>\n<\/tr>\n<\/tbody>\n<\/table>\n<p>Geolod\u00eda 14: <a href=\"http:\/\/www.sociedadgeologica.es\/archivos_pdf\/gdia14gui_albacete.pdf\">Lietor: un paseo por el Mundo hasta Los Infiernos<\/a><\/li>\n<li>Geolod\u00eda 13: <a href=\"http:\/\/www.sociedadgeologica.es\/archivos_pdf\/gdia13_albacete_trip.pdf\">Las fuentes del r\u00edo J\u00facar y su Geolog\u00eda<\/a><br \/>\n<table class=\"textoimagen\" style=\"height: 5px\" border=\"0\" width=\"576\" cellspacing=\"1\">\n<tbody>\n<tr>\n<td valign=\"top\" bgcolor=\"#EFECE2\"><\/td>\n<\/tr>\n<\/tbody>\n<\/table>\n<\/li>\n<\/ul>\n<p>&nbsp;<\/p>\n<h1 id=\"page-title\" class=\"title\"><\/h1>\n","protected":false},"excerpt":{"rendered":"<p>El Grupo de Hidrogeolog\u00eda transfiere los resultados de la investigaci\u00f3n a la sociedad, colaborando con la Junta de Comunidades de Castilla-La Mancha y el Instituto de Estudios Albacetenses en la edici\u00f3n de distinto material divulgativo: Reserva Natural: Laguna Salada de P\u00e9trola. Geolod\u00eda 16: \u00bfUNA LAGUNA M\u00c1S SALADA QUE LA MAR? Folleto Laguna de P\u00e9trola Jornadas &hellip; <a href=\"https:\/\/blog.uclm.es\/grupohidrogeo\/investigacion\/diseminacion-de-resultados\/divulgacion\/\" class=\"more-link\">Seguir leyendo <span class=\"screen-reader-text\">Divulgaci\u00f3n<\/span> <span class=\"meta-nav\">&rarr;<\/span><\/a><\/p>\n","protected":false},"author":202,"featured_media":0,"parent":134,"menu_order":6,"comment_status":"closed","ping_status":"closed","template":"","meta":{"footnotes":""},"class_list":["post-27","page","type-page","status-publish","hentry"],"_links":{"self":[{"href":"https:\/\/blog.uclm.es\/grupohidrogeo\/wp-json\/wp\/v2\/pages\/27","targetHints":{"allow":["GET"]}}],"collection":[{"href":"https:\/\/blog.uclm.es\/grupohidrogeo\/wp-json\/wp\/v2\/pages"}],"about":[{"href":"https:\/\/blog.uclm.es\/grupohidrogeo\/wp-json\/wp\/v2\/types\/page"}],"author":[{"embeddable":true,"href":"https:\/\/blog.uclm.es\/grupohidrogeo\/wp-json\/wp\/v2\/users\/202"}],"replies":[{"embeddable":true,"href":"https:\/\/blog.uclm.es\/grupohidrogeo\/wp-json\/wp\/v2\/comments?post=27"}],"version-history":[{"count":0,"href":"https:\/\/blog.uclm.es\/grupohidrogeo\/wp-json\/wp\/v2\/pages\/27\/revisions"}],"up":[{"embeddable":true,"href":"https:\/\/blog.uclm.es\/grupohidrogeo\/wp-json\/wp\/v2\/pages\/134"}],"wp:attachment":[{"href":"https:\/\/blog.uclm.es\/grupohidrogeo\/wp-json\/wp\/v2\/media?parent=27"}],"curies":[{"name":"wp","href":"https:\/\/api.w.org\/{rel}","templated":true}]}}