{"id":25,"date":"2017-12-04T15:57:18","date_gmt":"2017-12-04T14:57:18","guid":{"rendered":"http:\/\/blog.uclm.es\/grupohidrogeo\/?page_id=25"},"modified":"2017-02-15T17:45:08","modified_gmt":"2017-02-15T16:45:08","slug":"resultados","status":"publish","type":"page","link":"https:\/\/blog.uclm.es\/grupohidrogeo\/what-are-we-working-on\/dissemination-of-results\/resultados\/","title":{"rendered":"Publicaciones en revistas especializadas"},"content":{"rendered":"<ul>\n<li>Valiente, N; Jirsa, F; G\u00f3mez-Alday, JJ (2022) <span style=\"color: #ff6600\">TSaline lakes as barriers against pollution: a multidisciplinary review. <\/span><em>Limnetica<\/em>. DOI: 10.23818\/limn.41.17 Doi.org\/10.1016\/j.scitotenv.2021<\/li>\n<li>Valiente, N; Jirsa, F; Hein, T; Wanek, W; Prommer, J; Bonin, P; Gomez-Alday, JJ (2021) <span style=\"color: #ff6600\">The role of coupled DNRA-Anammox during nitrate removal in a highly saline lake.\u00a0<\/span> <em>Science of the Total Environmen<\/em>t. Doi.org\/10.1016\/j.scitotenv.2021<\/li>\n<li>Gomez-Alday, JJ; Hussein, S; Arman, H; Alshamsi, D; Murad, A; Elhaj, K; Aldahan, Ala (2021) <span style=\"color: #ff6600\">A multi-isotopic evaluation of groundwater in a rapidly developing area and implications for water management in hyper-arid regions.\u00a0<\/span> <em>Science of the Total Environmen<\/em>t. Doi.org\/10.1016\/j.scitotenv.2021<\/li>\n<li>Esp\u00edn, Y; Menchen, A; Moreno, JL; Sanz, D; Alvarez-Orti, M; Fernandez, JA; Gomez-Alday, JJ (2021) <span style=\"color: #ff6600\">Water and Sediment Bacterial Communities in a Small Mediterranean, Oxygen-Stratified, Saline Lake (Lake Alboraj, SE Spain).\u00a0<\/span> <em>Applied Sciences<\/em>. https:\/\/doi.org\/10.3390\/app11146309<\/li>\n<li>Valiente, N.,\u00a0 Gil-marquez, J.M., G\u00f3mez-Alday, J. J. &amp; Andreo, B. (2020) <span style=\"color: #ff6600\">Unraveling groundwater functioning and nitrate attenuation in evaporitic karst systems from southern Spain: An isotopic approach<\/span>. <em>Applied Geochemistry<\/em>. doi.org\/10.1016\/j.apgeochem.2020.104820<\/li>\n<li>Dountcheva, I.; Sanz, D., Cassiraga, E.,\u00a0 Galabov, V., Gomez-Alday, JJ (2020) <span style=\"color: #ff6600\">Identifying non-stationary and long-term river\u2013aquifer interactions as a response to large climatic<\/span><br \/>\n<span style=\"color: #ff6600\">patterns and anthropogenic pressures using wavelet analysis (Mancha Oriental Aquifer, Spain).<\/span> <em>Hydrological Processes.<\/em> doi.org\/10.1002\/hyp.13934<\/li>\n<li><span style=\"color: #000000\">Mench\u00e9n, A.; Esp\u00edn, Y.; Valiente, N.; Toledo, B.; \u00c1lvarez-Ort\u00ed, M.; G\u00f3mez-Alday, J.J. (2020) <span style=\"color: #ff6600\">Distribution of endocrine disruptor chemicals and bacteria in saline P\u00e9trola Lake (Albacete, SE Spain) protected area is strongly linked to land use.\u00a0<\/span> <em>Applied Sciences<\/em>. https:\/\/doi.org\/10.3390\/app10114017<\/span><\/li>\n<li><span style=\"color: #000080\"><span style=\"color: #000000\">Esp\u00edn, Y.; Aranzulla, G.; \u00c1lvarez-Ort\u00ed, M.; G\u00f3mez-Alday, J.J. (2020)<\/span> <span style=\"color: #ff6600\">Microbial Community and Atrazine-Degrading Genetic Potential in Deep Zones of a Hypersaline Lake-<\/span><br \/>\n<span style=\"color: #ff6600\">Aquifer System<\/span>.<\/span><span style=\"color: #000080\"> <span style=\"color: #000000\"><em>Applied Sciences<\/em>.<i> doi.org\/10.3390\/app10207111<\/i><\/span><\/span><\/li>\n<li>Valiente, N.,\u00a0 G\u00f3mez-Alday, J. J. &amp; Jirsa, F. (2019). <span style=\"color: #ff6600\">Spectrophotometric determination of nitrate in hypersaline waters after optimization based on the Box-Behnken design.\u00a0<\/span> <i>Microchemical Journal<\/i>. Doi: 10.1016\/j.scitotenv.2021.150245<\/li>\n<li>Sanz, D., Vos, J., Rambags, F., Hoogesteger, J., Cassiraga, E., &amp; G\u00f3mez-Alday, J. J. (2018). <span style=\"color: #ff6600\">The social construction and consequences of groundwater modelling: insight from the Mancha Oriental aquifer, Spain.\u00a0<\/span><i>International Journal of Water Resources Development<\/i>, 1-22.<\/li>\n<li>Valiente, N.; Carrey, R.; Otero, N.; Soler, A.; Sanz, D.; Mu\u00f1oz-Martin, A.; Jirsa, F.; Wanek, W.; G\u00f3mez-Alday, J.J. <span id=\"articleTitle\" class=\"els-display-text\">(2018) <span style=\"color: #ff6600\">A multi-isotopic approach to investigate the influence of land use on nitrate removal in a highly saline lake-aquifer system<\/span><\/span><span style=\"color: #000000\">. Science of the Total Environment, 631-632, pp. 649-659<br \/>\n<\/span><\/li>\n<li>Valiente, N., Carrey, R., Otero, N., Guti\u00e9rrez-Villanueva, M.A., Soler, A., Sanz, D., Casta\u00f1o, S., G\u00f3mez-Alday, J.J. (2017) <span style=\"color: #ff6600\">Tracing sulfate recycling in the hypersaline P\u00e9trola Lake (SE Spain): A combined isotopic and microbiological approach<\/span>. Chemical Geology, 473, Pp. 74-89 2.<\/li>\n<li>Mench\u00e9n, A., De las Heras, J. &amp; G\u00f3mez-Alday, J.J. (2017). <span style=\"color: #ff6600\">Pesticide contamination in groundwater bodies in the Jucar River European Union Pilot Basin (SE Spain).<\/span> Environmental Monitoring and Assessment. 189. 10.1007\/s10661-017-5827-4 3.<\/li>\n<li>Sanz, D., Calera, A., Casta\u00f1o, S., &amp; G\u00f3mez-Alday, J.J. (2016). <span style=\"color: #ff6600\">Knowledge, participation, and transparency in groundwater management<\/span>. Water Policy, 18 (1), pp. 111-126. 4.<\/li>\n<li>G\u00f3mez-Alday, J.J., (y otros 11 autores) (2014) <span style=\"color: #ff6600\">Denitrification in a hypersaline lake\u2013aquifer system (P\u00e9trola Basin, Central Spain): The role of recent organic matter and Cretaceous organic rich sediments<\/span>. Science of the Total Environment. 497\u2013498, 594\u2013606 5.<\/li>\n<li>Carrey, R., P. Rodr\u00edguez-Escales, N. Otero, C. Ayora, A. Soler, G\u00f3mez-Alday, J.J. (2014b) <span style=\"color: #ff6600\">Nitrate attenuation potential of organic sediments in a hyper-saline lake environment (Central Spain): Flow-through and batch experiments<\/span>. Journal of Contaminant Hydrology. 164, 323-337 6.<\/li>\n<li>Carrey, R., Otero, N., Vidal, G., Ayora, C., Soler, A., G\u00f3mez-Alday, J.J. (2014a) <span style=\"color: #ff6600\">Induced Nitrate Attenuation by Glucose in Groundwater: Flow-Through Experiment<\/span>. Chemical Geology. 370C, 19-28 7.<\/li>\n<li>Carrey, R., Otero, N., Soler, A., G\u00f3mez-Alday, J.J., Ayora, C. (2013) <span style=\"color: #ff6600\">The role of lower cretaceous sediments in groundwater nitrate attenuation in Central Spain: column experiments<\/span>. Applied Geochemistry. 32, 142-152 8.<\/li>\n<li>Kroll, S.A., Ringler, N.H., De las Heras, J., Gomez-Alday, J.J., Moratalla, A.\u00a0 Briggs, R. (2013) <span style=\"color: #ff6600\">Analysis of anthropogenic pressures in the Segura Watershed (SE Spain), with focus on inter-basin transfer<\/span>. Ecohydrology. 6, 878-888 9.<\/li>\n<li>Casta\u00f1o, S., Sanz, D., G\u00f3mez-Alday, J.J. (2013) <span style=\"color: #ff6600\">Sensitivity of a groundwater flow model to both climatic variations and management scenarios in a semi-arid region of SE Spain<\/span>. Water Resources Management. 27 (7), 2089-2011 10.<\/li>\n<li>Moratalla, A., G\u00f3mez-Alday, J.J., Sanz, D., Casta\u00f1o, S. &amp; De las Heras, J. (2011) <span style=\"color: #ff6600\">Evaluation of a GIS based integrated vulnerability risk assessment for the Mancha Oriental System (SE Spain)<\/span>. 25, 3677-3679 11.<\/li>\n<li>Sanz, D., Casta\u00f1o, S., Cassiraga, E., Sahuquillo, A., G\u00f3mez-Alday, J.J., Pe\u00f1a, S., Calera, A. (2011): <span style=\"color: #ff6600\">Modeling aquifer-river interactions under the influence of groundwater abstractions in the Mancha Oriental System<\/span>. Hydrogeology Journal. 19, 475- 487 12.<\/li>\n<li>Sanz, D., G\u00f3mez-Alday, J.J., Casta\u00f1o, S. Moratalla, A. De las Heras, J., Mart\u00ednez-Alfaro, P.E. (2009) <span style=\"color: #ff6600\">Hydrostratigraphic framework and hydrogeological behaviour of the Mancha Oriental System (SE Spain)<\/span>. Hydrogeology Journal. 17, 1375-1391 13.<\/li>\n<li>Moratalla, A., G\u00f3mez-Alday, J.J., De las Heras, J., Sanz, D. &amp; Casta\u00f1o, S. (2009) <span style=\"color: #ff6600\">Nitrate in the Water-Supply Wells in the Mancha Oriental Hydrogeological System<\/span> (SE Spain). Water Resources Management. 23, 1621-1640<\/li>\n<\/ul>\n","protected":false},"excerpt":{"rendered":"<p>Valiente, N; Jirsa, F; G\u00f3mez-Alday, JJ (2022) TSaline lakes as barriers against pollution: a multidisciplinary review. Limnetica. DOI: 10.23818\/limn.41.17 Doi.org\/10.1016\/j.scitotenv.2021 Valiente, N; Jirsa, F; Hein, T; Wanek, W; Prommer, J; Bonin, P; Gomez-Alday, JJ (2021) The role of coupled DNRA-Anammox during nitrate removal in a highly saline lake.\u00a0 Science of the Total Environment. Doi.org\/10.1016\/j.scitotenv.2021 Gomez-Alday, &hellip; <a href=\"https:\/\/blog.uclm.es\/grupohidrogeo\/what-are-we-working-on\/dissemination-of-results\/resultados\/\" class=\"more-link\">Seguir leyendo <span class=\"screen-reader-text\">Publicaciones en revistas especializadas<\/span> <span class=\"meta-nav\">&rarr;<\/span><\/a><\/p>\n","protected":false},"author":202,"featured_media":0,"parent":995,"menu_order":2,"comment_status":"closed","ping_status":"closed","template":"","meta":{"footnotes":""},"class_list":["post-25","page","type-page","status-publish","hentry"],"_links":{"self":[{"href":"https:\/\/blog.uclm.es\/grupohidrogeo\/wp-json\/wp\/v2\/pages\/25","targetHints":{"allow":["GET"]}}],"collection":[{"href":"https:\/\/blog.uclm.es\/grupohidrogeo\/wp-json\/wp\/v2\/pages"}],"about":[{"href":"https:\/\/blog.uclm.es\/grupohidrogeo\/wp-json\/wp\/v2\/types\/page"}],"author":[{"embeddable":true,"href":"https:\/\/blog.uclm.es\/grupohidrogeo\/wp-json\/wp\/v2\/users\/202"}],"replies":[{"embeddable":true,"href":"https:\/\/blog.uclm.es\/grupohidrogeo\/wp-json\/wp\/v2\/comments?post=25"}],"version-history":[{"count":0,"href":"https:\/\/blog.uclm.es\/grupohidrogeo\/wp-json\/wp\/v2\/pages\/25\/revisions"}],"up":[{"embeddable":true,"href":"https:\/\/blog.uclm.es\/grupohidrogeo\/wp-json\/wp\/v2\/pages\/995"}],"wp:attachment":[{"href":"https:\/\/blog.uclm.es\/grupohidrogeo\/wp-json\/wp\/v2\/media?parent=25"}],"curies":[{"name":"wp","href":"https:\/\/api.w.org\/{rel}","templated":true}]}}