{"id":203,"date":"2017-12-04T16:13:21","date_gmt":"2017-12-04T15:13:21","guid":{"rendered":"http:\/\/blog.uclm.es\/grupohidrogeo\/?page_id=203"},"modified":"2017-11-23T12:24:23","modified_gmt":"2017-11-23T11:24:23","slug":"conferencias-impartidas","status":"publish","type":"page","link":"https:\/\/blog.uclm.es\/grupohidrogeo\/what-are-we-working-on\/dissemination-of-results\/conferencias-impartidas\/","title":{"rendered":"Conferencias impartidas"},"content":{"rendered":"<ul>\n<li>Sanz, D. (2018)<span style=\"color: #ff9900\"> Hidrogeolog\u00eda: Interacci\u00f3n aguas superficiales aguas subterr\u00e1neas. Aspectos t\u00e9cnicos de sondeos.<\/span> Consejer\u00eda de Agricultura, Medio Ambiente y Desarrollo Rural. Albacete.<\/li>\n<li>Sanz, D. (2018) <span style=\"color: #ff9900\">Puesta en valor del patrimonio geol\u00f3gico de Albacete.<\/span> I Jornadas geol\u00f3gicas de Albacete. Instituto de estudios Albacetenses.<\/li>\n<li>Sanz, D. (2017) <span style=\"color: #ff9900\">T\u00e9cnicas de teledetecci\u00f3n y Sistemas de Informaci\u00f3n Geogr\u00e1fica aplicadas a la gesti\u00f3n integral de acu\u00edferos: el caso de la Mancha Oriental. <\/span>III Jornadas Cient\u00edficas del CEACTierra. Universidad de Ja\u00e9n.<\/li>\n<li>G\u00f3mez-Alday, J.J. (2016) Lecture: <span style=\"color: #ff9900\">Irrigation return flows and hydrothermalism. Impact on groundwater quality. <\/span>College of Science. United Arab Emirates University. Al Ain.<\/li>\n<li>G\u00f3mez-Alday, J.J. (2016) <span style=\"color: #ff9900\">Ponencia marco: Humedales salinos de Albacete. La Laguna de P\u00e9trola.<\/span> BLOQUE 1: Geodiversidad y patrimonio geol\u00f3gico. Albacete. 5 de octubre de 2016.<\/li>\n<li>G\u00f3mez-Alday, J.J. (2015) <span style=\"color: #ff9900\">Humedales en zonas continentales \u00e1ridas y semi\u00e1ridas: Lagos salados (Wetlands in arid and semiarid zones: saline lakes)<\/span>. Institut Catal\u00e0 de Recerca de l&#8217;Aigua- ICRA- (Girona).<\/li>\n<li>Sanz, D. (2015). <span style=\"color: #ff9900\">Groundwater abstractions and aquifer-river interaction in the Mancha Oriental Aquifer. (J\u00facar River Basin, SE Spain).<\/span> Kansas Geological Survey (Lawrence, KS-USA).<\/li>\n<li>G\u00f3mez-Alday, J.J. (2013) <span style=\"color: #ff9900\">Water Quality<\/span>. Taller de Energ\u00eda Geot\u00e9rmica. Instituto Nacional de Preinversi\u00f3n, Corporaci\u00f3n El\u00e9ctrica de Ecuador, Compa\u00f1\u00eda General de Ingenier\u00eda y Sondeos. Quito, Ecuador.<\/li>\n<li>Sanz, D. (2012) <span style=\"color: #ff9900\">Metodolog\u00eda para cuantificar extracciones de agua subterr\u00e1nea para agricultura mediante teledetecci\u00f3n y sistemas de informaci\u00f3n geogr\u00e1fica.<\/span> Seminarios del Master en Ingenier\u00eda Hidr\u00e1ulica y Medio Ambiente. Universitat Polit\u00e9cnica de Valencia.<\/li>\n<li>\n<div>G\u00f3mez-Alday, J.J. (2012) <span style=\"color: #ff9900\">Tracing the fate of pollutants: sources and attenuation processes.<\/span> College of Science. United Arab Emirates University. Al Ain.<\/div>\n<\/li>\n<li>G\u00f3mez-Alday, J.J. (2011) <span style=\"color: #ff9900\">Applied hydrochemistry to areas of high exploitation of groundwater resources.<\/span> Master of Earth Sciences. Department of Geology. Science School. University of Salamanca. Salamanca, Spain.<\/li>\n<li>G\u00f3mez-Alday, J.J. (2011) <span style=\"color: #ff9900\">La contaminaci\u00f3n de las aguas subterr\u00e1neas en el Dominio El Salobral-Los Llanos (SE Espa\u00f1ol).<\/span> Master of Earth Sciences. Department of Geology. Science School. University of Salamanca. Salamanca, Spain.<\/li>\n<li>G\u00f3mez-Alday, J.J. (2011) <span style=\"color: #ff9900\">Laguna de P\u00e9trola: \u00bfConoces sus valores?<\/span>. Jornadas Medioambientales. P\u00e9trola (Albacete). Junta de Comunidades de<br \/>\nCastilla-La Mancha.<\/li>\n<\/ul>\n","protected":false},"excerpt":{"rendered":"<p>Sanz, D. (2018) Hidrogeolog\u00eda: Interacci\u00f3n aguas superficiales aguas subterr\u00e1neas. Aspectos t\u00e9cnicos de sondeos. Consejer\u00eda de Agricultura, Medio Ambiente y Desarrollo Rural. Albacete. Sanz, D. (2018) Puesta en valor del patrimonio geol\u00f3gico de Albacete. I Jornadas geol\u00f3gicas de Albacete. Instituto de estudios Albacetenses. Sanz, D. (2017) T\u00e9cnicas de teledetecci\u00f3n y Sistemas de Informaci\u00f3n Geogr\u00e1fica aplicadas a &hellip; <a href=\"https:\/\/blog.uclm.es\/grupohidrogeo\/what-are-we-working-on\/dissemination-of-results\/conferencias-impartidas\/\" class=\"more-link\">Seguir leyendo <span class=\"screen-reader-text\">Conferencias impartidas<\/span> <span class=\"meta-nav\">&rarr;<\/span><\/a><\/p>\n","protected":false},"author":201,"featured_media":0,"parent":995,"menu_order":6,"comment_status":"closed","ping_status":"closed","template":"","meta":{"footnotes":""},"class_list":["post-203","page","type-page","status-publish","hentry"],"_links":{"self":[{"href":"https:\/\/blog.uclm.es\/grupohidrogeo\/wp-json\/wp\/v2\/pages\/203","targetHints":{"allow":["GET"]}}],"collection":[{"href":"https:\/\/blog.uclm.es\/grupohidrogeo\/wp-json\/wp\/v2\/pages"}],"about":[{"href":"https:\/\/blog.uclm.es\/grupohidrogeo\/wp-json\/wp\/v2\/types\/page"}],"author":[{"embeddable":true,"href":"https:\/\/blog.uclm.es\/grupohidrogeo\/wp-json\/wp\/v2\/users\/201"}],"replies":[{"embeddable":true,"href":"https:\/\/blog.uclm.es\/grupohidrogeo\/wp-json\/wp\/v2\/comments?post=203"}],"version-history":[{"count":0,"href":"https:\/\/blog.uclm.es\/grupohidrogeo\/wp-json\/wp\/v2\/pages\/203\/revisions"}],"up":[{"embeddable":true,"href":"https:\/\/blog.uclm.es\/grupohidrogeo\/wp-json\/wp\/v2\/pages\/995"}],"wp:attachment":[{"href":"https:\/\/blog.uclm.es\/grupohidrogeo\/wp-json\/wp\/v2\/media?parent=203"}],"curies":[{"name":"wp","href":"https:\/\/api.w.org\/{rel}","templated":true}]}}