{"id":166,"date":"2017-11-22T14:48:52","date_gmt":"2017-11-22T13:48:52","guid":{"rendered":"http:\/\/blog.uclm.es\/grupohidrogeo\/?page_id=166"},"modified":"2022-11-04T10:14:41","modified_gmt":"2022-11-04T09:14:41","slug":"trabajos-de-fin-de-master","status":"publish","type":"page","link":"https:\/\/blog.uclm.es\/grupohidrogeo\/investigacion\/diseminacion-de-resultados\/trabajos-de-fin-de-master\/","title":{"rendered":"Trabajos de Fin de M\u00e1ster"},"content":{"rendered":"\nT\u00edtulo del trabajo: <span style=\"color: #ff9900\">Din\u00e1mica del sulfato en un sistema hipersalino eutr\u00f3fico: la Laguna de P\u00e9trola (Albacete)<\/span>\nEntidad de realizaci\u00f3n: Universidad de Castilla-La Mancha\/Universidad de Huelva\nAlumno\/a: Manuel Mart\u00edn Paramio\nFecha de defensa: 2016\nT\u00edtulo del trabajo: <span style=\"color: #ff9900\">Characterization of pesticide contamination in groundwater bodies in the J\u00facar River Basin. Period 2010-2013<\/span>\nEntidad de realizaci\u00f3n: Universidad de Castilla-La Mancha\nAlumno\/a: Alfonso Mench\u00e9n Garc\u00eda\nFecha de defensa: 2015\nT\u00edtulo del trabajo: <span style=\"color: #ff9900\">Estudio de la movilidad del Rubidio en el entorno de la Laguna de P\u00e9trola (SE, Albacete)<\/span>\nEntidad de realizaci\u00f3n: Universidad de Castilla-La Mancha\nAlumno\/a: Virginia Moreno Garc\u00eda\nFecha de defensa: 2014\nT\u00edtulo del trabajo: <span style=\"color: #ff9900\">Hydrochemical characterization and nitrate pollution in the P\u00e9trola Lake saline system<\/span>\nEntidad de realizaci\u00f3n: Universidad de Almer\u00eda\/Universidad de Castilla-La Mancha\nAlumno\/a: Arturo Cortijo Simarro\nFecha de defensa: 2012\n","protected":false},"excerpt":{"rendered":"<p>T\u00edtulo del trabajo: Din\u00e1mica del sulfato en un sistema hipersalino eutr\u00f3fico: la Laguna de P\u00e9trola (Albacete) Entidad de realizaci\u00f3n: Universidad de Castilla-La Mancha\/Universidad de Huelva Alumno\/a: Manuel Mart\u00edn Paramio Fecha de defensa: 2016 T\u00edtulo del trabajo: Characterization of pesticide contamination in groundwater bodies in the J\u00facar River Basin. Period 2010-2013 Entidad de realizaci\u00f3n: Universidad de &hellip; <a href=\"https:\/\/blog.uclm.es\/grupohidrogeo\/investigacion\/diseminacion-de-resultados\/trabajos-de-fin-de-master\/\" class=\"more-link\">Seguir leyendo <span class=\"screen-reader-text\">Trabajos de Fin de M\u00e1ster<\/span> <span class=\"meta-nav\">&rarr;<\/span><\/a><\/p>\n","protected":false},"author":201,"featured_media":0,"parent":134,"menu_order":5,"comment_status":"closed","ping_status":"closed","template":"","meta":{"footnotes":""},"class_list":["post-166","page","type-page","status-publish","hentry"],"_links":{"self":[{"href":"https:\/\/blog.uclm.es\/grupohidrogeo\/wp-json\/wp\/v2\/pages\/166","targetHints":{"allow":["GET"]}}],"collection":[{"href":"https:\/\/blog.uclm.es\/grupohidrogeo\/wp-json\/wp\/v2\/pages"}],"about":[{"href":"https:\/\/blog.uclm.es\/grupohidrogeo\/wp-json\/wp\/v2\/types\/page"}],"author":[{"embeddable":true,"href":"https:\/\/blog.uclm.es\/grupohidrogeo\/wp-json\/wp\/v2\/users\/201"}],"replies":[{"embeddable":true,"href":"https:\/\/blog.uclm.es\/grupohidrogeo\/wp-json\/wp\/v2\/comments?post=166"}],"version-history":[{"count":1,"href":"https:\/\/blog.uclm.es\/grupohidrogeo\/wp-json\/wp\/v2\/pages\/166\/revisions"}],"predecessor-version":[{"id":1781,"href":"https:\/\/blog.uclm.es\/grupohidrogeo\/wp-json\/wp\/v2\/pages\/166\/revisions\/1781"}],"up":[{"embeddable":true,"href":"https:\/\/blog.uclm.es\/grupohidrogeo\/wp-json\/wp\/v2\/pages\/134"}],"wp:attachment":[{"href":"https:\/\/blog.uclm.es\/grupohidrogeo\/wp-json\/wp\/v2\/media?parent=166"}],"curies":[{"name":"wp","href":"https:\/\/api.w.org\/{rel}","templated":true}]}}