{"id":1567,"date":"2019-11-07T11:34:57","date_gmt":"2019-11-07T10:34:57","guid":{"rendered":"http:\/\/blog.uclm.es\/grupohidrogeo\/?page_id=1567"},"modified":"2022-11-04T10:10:24","modified_gmt":"2022-11-04T09:10:24","slug":"actividades","status":"publish","type":"page","link":"https:\/\/blog.uclm.es\/grupohidrogeo\/actividades\/","title":{"rendered":"ACTIVIDADES"},"content":{"rendered":"\n<blockquote class=\"wp-block-quote is-layout-flow wp-block-quote-is-layout-flow\"><p><strong>6\/11\/2019<\/strong><\/p><p><strong>Semana de la Ciencia<\/strong>\u00a0<\/p><\/blockquote>\n\n\n\n<p>Encuadrada dentro de las actividades promovidas por la UCLM en la Semana de la Ciencia, hemos realizado una visita al IESO Cinxela, en Chinchilla (Albacete). En esta visita, un grupo de alumnos de 4\u00ba de ESO han aprendido c\u00f3mo se realiza la identificaci\u00f3n, mediante an\u00e1lisis de ADN, de bacterias que habitan en medios extremos, en este caso de elevada salinidad y bajo la influencia de numerosas fuentes de contaminaci\u00f3n.<\/p>\n\n\n\n<div class=\"wp-block-columns is-layout-flex wp-container-core-columns-is-layout-9d6595d7 wp-block-columns-is-layout-flex\">\n<div class=\"wp-block-column is-layout-flow wp-block-column-is-layout-flow\">\n<figure class=\"wp-block-image size-large\"><img loading=\"lazy\" decoding=\"async\" width=\"1024\" height=\"576\" src=\"https:\/\/blog.uclm.es\/grupohidrogeo\/wp-content\/uploads\/sites\/59\/2019\/11\/SemanaCiencia1-1024x576.jpg\" alt=\"\" class=\"wp-image-1573\" srcset=\"https:\/\/blog.uclm.es\/grupohidrogeo\/wp-content\/uploads\/sites\/59\/2019\/11\/SemanaCiencia1-1024x576.jpg 1024w, https:\/\/blog.uclm.es\/grupohidrogeo\/wp-content\/uploads\/sites\/59\/2019\/11\/SemanaCiencia1-300x169.jpg 300w, https:\/\/blog.uclm.es\/grupohidrogeo\/wp-content\/uploads\/sites\/59\/2019\/11\/SemanaCiencia1-768x432.jpg 768w, https:\/\/blog.uclm.es\/grupohidrogeo\/wp-content\/uploads\/sites\/59\/2019\/11\/SemanaCiencia1-1536x864.jpg 1536w, https:\/\/blog.uclm.es\/grupohidrogeo\/wp-content\/uploads\/sites\/59\/2019\/11\/SemanaCiencia1-2048x1152.jpg 2048w\" sizes=\"auto, (max-width: 1024px) 100vw, 1024px\" \/><\/figure>\n<\/div>\n\n\n\n<div class=\"wp-block-column is-layout-flow wp-block-column-is-layout-flow\">\n<p>Los alumnos han podido ver el ADN de las bacterias que se encuentran presentes en los sedimentos de la laguna de P\u00e9trola, as\u00ed como algunas bacterias aisladas del agua subterr\u00e1nea y aprender c\u00f3mo ciertos microorganismos pueden sobrevivir en medios hostiles y ayudar en la lucha contra la atenuaci\u00f3n de contaminantes.<\/p>\n<\/div>\n<\/div>\n\n\n\n<p>El objetivo de la charla consisti\u00f3 en explicar c\u00f3mo se realiza la b\u00fasqueda de bacterias que puedan participar en procesos de biorremediaci\u00f3n, lo que estamos realizando mediante los proyectos que llevamos a cabo en la actualidad.<\/p>\n\n\n\n<figure class=\"wp-block-image size-large\"><img loading=\"lazy\" decoding=\"async\" width=\"1024\" height=\"576\" src=\"https:\/\/blog.uclm.es\/grupohidrogeo\/wp-content\/uploads\/sites\/59\/2019\/11\/SemanaCiencia2-1024x576.jpg\" alt=\"\" class=\"wp-image-1575\" srcset=\"https:\/\/blog.uclm.es\/grupohidrogeo\/wp-content\/uploads\/sites\/59\/2019\/11\/SemanaCiencia2-1024x576.jpg 1024w, https:\/\/blog.uclm.es\/grupohidrogeo\/wp-content\/uploads\/sites\/59\/2019\/11\/SemanaCiencia2-300x169.jpg 300w, https:\/\/blog.uclm.es\/grupohidrogeo\/wp-content\/uploads\/sites\/59\/2019\/11\/SemanaCiencia2-768x432.jpg 768w, https:\/\/blog.uclm.es\/grupohidrogeo\/wp-content\/uploads\/sites\/59\/2019\/11\/SemanaCiencia2-1536x864.jpg 1536w, https:\/\/blog.uclm.es\/grupohidrogeo\/wp-content\/uploads\/sites\/59\/2019\/11\/SemanaCiencia2-2048x1152.jpg 2048w\" sizes=\"auto, (max-width: 1024px) 100vw, 1024px\" \/><\/figure>\n\n\n\n<p>Your content goes here. Edit or remove this text inline or in the module Content settings. You can also style every aspect of this content in the module Design settings and even apply custom CSS to this text in the module Advanced settings.<\/p>\n","protected":false},"excerpt":{"rendered":"<p>6\/11\/2019 Semana de la Ciencia\u00a0 Encuadrada dentro de las actividades promovidas por la UCLM en la Semana de la Ciencia, hemos realizado una visita al IESO Cinxela, en Chinchilla (Albacete). En esta visita, un grupo de alumnos de 4\u00ba de ESO han aprendido c\u00f3mo se realiza la identificaci\u00f3n, mediante an\u00e1lisis de ADN, de bacterias que &hellip; <a href=\"https:\/\/blog.uclm.es\/grupohidrogeo\/actividades\/\" class=\"more-link\">Seguir leyendo <span class=\"screen-reader-text\">ACTIVIDADES<\/span> <span class=\"meta-nav\">&rarr;<\/span><\/a><\/p>\n","protected":false},"author":203,"featured_media":0,"parent":0,"menu_order":0,"comment_status":"closed","ping_status":"closed","template":"","meta":{"footnotes":""},"class_list":["post-1567","page","type-page","status-publish","hentry"],"_links":{"self":[{"href":"https:\/\/blog.uclm.es\/grupohidrogeo\/wp-json\/wp\/v2\/pages\/1567","targetHints":{"allow":["GET"]}}],"collection":[{"href":"https:\/\/blog.uclm.es\/grupohidrogeo\/wp-json\/wp\/v2\/pages"}],"about":[{"href":"https:\/\/blog.uclm.es\/grupohidrogeo\/wp-json\/wp\/v2\/types\/page"}],"author":[{"embeddable":true,"href":"https:\/\/blog.uclm.es\/grupohidrogeo\/wp-json\/wp\/v2\/users\/203"}],"replies":[{"embeddable":true,"href":"https:\/\/blog.uclm.es\/grupohidrogeo\/wp-json\/wp\/v2\/comments?post=1567"}],"version-history":[{"count":1,"href":"https:\/\/blog.uclm.es\/grupohidrogeo\/wp-json\/wp\/v2\/pages\/1567\/revisions"}],"predecessor-version":[{"id":1778,"href":"https:\/\/blog.uclm.es\/grupohidrogeo\/wp-json\/wp\/v2\/pages\/1567\/revisions\/1778"}],"wp:attachment":[{"href":"https:\/\/blog.uclm.es\/grupohidrogeo\/wp-json\/wp\/v2\/media?parent=1567"}],"curies":[{"name":"wp","href":"https:\/\/api.w.org\/{rel}","templated":true}]}}