{"id":151,"date":"2017-12-04T16:07:57","date_gmt":"2017-12-04T15:07:57","guid":{"rendered":"http:\/\/blog.uclm.es\/grupohidrogeo\/?page_id=151"},"modified":"2022-11-04T10:16:37","modified_gmt":"2022-11-04T09:16:37","slug":"localizacion","status":"publish","type":"page","link":"https:\/\/blog.uclm.es\/grupohidrogeo\/localizacion\/","title":{"rendered":"\u00bfD\u00f3nde estamos?"},"content":{"rendered":"<p>El <strong>Grupo de Hidrogeolog\u00eda<\/strong> desarrolla su actividad en el <a href=\"http:\/\/www.idr-ab.uclm.es\/idr2016\/es\/\">IDR<\/a>, donde posee un <a href=\"http:\/\/www.idr-ab.uclm.es\/idr2016\/es\/\">Laboratorio <\/a>equipado para an\u00e1lisis de aguas y microbiologico (ver secci\u00f3n de <a href=\"http:\/\/blog.uclm.es\/grupohidrogeo\/equipamiento\/\">Equipamiento<\/a>).<\/p>\n<p><img loading=\"lazy\" decoding=\"async\" class=\"alignnone wp-image-613 size-large\" src=\"https:\/\/blog.uclm.es\/grupohidrogeo\/wp-content\/uploads\/sites\/59\/2017\/11\/IDR2007-001-1024x766.jpg\" alt=\"\" width=\"525\" height=\"393\" srcset=\"https:\/\/blog.uclm.es\/grupohidrogeo\/wp-content\/uploads\/sites\/59\/2017\/11\/IDR2007-001-1024x766.jpg 1024w, https:\/\/blog.uclm.es\/grupohidrogeo\/wp-content\/uploads\/sites\/59\/2017\/11\/IDR2007-001-300x225.jpg 300w, https:\/\/blog.uclm.es\/grupohidrogeo\/wp-content\/uploads\/sites\/59\/2017\/11\/IDR2007-001-768x575.jpg 768w, https:\/\/blog.uclm.es\/grupohidrogeo\/wp-content\/uploads\/sites\/59\/2017\/11\/IDR2007-001-1536x1150.jpg 1536w, https:\/\/blog.uclm.es\/grupohidrogeo\/wp-content\/uploads\/sites\/59\/2017\/11\/IDR2007-001-2048x1533.jpg 2048w\" sizes=\"auto, (max-width: 525px) 100vw, 525px\" \/><\/p>\n","protected":false},"excerpt":{"rendered":"<p>El Grupo de Hidrogeolog\u00eda desarrolla su actividad en el IDR, donde posee un Laboratorio equipado para an\u00e1lisis de aguas y microbiologico (ver secci\u00f3n de Equipamiento).<\/p>\n","protected":false},"author":201,"featured_media":0,"parent":0,"menu_order":9,"comment_status":"closed","ping_status":"closed","template":"","meta":{"footnotes":""},"class_list":["post-151","page","type-page","status-publish","hentry"],"_links":{"self":[{"href":"https:\/\/blog.uclm.es\/grupohidrogeo\/wp-json\/wp\/v2\/pages\/151","targetHints":{"allow":["GET"]}}],"collection":[{"href":"https:\/\/blog.uclm.es\/grupohidrogeo\/wp-json\/wp\/v2\/pages"}],"about":[{"href":"https:\/\/blog.uclm.es\/grupohidrogeo\/wp-json\/wp\/v2\/types\/page"}],"author":[{"embeddable":true,"href":"https:\/\/blog.uclm.es\/grupohidrogeo\/wp-json\/wp\/v2\/users\/201"}],"replies":[{"embeddable":true,"href":"https:\/\/blog.uclm.es\/grupohidrogeo\/wp-json\/wp\/v2\/comments?post=151"}],"version-history":[{"count":1,"href":"https:\/\/blog.uclm.es\/grupohidrogeo\/wp-json\/wp\/v2\/pages\/151\/revisions"}],"predecessor-version":[{"id":1782,"href":"https:\/\/blog.uclm.es\/grupohidrogeo\/wp-json\/wp\/v2\/pages\/151\/revisions\/1782"}],"wp:attachment":[{"href":"https:\/\/blog.uclm.es\/grupohidrogeo\/wp-json\/wp\/v2\/media?parent=151"}],"curies":[{"name":"wp","href":"https:\/\/api.w.org\/{rel}","templated":true}]}}