{"id":144,"date":"2017-11-22T14:27:46","date_gmt":"2017-11-22T13:27:46","guid":{"rendered":"http:\/\/blog.uclm.es\/grupohidrogeo\/?page_id=144"},"modified":"2022-11-04T10:12:49","modified_gmt":"2022-11-04T09:12:49","slug":"proyectos-no-competitivos","status":"publish","type":"page","link":"https:\/\/blog.uclm.es\/grupohidrogeo\/investigacion\/proyectos\/proyectos-no-competitivos\/","title":{"rendered":"Contratos"},"content":{"rendered":"<p><strong>Ref<\/strong>.: Referencia\/\/<strong>TP<\/strong>: T\u00edtulo del proyecto\/\/<strong>EF<\/strong>: Entidad financiadora<\/p>\n<p><span style=\"font-size: 10.0pt\">TP: <span style=\"color: #ff9900\">Caracterizaci\u00f3n inicial y general de los pesticidas utilizados en las masas de agua en mal estado por pesticidas de la comunidad de castilla-la mancha, con especial \u00e9nfasis en la masa de agua superficial denominada 18.14.01.06 (Canal de M\u00aa Cristina)<\/span><br \/>\nEF: Confederaci\u00f3n Hidrogr\u00e1fica del J\u00facar-TRAGSATEC.<br \/>\nDuraci\u00f3n: desde: Septiembre 2016 hasta: Septiembre 2017<br \/>\n<\/span><\/p>\n<p><span style=\"font-size: 10.0pt\">TP: <span style=\"color: #ff9900\">Actualizaci\u00f3n y ampliaci\u00f3n del modelo de flujo subterr\u00e1neo del Sistema Acu\u00edfero 08-29<\/span><br \/>\nEF: Confederaci\u00f3n Hidrogr\u00e1fica del J\u00facar-TRAGSATEC.<br \/>\nDuraci\u00f3n: desde: 02\/08\/2013 Fecha fin:hasta: 02\/08\/2014<br \/>\n<\/span><\/p>\n<p><span style=\"font-size: 10.0pt\">TP: <span style=\"color: #ff9900\">Actualizaci\u00f3n y ampliaci\u00f3n del modelo de flujo subterr\u00e1neo del sistema acu\u00edfero 08-29 denominados \u00abMODOS<\/span><br \/>\nEntidad financiadora: Confederaci\u00f3n Hidrogr\u00e1fica del J\u00facar-TRAGSATEC.<br \/>\nDuraci\u00f3n: desde: 06\/05\/2011 hasta: 31\/12\/2012<\/span><\/p>\n<p><span style=\"font-size: 10.0pt\">TP: <span style=\"color: #ff9900\">Valoraci\u00f3n del impacto en la hidroqu\u00edmica de la Lag. P\u00e9trola de los vertidos de aguas<\/span> <span style=\"color: #ff9900\">residuales urbanas<\/span><br \/>\nEF: Ibersilva Servicios SAU.<br \/>\nDuraci\u00f3n, desde: 01\/05\/2010 hasta: 31\/01\/2011<br \/>\n<\/span><\/p>\n<p><span style=\"font-size: 10.0pt\">TP: <span style=\"color: #ff9900\">Estudio del estado ecol\u00f3gico de los r\u00edos de Castilla-La Mancha y determinaci\u00f3n de caudales ecol\u00f3gicos de tramos de r\u00edos de inter\u00e9s regional<\/span><br \/>\nEF: Aguas de Castilla-La Mancha.<br \/>\nDuraci\u00f3n: desde: 19\/07\/2010 hasta: 31\/06\/2010<br \/>\n<\/span><\/p>\n<p><span style=\"font-size: 10.0pt\">TP: <span style=\"color: #ff9900\">Realizaci\u00f3n de un Estudio sobre el Modelo de Flujo Subterr\u00e1neo del Sistema Acu\u00edfero 08-29 (Mancha Oriental).<\/span><br \/>\nEF: Confederaci\u00f3n Hidrogr\u00e1fica del J\u00facar-TRAGSATEC.<br \/>\nDuraci\u00f3n, desde: 2009 hasta: 2010<br \/>\n<\/span><\/p>\n<p><span style=\"font-size: 10.0pt\">TP: <span style=\"color: #ff9900\">Calidad del Agua Subterr\u00e1nea para Abastecimiento Urbano en el Dominio Salobral-Los Llanos. Sistema Mancha Oriental<\/span><br \/>\nEF: Ayuntamiento de Albacete.<br \/>\nDuraci\u00f3n, desde: Mayo 2008 hasta: diciembre 2010<br \/>\n<\/span><\/p>\n","protected":false},"excerpt":{"rendered":"<p>Ref.: Referencia\/\/TP: T\u00edtulo del proyecto\/\/EF: Entidad financiadora TP: Caracterizaci\u00f3n inicial y general de los pesticidas utilizados en las masas de agua en mal estado por pesticidas de la comunidad de castilla-la mancha, con especial \u00e9nfasis en la masa de agua superficial denominada 18.14.01.06 (Canal de M\u00aa Cristina) EF: Confederaci\u00f3n Hidrogr\u00e1fica del J\u00facar-TRAGSATEC. Duraci\u00f3n: desde: Septiembre &hellip; <a href=\"https:\/\/blog.uclm.es\/grupohidrogeo\/investigacion\/proyectos\/proyectos-no-competitivos\/\" class=\"more-link\">Seguir leyendo <span class=\"screen-reader-text\">Contratos<\/span> <span class=\"meta-nav\">&rarr;<\/span><\/a><\/p>\n","protected":false},"author":201,"featured_media":0,"parent":23,"menu_order":2,"comment_status":"closed","ping_status":"closed","template":"","meta":{"footnotes":""},"class_list":["post-144","page","type-page","status-publish","hentry"],"_links":{"self":[{"href":"https:\/\/blog.uclm.es\/grupohidrogeo\/wp-json\/wp\/v2\/pages\/144","targetHints":{"allow":["GET"]}}],"collection":[{"href":"https:\/\/blog.uclm.es\/grupohidrogeo\/wp-json\/wp\/v2\/pages"}],"about":[{"href":"https:\/\/blog.uclm.es\/grupohidrogeo\/wp-json\/wp\/v2\/types\/page"}],"author":[{"embeddable":true,"href":"https:\/\/blog.uclm.es\/grupohidrogeo\/wp-json\/wp\/v2\/users\/201"}],"replies":[{"embeddable":true,"href":"https:\/\/blog.uclm.es\/grupohidrogeo\/wp-json\/wp\/v2\/comments?post=144"}],"version-history":[{"count":1,"href":"https:\/\/blog.uclm.es\/grupohidrogeo\/wp-json\/wp\/v2\/pages\/144\/revisions"}],"predecessor-version":[{"id":1780,"href":"https:\/\/blog.uclm.es\/grupohidrogeo\/wp-json\/wp\/v2\/pages\/144\/revisions\/1780"}],"up":[{"embeddable":true,"href":"https:\/\/blog.uclm.es\/grupohidrogeo\/wp-json\/wp\/v2\/pages\/23"}],"wp:attachment":[{"href":"https:\/\/blog.uclm.es\/grupohidrogeo\/wp-json\/wp\/v2\/media?parent=144"}],"curies":[{"name":"wp","href":"https:\/\/api.w.org\/{rel}","templated":true}]}}