{"id":142,"date":"2017-11-22T14:27:27","date_gmt":"2017-11-22T13:27:27","guid":{"rendered":"http:\/\/blog.uclm.es\/grupohidrogeo\/?page_id=142"},"modified":"2017-11-22T14:27:27","modified_gmt":"2017-11-22T13:27:27","slug":"proyectos-competitivos","status":"publish","type":"page","link":"https:\/\/blog.uclm.es\/grupohidrogeo\/investigacion\/proyectos\/proyectos-competitivos\/","title":{"rendered":"Proyectos competitivos"},"content":{"rendered":"<p><strong>Ref<\/strong>.: Referencia\/\/<strong>TP<\/strong>: T\u00edtulo del proyecto\/\/<strong>EF<\/strong>: Entidad financiadora<\/p>\n<p>Ref.: PDC2021-120861-C22<br \/>\nTP: <span style=\"color: #ff9900\">Tratamiento de REMEdiaci\u00f3n de compuestos organoCLORados en la zona no saturada. REMECLOR.<\/span><br \/>\nEF: Ministerio de Ciencia e Innovaci\u00f3n.<br \/>\nDuraci\u00f3n: 2 a\u00f1os, desde: 18\/12\/2021 hasta: 31\/12\/2023<\/p>\n<p>Ref.: SBPLY\/17\/180501\/000296<br \/>\nTP: <span style=\"color: #ff9900\">Procesos coet\u00e1neos de atenuaci\u00f3n natural de contaminantes org\u00e1nicos e inorg\u00e1nicos en sistemas hipersalinos. Implicaciones para la gesti\u00f3n de recursos h\u00eddricos (ANNA3).<\/span><br \/>\nEF: Junta de Comunidades de Castilla-La Mancha.<br \/>\nDuraci\u00f3n: 3 a\u00f1os, desde: 31\/08\/2018 hasta: 31\/07\/2022<\/p>\n<p>Ref.: CGL2017-87216-C4-2-R<br \/>\nTP: <span style=\"color: #ff9900\">Coexistencia espacio-temporal de procesos de atenuaci\u00f3n natural de contaminantes org\u00e1nicos e inorg\u00e1nicos. Implicaciones para la gesti\u00f3n de recursos h\u00eddricos (CONNECTION).<\/span><br \/>\nEF: Ministerio de Ciencia e Innovaci\u00f3n.<br \/>\nDuraci\u00f3n: 4 a\u00f1os, desde: 08\/01\/2018 hasta: 31\/07\/2022<\/p>\n<p>Ref.: UNCM15-CE-2835<br \/>\nTP: <span style=\"color: #ff9900\">Desarrollo y mejora de metodolog\u00edas de an\u00e1lisis para su aplicaci\u00f3n en tecnolog\u00edas de bioremediaci\u00f3n.<\/span><br \/>\nEF: Ministerio de Econocm\u00eda y Competitividad.<br \/>\nDuraci\u00f3n: 3 a\u00f1os, desde: 19\/09\/2016 hasta: 31\/12\/2017<\/p>\n<p>Ref.: PEIC-2014-004-P<br \/>\nTP: <span style=\"color: #ff9900\">Atenuaci\u00f3n de la contaminaci\u00f3n por nitrato en acu\u00edferos regionales conectados a sistemas lagunares salinos. ANNA2<\/span><br \/>\nEF: Junta de Comunidades de Castilla-La Mancha (JCCM).<br \/>\nDuraci\u00f3n: 3 a\u00f1os, desde: 27\/09\/2014 hasta: 27\/09\/2017<\/p>\n<p>Ref.: 31S114-UPAR(7) 2013<br \/>\nTP: <span style=\"color: #ff9900\">Natural Radioactivity in Groundwater of the United Arab Emirates (UAE)<\/span><br \/>\nEF: University of United Arab Emirates (UAEU).<br \/>\nDuraci\u00f3n: 1 a\u00f1o, desde: 01\/11\/2013 hasta: 31\/03\/2015<\/p>\n<p>Ref.: CGL2011-29975-C04-02<br \/>\nTP: <span style=\"color: #ff9900\">Atenuaci\u00f3n natural e inducida de la contaminaci\u00f3n de origen agr\u00edcola e industrial en aguas subterr\u00e1neas.<\/span><br \/>\nEF: Ministerio de Ciencia e Innovaci\u00f3n. 2011-2013.<br \/>\nDuraci\u00f3n: 3 a\u00f1os, Desde: 01\/04\/ 2011 hasta: 31\/12\/2014<\/p>\n<p>Ref.: CGL2008-06394-C02\/BTE<br \/>\nTP: <span style=\"color: #ff9900\">Modelaci\u00f3n de las relaciones r\u00edo-Acuifero. Aplicaci\u00f3n al Sistema Mancha Oriental.<\/span><br \/>\nEF: Ministerio de Ciencia e Innovaci\u00f3n. 2008-2011.<br \/>\nDuraci\u00f3n: 3 a\u00f1os, Desde: 2008 hasta: 2011<\/p>\n<p>Ref.: PAC08-0187-6481<br \/>\nTP: <span style=\"color: #ff9900\">Atenuaci\u00f3n natural del Nitrato en Aguas Subterr\u00e1neas. ANNA.<\/span><br \/>\nEF: Junta de Comunidades de Castilla-La Mancha (JCCM). 2008-2011.<br \/>\nDuraci\u00f3n 3 a\u00f1os, desde: Enero 2008, hasta: Diciembre 2010<\/p>\n<p>Ref.: PBI-05-012<br \/>\nTP: <span style=\"color: #ff9900\">Estudio y Valoraci\u00f3n del Uso de la Teledetecci\u00f3n para el C\u00e1lculo de las Extracciones de Aguas Subterr\u00e1neas. Aplicaci\u00f3n al Sistema Hidrogeol\u00f3gico 08-29 (Mancha Oriental)<\/span>.<br \/>\nEF: Junta de Comunidades de Castilla-La Mancha (JCCM). 2005-2007.<br \/>\nDuraci\u00f3n: 3 a\u00f1os, desde: Enero 2005 hasta: Diciembre 2007<\/p>\n","protected":false},"excerpt":{"rendered":"<p>Ref.: Referencia\/\/TP: T\u00edtulo del proyecto\/\/EF: Entidad financiadora Ref.: PDC2021-120861-C22 TP: Tratamiento de REMEdiaci\u00f3n de compuestos organoCLORados en la zona no saturada. REMECLOR. EF: Ministerio de Ciencia e Innovaci\u00f3n. Duraci\u00f3n: 2 a\u00f1os, desde: 18\/12\/2021 hasta: 31\/12\/2023 Ref.: SBPLY\/17\/180501\/000296 TP: Procesos coet\u00e1neos de atenuaci\u00f3n natural de contaminantes org\u00e1nicos e inorg\u00e1nicos en sistemas hipersalinos. Implicaciones para la gesti\u00f3n &hellip; <a href=\"https:\/\/blog.uclm.es\/grupohidrogeo\/investigacion\/proyectos\/proyectos-competitivos\/\" class=\"more-link\">Seguir leyendo <span class=\"screen-reader-text\">Proyectos competitivos<\/span> <span class=\"meta-nav\">&rarr;<\/span><\/a><\/p>\n","protected":false},"author":201,"featured_media":0,"parent":23,"menu_order":1,"comment_status":"closed","ping_status":"closed","template":"","meta":{"footnotes":""},"class_list":["post-142","page","type-page","status-publish","hentry"],"_links":{"self":[{"href":"https:\/\/blog.uclm.es\/grupohidrogeo\/wp-json\/wp\/v2\/pages\/142","targetHints":{"allow":["GET"]}}],"collection":[{"href":"https:\/\/blog.uclm.es\/grupohidrogeo\/wp-json\/wp\/v2\/pages"}],"about":[{"href":"https:\/\/blog.uclm.es\/grupohidrogeo\/wp-json\/wp\/v2\/types\/page"}],"author":[{"embeddable":true,"href":"https:\/\/blog.uclm.es\/grupohidrogeo\/wp-json\/wp\/v2\/users\/201"}],"replies":[{"embeddable":true,"href":"https:\/\/blog.uclm.es\/grupohidrogeo\/wp-json\/wp\/v2\/comments?post=142"}],"version-history":[{"count":0,"href":"https:\/\/blog.uclm.es\/grupohidrogeo\/wp-json\/wp\/v2\/pages\/142\/revisions"}],"up":[{"embeddable":true,"href":"https:\/\/blog.uclm.es\/grupohidrogeo\/wp-json\/wp\/v2\/pages\/23"}],"wp:attachment":[{"href":"https:\/\/blog.uclm.es\/grupohidrogeo\/wp-json\/wp\/v2\/media?parent=142"}],"curies":[{"name":"wp","href":"https:\/\/api.w.org\/{rel}","templated":true}]}}