{"id":128,"date":"2017-12-04T15:58:37","date_gmt":"2017-12-04T14:58:37","guid":{"rendered":"http:\/\/blog.uclm.es\/grupohidrogeo\/?page_id=128"},"modified":"2017-11-22T14:19:31","modified_gmt":"2017-11-22T13:19:31","slug":"comunicaciones-en-congresos","status":"publish","type":"page","link":"https:\/\/blog.uclm.es\/grupohidrogeo\/what-are-we-working-on\/dissemination-of-results\/comunicaciones-en-congresos\/","title":{"rendered":"Comunicaciones en congresos"},"content":{"rendered":"<ul>\n<li>Mench\u00e9n, A., Valiente, N., G\u00f3mez-Alday, J. J. (2016) <span style=\"color: #ff9900\">O2 and H2S microrespiration processes in the sediment-water interface from Petrola hypersaline lake (SE Albacete)<\/span>. 33rd SIL Congress, Turin, Italia (2016).<\/li>\n<li>Valiente, N., Sanz, D., G\u00f3mez-Alday, J.J., Mu\u00f1oz, A., Casta\u00f1o, S. (2015a) V<span style=\"color: #ff9900\">ariable density groundwater modeling in the endorheic basin of P\u00e9trola Salt Lake (SE, Spain)<\/span>. Hydrogeology: Back to the Future. 42 IAH Congress. Roma (Italia), 13-18 September 2015<\/li>\n<li>Valiente, N.; Mench\u00e9n, A., G\u00f3mez-Alday, J.J. (2015b) <span style=\"color: #ff9900\">Microzonaci\u00f3n de O\u2082 en sedimentos org\u00e1nicos recientes en la Laguna de P\u00e9trola (SE Albacete). El papel del agua subterr\u00e1nea en el funcionamiento de los humedales. Asociaci\u00f3n Internacional de Hidrogeolog\u00eda-Grupo Espa\u00f1ol (AIH-GE)<\/span>. Institut Catal\u00e0 de Recerca de l&#8217;Aigua. Gerona (Espa\u00f1a). 26 al 27 de noviembre de 2015.<\/li>\n<li>Valiente, N; Carrey, R.; Mench\u00e9n, A.; Guti\u00e9rrez, M.; Otero, N.; Soler, A. &amp; G\u00f3mez-Alday, J.J. (2015c) <span style=\"color: #ff9900\">Importance of sulfate reduction processes in P\u00e9trola Lake (Central Spain)<\/span>. El papel del agua subterr\u00e1nea en el funcionamiento de los humedales. Asociaci\u00f3n Internacional de Hidrogeolog\u00eda-Grupo Espa\u00f1ol (AIH-GE). Institut Catal\u00e0 de Recerca de l&#8217;Aigua. Gerona (Espa\u00f1a). 26 al 27 de noviembre de 2015.<\/li>\n<li>Valiente, N.; Sanz, D.; G\u00f3mez-Alday, J.J.; Mu\u00f1oz, A. y Casta\u00f1o, S. (2015d) <span style=\"color: #ff9900\">Modelizaci\u00f3n de flujo y transporte en la laguna hipersalina de P\u00e9trola (Albacete, Spain)<\/span>. El papel del agua subterr\u00e1nea en el funcionamiento de los humedales. Asociaci\u00f3n Internacional de Hidrogeolog\u00eda-Grupo Espa\u00f1ol (AIH-GE). Institut Catal\u00e0 de Recerca de l&#8217;Aigua. Gerona (Espa\u00f1a). 26 al 27 de noviembre de 2015.<\/li>\n<li>Valiente, N.; Carrey, R.; Otero, N.; Soler, A.; Ayora, C.; Sanz, D.; Mu\u00f1oz-Mart\u00edn, A.; Casta\u00f1o, S.; Recio, C.; Carnicero, A.; Cortijo, A. &amp; G\u00f3mez-Alday, J.J. (2015e) <span style=\"color: #ff9900\">Denitrification processes in a hypersaline lake-aquifer system: P\u00e9trola Basin (Central Spain)<\/span>. El papel del agua subterr\u00e1nea en el funcionamiento de los humedales. Asociaci\u00f3n Internacional de Hidrogeolog\u00eda-Grupo Espa\u00f1ol (AIH-GE). Institut Catal\u00e0 de Recerca de l&#8217;Aigua. Gerona (Espa\u00f1a). 26 al 27 de noviembre de 2015.<\/li>\n<li>Valiente, N., Menchen, A., Jirsa, F., Hein, T., Wanek, W., and Gomez-Alday, J.J. (2016d) <span style=\"color: #ff9900\">Biogeochemical processes of nitrate in P\u00e9trola Basin: a saline lake-aquifer system.<\/span> 33rd SIL Congress, Turin, Italia (2016).<\/li>\n<li>Valiente, N., Guti\u00e9rrez-Villanueva, M. A., Menchen, A., Toledo, B., Sanz, D., Casta\u00f1o, S., Carrey, R., Otero, N., Soler, A., Jirsa, F., Hein, T., Wanek, W., Recio, C., Carnicero, A., Mu\u00f1oz-Martin, A., Ayora, C., and G\u00f3mez-Alday, J. J. (2016e) <span style=\"color: #ff9900\">Ciclos del N y S en humedales eutrofizados. El caso de la laguna de P\u00e9trola.<\/span> III Jornadas sobre el Medio Natural Albacetense, Albacete (2016).<\/li>\n<li>Valiente, N., Menchen, A., Jirsa, F., Hein, T., Wanek, W., and Gomez-Alday, J.J. (2016f) <span style=\"color: #ff9900\">Nitrate attenuation in a saline lake-aquifer system: P\u00e9trola Basin (SE Albacete)<\/span>. VI Jornadas Doctorales de la Universidad de Castilla-La Mancha, Toledo.<\/li>\n<li>Valiente, N., Jirsa, F., G\u00f3mez-Alday, J. J. (2016g) <span style=\"color: #ff9900\">Spectrophotometric determination of nitrate in high saline water: effect of masking agents.<\/span> E2KW 2016 Congress\u2013Energy and Environment Knowledge Week, Paris, Francia (2016).<\/li>\n<li>Valiente, N., Menchen, A., Carrey, R., Otero, N., Soler, A., Sanz, D, and G\u00f3mez-Alday, J.J. (2016h) <span style=\"color: #ff9900\">Sulfur recycling processes in a eutrophic hypersaline system: P\u00e9trola Lake (SE, Spain)<\/span>. 15th Water-Rock Interaction International Symposium, Evora Portugal (2016).<\/li>\n<\/ul>\n","protected":false},"excerpt":{"rendered":"<p>Mench\u00e9n, A., Valiente, N., G\u00f3mez-Alday, J. J. (2016) O2 and H2S microrespiration processes in the sediment-water interface from Petrola hypersaline lake (SE Albacete). 33rd SIL Congress, Turin, Italia (2016). Valiente, N., Sanz, D., G\u00f3mez-Alday, J.J., Mu\u00f1oz, A., Casta\u00f1o, S. (2015a) Variable density groundwater modeling in the endorheic basin of P\u00e9trola Salt Lake (SE, Spain). Hydrogeology: &hellip; <a href=\"https:\/\/blog.uclm.es\/grupohidrogeo\/what-are-we-working-on\/dissemination-of-results\/comunicaciones-en-congresos\/\" class=\"more-link\">Seguir leyendo <span class=\"screen-reader-text\">Comunicaciones en congresos<\/span> <span class=\"meta-nav\">&rarr;<\/span><\/a><\/p>\n","protected":false},"author":201,"featured_media":0,"parent":995,"menu_order":3,"comment_status":"closed","ping_status":"closed","template":"","meta":{"footnotes":""},"class_list":["post-128","page","type-page","status-publish","hentry"],"_links":{"self":[{"href":"https:\/\/blog.uclm.es\/grupohidrogeo\/wp-json\/wp\/v2\/pages\/128","targetHints":{"allow":["GET"]}}],"collection":[{"href":"https:\/\/blog.uclm.es\/grupohidrogeo\/wp-json\/wp\/v2\/pages"}],"about":[{"href":"https:\/\/blog.uclm.es\/grupohidrogeo\/wp-json\/wp\/v2\/types\/page"}],"author":[{"embeddable":true,"href":"https:\/\/blog.uclm.es\/grupohidrogeo\/wp-json\/wp\/v2\/users\/201"}],"replies":[{"embeddable":true,"href":"https:\/\/blog.uclm.es\/grupohidrogeo\/wp-json\/wp\/v2\/comments?post=128"}],"version-history":[{"count":0,"href":"https:\/\/blog.uclm.es\/grupohidrogeo\/wp-json\/wp\/v2\/pages\/128\/revisions"}],"up":[{"embeddable":true,"href":"https:\/\/blog.uclm.es\/grupohidrogeo\/wp-json\/wp\/v2\/pages\/995"}],"wp:attachment":[{"href":"https:\/\/blog.uclm.es\/grupohidrogeo\/wp-json\/wp\/v2\/media?parent=128"}],"curies":[{"name":"wp","href":"https:\/\/api.w.org\/{rel}","templated":true}]}}