{"id":880,"date":"2019-05-02T13:59:49","date_gmt":"2019-05-02T12:59:49","guid":{"rendered":"http:\/\/blog.uclm.es\/grupogresam\/?page_id=880"},"modified":"2019-05-02T13:59:49","modified_gmt":"2019-05-02T12:59:49","slug":"actividades-2014-2","status":"publish","type":"page","link":"https:\/\/blog.uclm.es\/grupogresam\/actividades-2014-2\/","title":{"rendered":"Actividades 2014"},"content":{"rendered":"\n<p><strong>DICIEMBRE<\/strong><\/p>\n\n\n\n<p>Celebraci\u00f3n del Seminario de Investigaci\u00f3n: Espacios, actores y relaciones internacionales tras la Primavera \u00c1rabe. Este seminario se desarrollar\u00e1 en colaboraci\u00f3n con el Taller de Estudios Internacionales Mediterr\u00e1neos (TEIM-UAM) y tendr\u00e1 lugar en Madrid el 15 de diciembre de 2014 en la Sala de Reuniones de la Facultad de Filosof\u00eda y Letras, Universidad Aut\u00f3noma de Madrid.&nbsp;<\/p>\n\n\n\n<p><strong>JULIO<\/strong><\/p>\n\n\n\n<p>Investigadores del GRESAM participa en el Word Congress for Middle East Studies 2014 en Ankara, Turqu\u00eda.<\/p>\n\n\n\n<p><strong>JUNIO<\/strong><\/p>\n\n\n\n<p>El GRESAM y la <a href=\"http:\/\/www.uclmtv.uclm.es\/la-uclm-acoge-el-xvii-foro-de-investigacion-sobre-el-mundo-arabe-y-musulman\/\">UCLM<\/a> acogen el Foro de Investigadores sobre Mundo \u00c1rabe y Musulm\u00e1n (FIMAM) que se celebrar\u00e1 el 12 y 13 de junio de 2014 en la Facultad de Humanidades de Toledo.<\/p>\n","protected":false},"excerpt":{"rendered":"<p>DICIEMBRE Celebraci\u00f3n del Seminario de Investigaci\u00f3n: Espacios, actores y relaciones internacionales tras la Primavera \u00c1rabe. Este seminario se desarrollar\u00e1 en colaboraci\u00f3n con el Taller de Estudios Internacionales Mediterr\u00e1neos (TEIM-UAM) y tendr\u00e1 lugar en Madrid el 15 de diciembre de 2014 en la Sala de Reuniones de la Facultad de Filosof\u00eda y Letras, Universidad Aut\u00f3noma de &hellip; <\/p>\n<p class=\"link-more\"><a href=\"https:\/\/blog.uclm.es\/grupogresam\/actividades-2014-2\/\" class=\"more-link\">Continuar leyendo<span class=\"screen-reader-text\"> \u00abActividades 2014\u00bb<\/span><\/a><\/p>\n","protected":false},"author":284,"featured_media":0,"parent":0,"menu_order":0,"comment_status":"closed","ping_status":"closed","template":"","meta":{"footnotes":""},"class_list":["post-880","page","type-page","status-publish","hentry"],"_links":{"self":[{"href":"https:\/\/blog.uclm.es\/grupogresam\/wp-json\/wp\/v2\/pages\/880","targetHints":{"allow":["GET"]}}],"collection":[{"href":"https:\/\/blog.uclm.es\/grupogresam\/wp-json\/wp\/v2\/pages"}],"about":[{"href":"https:\/\/blog.uclm.es\/grupogresam\/wp-json\/wp\/v2\/types\/page"}],"author":[{"embeddable":true,"href":"https:\/\/blog.uclm.es\/grupogresam\/wp-json\/wp\/v2\/users\/284"}],"replies":[{"embeddable":true,"href":"https:\/\/blog.uclm.es\/grupogresam\/wp-json\/wp\/v2\/comments?post=880"}],"version-history":[{"count":0,"href":"https:\/\/blog.uclm.es\/grupogresam\/wp-json\/wp\/v2\/pages\/880\/revisions"}],"wp:attachment":[{"href":"https:\/\/blog.uclm.es\/grupogresam\/wp-json\/wp\/v2\/media?parent=880"}],"curies":[{"name":"wp","href":"https:\/\/api.w.org\/{rel}","templated":true}]}}