{"id":817,"date":"2019-05-02T09:54:05","date_gmt":"2019-05-02T08:54:05","guid":{"rendered":"http:\/\/blog.uclm.es\/grupogresam\/?page_id=817"},"modified":"2019-05-02T09:54:05","modified_gmt":"2019-05-02T08:54:05","slug":"actividades-2008","status":"publish","type":"page","link":"https:\/\/blog.uclm.es\/grupogresam\/actividades-2008\/","title":{"rendered":"Actividades 2008"},"content":{"rendered":"\n<p><strong>NOVIEMBRE<\/strong><\/p>\n\n\n\n<p>El 26 de noviembre se celebrar\u00e1 el Seminario de Investigaci\u00f3n: El IHAC y las relaciones culturales con el Mundo \u00c1rabe. Este seminario tendr\u00e1 lugar en la Sala de Prensa, Edificio San Pedro M\u00e1rtir, Cobertizo de San Pedro M\u00e1rtir, s\/n, Toledo. Universidad de Castilla-La Mancha.<\/p>\n\n\n\n<p><\/p>\n\n\n\n<p>El 4, 5 y 6 de noviembre se celebrar\u00e1 el <em>Seminario: Una ventana a las relaciones entre Espa\u00f1a y el mundo \u00e1rabe.  <\/em>En la Facultad de Humanidades de Toledo, Universidad de Castilla-La Mancha.<\/p>\n","protected":false},"excerpt":{"rendered":"<p>NOVIEMBRE El 26 de noviembre se celebrar\u00e1 el Seminario de Investigaci\u00f3n: El IHAC y las relaciones culturales con el Mundo \u00c1rabe. Este seminario tendr\u00e1 lugar en la Sala de Prensa, Edificio San Pedro M\u00e1rtir, Cobertizo de San Pedro M\u00e1rtir, s\/n, Toledo. Universidad de Castilla-La Mancha. El 4, 5 y 6 de noviembre se celebrar\u00e1 el &hellip; <\/p>\n<p class=\"link-more\"><a href=\"https:\/\/blog.uclm.es\/grupogresam\/actividades-2008\/\" class=\"more-link\">Continuar leyendo<span class=\"screen-reader-text\"> \u00abActividades 2008\u00bb<\/span><\/a><\/p>\n","protected":false},"author":284,"featured_media":0,"parent":0,"menu_order":0,"comment_status":"closed","ping_status":"closed","template":"","meta":{"footnotes":""},"class_list":["post-817","page","type-page","status-publish","hentry"],"_links":{"self":[{"href":"https:\/\/blog.uclm.es\/grupogresam\/wp-json\/wp\/v2\/pages\/817","targetHints":{"allow":["GET"]}}],"collection":[{"href":"https:\/\/blog.uclm.es\/grupogresam\/wp-json\/wp\/v2\/pages"}],"about":[{"href":"https:\/\/blog.uclm.es\/grupogresam\/wp-json\/wp\/v2\/types\/page"}],"author":[{"embeddable":true,"href":"https:\/\/blog.uclm.es\/grupogresam\/wp-json\/wp\/v2\/users\/284"}],"replies":[{"embeddable":true,"href":"https:\/\/blog.uclm.es\/grupogresam\/wp-json\/wp\/v2\/comments?post=817"}],"version-history":[{"count":0,"href":"https:\/\/blog.uclm.es\/grupogresam\/wp-json\/wp\/v2\/pages\/817\/revisions"}],"wp:attachment":[{"href":"https:\/\/blog.uclm.es\/grupogresam\/wp-json\/wp\/v2\/media?parent=817"}],"curies":[{"name":"wp","href":"https:\/\/api.w.org\/{rel}","templated":true}]}}