{"id":815,"date":"2019-05-02T09:53:47","date_gmt":"2019-05-02T08:53:47","guid":{"rendered":"http:\/\/blog.uclm.es\/grupogresam\/?page_id=815"},"modified":"2019-05-02T09:53:47","modified_gmt":"2019-05-02T08:53:47","slug":"actividades-2007","status":"publish","type":"page","link":"https:\/\/blog.uclm.es\/grupogresam\/actividades-2007\/","title":{"rendered":"Actividades 2007"},"content":{"rendered":"\n<p><strong>NOVIEMBRE<\/strong><\/p>\n\n\n\n<p>El 22 de noviembre de 2007 se celebrar\u00e1 el Seminario de Investigaci\u00f3n: Actores, intereses y procesos de toma de decisi\u00f3n en la pol\u00edtica exterior espa\u00f1ola hacia el Mediterr\u00e1neo en la Sala de Prensa del edificio de San Pedro M\u00e1rtir, Toledo. Universidad de Castilla-La Mancha.<br><br><\/p>\n","protected":false},"excerpt":{"rendered":"<p>NOVIEMBRE El 22 de noviembre de 2007 se celebrar\u00e1 el Seminario de Investigaci\u00f3n: Actores, intereses y procesos de toma de decisi\u00f3n en la pol\u00edtica exterior espa\u00f1ola hacia el Mediterr\u00e1neo en la Sala de Prensa del edificio de San Pedro M\u00e1rtir, Toledo. Universidad de Castilla-La Mancha.<\/p>\n","protected":false},"author":284,"featured_media":0,"parent":0,"menu_order":0,"comment_status":"closed","ping_status":"closed","template":"","meta":{"footnotes":""},"class_list":["post-815","page","type-page","status-publish","hentry"],"_links":{"self":[{"href":"https:\/\/blog.uclm.es\/grupogresam\/wp-json\/wp\/v2\/pages\/815","targetHints":{"allow":["GET"]}}],"collection":[{"href":"https:\/\/blog.uclm.es\/grupogresam\/wp-json\/wp\/v2\/pages"}],"about":[{"href":"https:\/\/blog.uclm.es\/grupogresam\/wp-json\/wp\/v2\/types\/page"}],"author":[{"embeddable":true,"href":"https:\/\/blog.uclm.es\/grupogresam\/wp-json\/wp\/v2\/users\/284"}],"replies":[{"embeddable":true,"href":"https:\/\/blog.uclm.es\/grupogresam\/wp-json\/wp\/v2\/comments?post=815"}],"version-history":[{"count":0,"href":"https:\/\/blog.uclm.es\/grupogresam\/wp-json\/wp\/v2\/pages\/815\/revisions"}],"wp:attachment":[{"href":"https:\/\/blog.uclm.es\/grupogresam\/wp-json\/wp\/v2\/media?parent=815"}],"curies":[{"name":"wp","href":"https:\/\/api.w.org\/{rel}","templated":true}]}}