{"id":773,"date":"2005-04-30T13:35:48","date_gmt":"2005-04-30T12:35:48","guid":{"rendered":"http:\/\/blog.uclm.es\/grupogresam\/?page_id=773"},"modified":"2005-04-30T13:35:48","modified_gmt":"2005-04-30T12:35:48","slug":"politica-exterior-y-relaciones-culturales-con-el-mundo-arabe","status":"publish","type":"page","link":"https:\/\/blog.uclm.es\/grupogresam\/politica-exterior-y-relaciones-culturales-con-el-mundo-arabe\/","title":{"rendered":"Pol\u00edtica exterior y relaciones culturales con el Mundo \u00c1rabe"},"content":{"rendered":"\n<p>Pol\u00edtica Exterior y Relaciones Culturales con el Mundo \u00c1rabe es un proyecto de investigaci\u00f3n financiado por el Ministerio de Educaci\u00f3n y Ciencia durante el periodo 2005-2008 (SEJ2005-08867-C03-03) <br><\/p>\n\n\n\n<p>El proyecto est\u00e1 dirigido por&nbsp;<a href=\"http:\/\/blog.uclm.es\/grupogresam\/?page_id=35\">Miguel Hernando de Larramendi<\/a>&nbsp;&nbsp;y cuenta con la participaci\u00f3n de una serie de investigadores del GRESAM adscritos a la UCLM y con docentes e investigadores de universidades, centros de investigaci\u00f3n espa\u00f1oles.<\/p>\n\n\n\n<h2 class=\"wp-block-heading\"><strong>Miembros del equipo<\/strong><\/h2>\n\n\n\n<p><a href=\"http:\/\/blog.uclm.es\/grupogresam\/?page_id=35\">Miguel Hernando de Larramendi<\/a><\/p>\n\n\n\n<p><a href=\"http:\/\/blog.uclm.es\/grupogresam\/?page_id=37\">B\u00e1rbara Azaola Piazza<\/a><\/p>\n\n\n\n<p>Aurelia Ma\u00f1\u00e9 Estrada<\/p>\n\n\n\n<p><a href=\"http:\/\/blog.uclm.es\/grupogresam\/?page_id=526\">Rosario Montoro Murillo<\/a><\/p>\n\n\n\n<p><a href=\"http:\/\/blog.uclm.es\/grupogresam\/?page_id=688\">Laurence Thieux<\/a><\/p>\n\n\n\n<p>Mar\u00eda Dolores Algora Weber<\/p>\n\n\n\n<p>Irene Fern\u00e1ndez Molina<\/p>\n\n\n\n<p><a href=\"http:\/\/blog.uclm.es\/grupogresam\/?page_id=41\">Irene Gonz\u00e1lez Gonz\u00e1lez<\/a><\/p>\n\n\n\n<p>Thierry Desrues<\/p>\n\n\n\n<p>Juana Moreno Nieto<\/p>\n\n\n\n<p>Helena de Felipe<\/p>\n\n\n\n<p><a href=\"http:\/\/blog.uclm.es\/grupogresam\/?page_id=197\">Bosco Govantes Romero<\/a><\/p>\n\n\n\n<h2 class=\"wp-block-heading\"><strong>Difusi\u00f3n de resultados<\/strong><\/h2>\n\n\n\n<p><strong>Publicaciones<\/strong> <\/p>\n\n\n\n<p>Miguel Hernando de Larramendi y Aurelia Ma\u00f1\u00e9 Estrada (eds.),&nbsp;<em>La pol\u00edtica exterior espa\u00f1ola hacia el Magreb. Actores e intereses,&nbsp;<\/em>Ariel-Real Instituto Elcano, Barcelona, 2009.<\/p>\n\n\n\n<div class=\"wp-block-image\"><figure class=\"aligncenter\"><img loading=\"lazy\" decoding=\"async\" width=\"308\" height=\"460\" src=\"https:\/\/blog.uclm.es\/grupogresam\/wp-content\/uploads\/sites\/194\/2009\/12\/Captura-de-pantalla-2018-12-18-a-las-9.53.14.png\" alt=\"\" class=\"wp-image-507\" srcset=\"https:\/\/blog.uclm.es\/grupogresam\/wp-content\/uploads\/sites\/194\/2009\/12\/Captura-de-pantalla-2018-12-18-a-las-9.53.14.png 308w, https:\/\/blog.uclm.es\/grupogresam\/wp-content\/uploads\/sites\/194\/2009\/12\/Captura-de-pantalla-2018-12-18-a-las-9.53.14-201x300.png 201w\" sizes=\"auto, (max-width: 308px) 100vw, 308px\" \/><\/figure><\/div>\n\n\n\n<p><strong>Seminarios de investigaci\u00f3n<\/strong><\/p>\n\n\n\n<p><em>El IHAC y las relaciones culturales con el Mundo \u00c1rabe, <\/em>celebrado el 26 de noviembre de 2007 en la Sala de Prensa del Edificio de San Pero Martir, Universidad de Castilla-La Mancha.<\/p>\n\n\n\n<p><em>Actores, intereses y procesos de toma de decisi\u00f3n en la pol\u00edtica exterior espa\u00f1ola hacia el Mediterr\u00e1neo<\/em> celebrado el 22 de noviembre de 2007 en la Sala de Prensa del Edificio de San Pero Martir, Universidad de Castilla-La Mancha.<\/p>\n","protected":false},"excerpt":{"rendered":"<p>Pol\u00edtica Exterior y Relaciones Culturales con el Mundo \u00c1rabe es un proyecto de investigaci\u00f3n financiado por el Ministerio de Educaci\u00f3n y Ciencia durante el periodo 2005-2008 (SEJ2005-08867-C03-03) El proyecto est\u00e1 dirigido por&nbsp;Miguel Hernando de Larramendi&nbsp;&nbsp;y cuenta con la participaci\u00f3n de una serie de investigadores del GRESAM adscritos a la UCLM y con docentes e investigadores &hellip; <\/p>\n<p class=\"link-more\"><a href=\"https:\/\/blog.uclm.es\/grupogresam\/politica-exterior-y-relaciones-culturales-con-el-mundo-arabe\/\" class=\"more-link\">Continuar leyendo<span class=\"screen-reader-text\"> \u00abPol\u00edtica exterior y relaciones culturales con el Mundo \u00c1rabe\u00bb<\/span><\/a><\/p>\n","protected":false},"author":284,"featured_media":0,"parent":0,"menu_order":0,"comment_status":"closed","ping_status":"closed","template":"","meta":{"footnotes":""},"class_list":["post-773","page","type-page","status-publish","hentry"],"_links":{"self":[{"href":"https:\/\/blog.uclm.es\/grupogresam\/wp-json\/wp\/v2\/pages\/773","targetHints":{"allow":["GET"]}}],"collection":[{"href":"https:\/\/blog.uclm.es\/grupogresam\/wp-json\/wp\/v2\/pages"}],"about":[{"href":"https:\/\/blog.uclm.es\/grupogresam\/wp-json\/wp\/v2\/types\/page"}],"author":[{"embeddable":true,"href":"https:\/\/blog.uclm.es\/grupogresam\/wp-json\/wp\/v2\/users\/284"}],"replies":[{"embeddable":true,"href":"https:\/\/blog.uclm.es\/grupogresam\/wp-json\/wp\/v2\/comments?post=773"}],"version-history":[{"count":0,"href":"https:\/\/blog.uclm.es\/grupogresam\/wp-json\/wp\/v2\/pages\/773\/revisions"}],"wp:attachment":[{"href":"https:\/\/blog.uclm.es\/grupogresam\/wp-json\/wp\/v2\/media?parent=773"}],"curies":[{"name":"wp","href":"https:\/\/api.w.org\/{rel}","templated":true}]}}