{"id":751,"date":"2009-03-26T12:38:22","date_gmt":"2009-03-26T11:38:22","guid":{"rendered":"http:\/\/blog.uclm.es\/grupogresam\/?page_id=751"},"modified":"2009-03-26T12:38:22","modified_gmt":"2009-03-26T11:38:22","slug":"actividades-2009","status":"publish","type":"page","link":"https:\/\/blog.uclm.es\/grupogresam\/actividades-2009\/","title":{"rendered":"Actividades 2009"},"content":{"rendered":"\n<p><strong>DICIEMBRE<\/strong><\/p>\n\n\n\n<p>El 21 de diciembre tendr\u00e1 lugar el Seminario: Islam y Pluralismo Religioso en Espa\u00f1a y Europa, impartido por Ana I. Planet, profesora titular del Departamento de Estudios \u00c1rabes e Isl\u00e1micos de la Universidad Aut\u00f3noma de Madrid que tendr\u00e1 lugar en el aula 1.1. de la Facultad de Humanidades de Toledo, Universidad de Castilla-La Mancha.<\/p>\n\n\n\n<p><strong>NOVIEMBRE<\/strong><\/p>\n\n\n\n<p>El 26 de noviembre se celebrar\u00e1 el <em>Seminario de Investigaci\u00f3n: La pol\u00edtica exterior espa\u00f1ola hacia el Mundo \u00c1rabe y Musulm\u00e1n. Instrumentos de an\u00e1lisis y estudios de caso<\/em>. El seminario tendr\u00e1 lugar en la Sala de Prensa, Edificio San Pedro M\u00e1rtir,<br>Cobertizo de San Pedro M\u00e1rtir, s\/n, Toledo. Universidad de Castilla-La Mancha.<\/p>\n\n\n\n<p><\/p>\n\n\n\n<p><strong>MARZO<\/strong><\/p>\n\n\n\n<p>La profesora de la Universitat de Barcelona, Aurelia Ma\u00f1\u00e9 Estrada, impartir\u00e1 el <em>Seminario: Nacionalismo, descolonizaci\u00f3n y construcci\u00f3n del estado en la Argelia contempor\u00e1nea <\/em>el 30 de marzo y 1 de abril en el aula 2.0. de la Facultad de Humanidades de Toledo, Universidad de Castilla-La Mancha.  <\/p>\n\n\n\n<p>Presentaci\u00f3n del libro <em>religi\u00f3n.es Minorias religiosas en Castilla-La Mancha<\/em> dirigido por Miguel Hernando de Larramendi y Puerto Garc\u00eda Ortiz en la Facultad de Ciencias Jur\u00eddicas y Sociales de Toledo (UCLM).<\/p>\n\n\n\n<p><a href=\"http:\/\/blog.uclm.es\/grupogresam\/?p=738\">Presentaci\u00f3n del libro<\/a><\/p>\n\n\n\n<p><br><\/p>\n\n\n\n<p><\/p>\n\n\n\n<p><\/p>\n","protected":false},"excerpt":{"rendered":"<p>DICIEMBRE El 21 de diciembre tendr\u00e1 lugar el Seminario: Islam y Pluralismo Religioso en Espa\u00f1a y Europa, impartido por Ana I. Planet, profesora titular del Departamento de Estudios \u00c1rabes e Isl\u00e1micos de la Universidad Aut\u00f3noma de Madrid que tendr\u00e1 lugar en el aula 1.1. de la Facultad de Humanidades de Toledo, Universidad de Castilla-La Mancha. &hellip; <\/p>\n<p class=\"link-more\"><a href=\"https:\/\/blog.uclm.es\/grupogresam\/actividades-2009\/\" class=\"more-link\">Continuar leyendo<span class=\"screen-reader-text\"> \u00abActividades 2009\u00bb<\/span><\/a><\/p>\n","protected":false},"author":284,"featured_media":0,"parent":0,"menu_order":0,"comment_status":"closed","ping_status":"closed","template":"","meta":{"footnotes":""},"class_list":["post-751","page","type-page","status-publish","hentry"],"_links":{"self":[{"href":"https:\/\/blog.uclm.es\/grupogresam\/wp-json\/wp\/v2\/pages\/751","targetHints":{"allow":["GET"]}}],"collection":[{"href":"https:\/\/blog.uclm.es\/grupogresam\/wp-json\/wp\/v2\/pages"}],"about":[{"href":"https:\/\/blog.uclm.es\/grupogresam\/wp-json\/wp\/v2\/types\/page"}],"author":[{"embeddable":true,"href":"https:\/\/blog.uclm.es\/grupogresam\/wp-json\/wp\/v2\/users\/284"}],"replies":[{"embeddable":true,"href":"https:\/\/blog.uclm.es\/grupogresam\/wp-json\/wp\/v2\/comments?post=751"}],"version-history":[{"count":0,"href":"https:\/\/blog.uclm.es\/grupogresam\/wp-json\/wp\/v2\/pages\/751\/revisions"}],"wp:attachment":[{"href":"https:\/\/blog.uclm.es\/grupogresam\/wp-json\/wp\/v2\/media?parent=751"}],"curies":[{"name":"wp","href":"https:\/\/api.w.org\/{rel}","templated":true}]}}