{"id":707,"date":"2009-04-30T11:39:13","date_gmt":"2009-04-30T10:39:13","guid":{"rendered":"http:\/\/blog.uclm.es\/grupogresam\/?page_id=707"},"modified":"2009-04-30T11:39:13","modified_gmt":"2009-04-30T10:39:13","slug":"actores-e-intereses-en-las-relaciones-exteriores-de-espana-con-el-mundo-arabe-y-musulman","status":"publish","type":"page","link":"https:\/\/blog.uclm.es\/grupogresam\/actores-e-intereses-en-las-relaciones-exteriores-de-espana-con-el-mundo-arabe-y-musulman\/","title":{"rendered":"Actores e intereses en las relaciones exteriores de Espa\u00f1a con el Mundo \u00c1rabe y Musulm\u00e1n"},"content":{"rendered":"\n<p><em>Actores e intereses en las relaciones exteriores de Espa\u00f1a con el Mundo \u00c1rabe y Musul\u00e1m <\/em>es un proyecto de investigaci\u00f3n financiado por&nbsp;Ministerio de Ciencia e Investigaci\u00f3n durante el periodo 2009-2011<em> <\/em>(CSO2008-06232-C03-03).&nbsp;<\/p>\n\n\n\n<p>El proyecto est\u00e1 dirigido por&nbsp;<a href=\"http:\/\/blog.uclm.es\/grupogresam\/?page_id=35\">Miguel Hernando de Larramendi<\/a>&nbsp;&nbsp;y cuenta con la participaci\u00f3n de una serie de investigadores del GRESAM adscritos a la UCLM y con docentes e investigadores de universidades, centros de investigaci\u00f3n espa\u00f1oles.<\/p>\n\n\n\n<h2 class=\"wp-block-heading\"><strong>Miembros del equipo:<\/strong><\/h2>\n\n\n\n<p><a href=\"http:\/\/blog.uclm.es\/grupogresam\/?page_id=35\">Miguel Hernando de Larramendi<\/a><\/p>\n\n\n\n<p><a href=\"http:\/\/blog.uclm.es\/grupogresam\/?page_id=37\">B\u00e1rbara Azaola Piazza<\/a><\/p>\n\n\n\n<p>Aurelia Ma\u00f1\u00e9 Estrada<\/p>\n\n\n\n<p>Irene Fern\u00e1ndez Molina<\/p>\n\n\n\n<p><a href=\"http:\/\/blog.uclm.es\/grupogresam\/?page_id=526\">Rosario Montoro Murillo<\/a><\/p>\n\n\n\n<p><a href=\"http:\/\/blog.uclm.es\/grupogresam\/?page_id=688\">Laurence Thiex<\/a><\/p>\n\n\n\n<p>Elvira S\u00e1nchez Mateos<\/p>\n\n\n\n<p><a href=\"http:\/\/blog.uclm.es\/grupogresam\/?page_id=41\">Irene Gonz\u00e1lez Gonz\u00e1lez<\/a><\/p>\n\n\n\n<p>Thierry Desrues<\/p>\n\n\n\n<p>Mar\u00eda Dolores Algora Weber<\/p>\n\n\n\n<p>Haizam Amirah Fern\u00e1ndez<\/p>\n\n\n\n<p>Juana Moreno Nieto<\/p>\n\n\n\n<p>Helena de Felipe<\/p>\n\n\n\n<p><a href=\"http:\/\/blog.uclm.es\/grupogresam\/?page_id=197\">Bosco Govantes Romero<\/a><\/p>\n\n\n\n<h2 class=\"wp-block-heading\"><strong>Difusi\u00f3n de resultados<\/strong><\/h2>\n\n\n\n<p><strong>Publicaciones<\/strong><\/p>\n\n\n\n<p>&nbsp;Investigadores  de los proyectos de &nbsp;investigaci\u00f3n&nbsp;\u201cActores e intereses en las relaciones exteriores de Espa\u00f1a con el mundo \u00e1rabe y musulm\u00e1n\u201d (CSO2008-06232-C03-03) y \u201cNuevos espacios, actores e instrumentos en las relaciones exteriores de Espa\u00f1a con el Mundo \u00c1rabe y Musulm\u00e1n\u201d (CSO2011-29438-C05-02) participan en el monogr\u00e1fico de la Revista de Estudios&nbsp;Mediterr\u00e1neos analizando la pol\u00edtica exterior espa\u00f1ola hac\u00eda el mundo \u00e1rabe a trav\u00e9s del an\u00e1lisis de la herramienta creada por los miembros del equipo: Base de Datos Integrada de la Pol\u00edtica Exterior .<\/p>\n\n\n\n<figure class=\"wp-block-image\"><img loading=\"lazy\" decoding=\"async\" width=\"876\" height=\"640\" src=\"https:\/\/blog.uclm.es\/grupogresam\/wp-content\/uploads\/sites\/194\/2018\/12\/Captura-de-pantalla-2018-12-18-a-las-9.54.20.png\" alt=\"\" class=\"wp-image-514\" srcset=\"https:\/\/blog.uclm.es\/grupogresam\/wp-content\/uploads\/sites\/194\/2018\/12\/Captura-de-pantalla-2018-12-18-a-las-9.54.20.png 876w, https:\/\/blog.uclm.es\/grupogresam\/wp-content\/uploads\/sites\/194\/2018\/12\/Captura-de-pantalla-2018-12-18-a-las-9.54.20-300x219.png 300w, https:\/\/blog.uclm.es\/grupogresam\/wp-content\/uploads\/sites\/194\/2018\/12\/Captura-de-pantalla-2018-12-18-a-las-9.54.20-768x561.png 768w\" sizes=\"auto, (max-width: 767px) 89vw, (max-width: 1000px) 54vw, (max-width: 1071px) 543px, 580px\" \/><\/figure>\n\n\n\n<p>L\u00f3pez Garc\u00eda, Bernab\u00e9 y Hernando de Larramendi, Miguel (eds.),<em>&nbsp;Espa\u00f1a, el Mediterr\u00e1neo y el mundo arabomusulm\u00e1n. Diplomacia e historia<\/em>, &nbsp;Ariel-IEMed, Barcelona, 2010.<\/p>\n\n\n\n<div class=\"wp-block-image\"><figure class=\"aligncenter\"><img loading=\"lazy\" decoding=\"async\" width=\"290\" height=\"444\" src=\"https:\/\/blog.uclm.es\/grupogresam\/wp-content\/uploads\/sites\/194\/2018\/12\/Captura-de-pantalla-2018-12-18-a-las-9.52.25.png\" alt=\"\" class=\"wp-image-502\" srcset=\"https:\/\/blog.uclm.es\/grupogresam\/wp-content\/uploads\/sites\/194\/2018\/12\/Captura-de-pantalla-2018-12-18-a-las-9.52.25.png 290w, https:\/\/blog.uclm.es\/grupogresam\/wp-content\/uploads\/sites\/194\/2018\/12\/Captura-de-pantalla-2018-12-18-a-las-9.52.25-196x300.png 196w\" sizes=\"auto, (max-width: 290px) 100vw, 290px\" \/><\/figure><\/div>\n\n\n\n<p><strong>Seminarios de investigaci\u00f3n<\/strong><\/p>\n\n\n\n<p><em>La pol\u00edtica exterior espa\u00f1ola hacia el Mundo \u00c1rabe y Musulm\u00e1n. Instrumentos de an\u00e1lisis y estudios de caso<\/em>, celebrado el 26 de noviembre de 2009 la Sala de Prensa, Edificio San Pedro M\u00e1rtir de Toledo, Universidad de Castilla-La Mancha.<\/p>\n\n\n\n<p><div><strong>Seminarios<\/strong><\/div><\/p>\n\n\n\n<p>Diplomacia p\u00fablica y cohesi\u00f3n social, celebrado el 4 de mayo de 2011 en la Sala de Prensa del Antiguo Convento de San Pedro M\u00e1rtir de Toledo, Universidad de Castilla-La Mancha. <\/p>\n\n\n\n<p><em>VIII Simposio Hispano-Ruso. Alianza de civilizaciones: Rusia, Espa\u00f1a y sus retos de vecindad<\/em>, celebrado los d\u00edas 17<strong> <\/strong> y 18 de junio de 2010 en la Sala de Prensa, Edificio San Pedro M\u00e1rtir, Toledo. Universidad de Castilla-La Mancha.<br><br><\/p>\n","protected":false},"excerpt":{"rendered":"<p>Actores e intereses en las relaciones exteriores de Espa\u00f1a con el Mundo \u00c1rabe y Musul\u00e1m es un proyecto de investigaci\u00f3n financiado por&nbsp;Ministerio de Ciencia e Investigaci\u00f3n durante el periodo 2009-2011 (CSO2008-06232-C03-03).&nbsp; El proyecto est\u00e1 dirigido por&nbsp;Miguel Hernando de Larramendi&nbsp;&nbsp;y cuenta con la participaci\u00f3n de una serie de investigadores del GRESAM adscritos a la UCLM y &hellip; <\/p>\n<p class=\"link-more\"><a href=\"https:\/\/blog.uclm.es\/grupogresam\/actores-e-intereses-en-las-relaciones-exteriores-de-espana-con-el-mundo-arabe-y-musulman\/\" class=\"more-link\">Continuar leyendo<span class=\"screen-reader-text\"> \u00abActores e intereses en las relaciones exteriores de Espa\u00f1a con el Mundo \u00c1rabe y Musulm\u00e1n\u00bb<\/span><\/a><\/p>\n","protected":false},"author":284,"featured_media":0,"parent":0,"menu_order":0,"comment_status":"closed","ping_status":"closed","template":"","meta":{"footnotes":""},"class_list":["post-707","page","type-page","status-publish","hentry"],"_links":{"self":[{"href":"https:\/\/blog.uclm.es\/grupogresam\/wp-json\/wp\/v2\/pages\/707","targetHints":{"allow":["GET"]}}],"collection":[{"href":"https:\/\/blog.uclm.es\/grupogresam\/wp-json\/wp\/v2\/pages"}],"about":[{"href":"https:\/\/blog.uclm.es\/grupogresam\/wp-json\/wp\/v2\/types\/page"}],"author":[{"embeddable":true,"href":"https:\/\/blog.uclm.es\/grupogresam\/wp-json\/wp\/v2\/users\/284"}],"replies":[{"embeddable":true,"href":"https:\/\/blog.uclm.es\/grupogresam\/wp-json\/wp\/v2\/comments?post=707"}],"version-history":[{"count":0,"href":"https:\/\/blog.uclm.es\/grupogresam\/wp-json\/wp\/v2\/pages\/707\/revisions"}],"wp:attachment":[{"href":"https:\/\/blog.uclm.es\/grupogresam\/wp-json\/wp\/v2\/media?parent=707"}],"curies":[{"name":"wp","href":"https:\/\/api.w.org\/{rel}","templated":true}]}}