{"id":705,"date":"2012-04-30T11:38:39","date_gmt":"2012-04-30T10:38:39","guid":{"rendered":"http:\/\/blog.uclm.es\/grupogresam\/?page_id=705"},"modified":"2022-10-25T17:49:46","modified_gmt":"2022-10-25T17:49:46","slug":"nuevos-espacios-actores-e-instrumentos-en-las-relaciones-exteriores-de-espana-con-el-mundo-arabe-y-musulman","status":"publish","type":"page","link":"https:\/\/blog.uclm.es\/grupogresam\/nuevos-espacios-actores-e-instrumentos-en-las-relaciones-exteriores-de-espana-con-el-mundo-arabe-y-musulman\/","title":{"rendered":"Nuevos espacios, actores e instrumentos en las relaciones exteriores de Espa\u00f1a con el mundo \u00e1rabe y musulm\u00e1n"},"content":{"rendered":"\n<p>&nbsp;Nuevos espacios, actores     es un proyecto de investigaci\u00f3n financiado por&nbsp;Ministerio de Econom\u00eda y Competitividad durante el periodo 2012-2014 (CSO2011-29438-C05-02).&nbsp;<\/p>\n\n\n\n<p>El proyecto est\u00e1 dirigido por&nbsp;<a href=\"http:\/\/blog.uclm.es\/grupogresam\/?page_id=35\">Miguel Hernando de Larramendi<\/a>&nbsp;&nbsp;y cuenta con la participaci\u00f3n de una serie de investigadores del GRESAM adscritos a la UCLM y con docentes e investigadores de universidades, centros de investigaci\u00f3n espa\u00f1oles.<\/p>\n\n\n\n<h2 class=\"wp-block-heading\"><strong>Miembros del equipo:<\/strong><\/h2>\n\n\n\n<p><a href=\"http:\/\/blog.uclm.es\/grupogresam\/?page_id=35\">Miguel Hernando de Larramendi<\/a><\/p>\n\n\n\n<p><a href=\"http:\/\/blog.uclm.es\/grupogresam\/?page_id=37\">B\u00e1rbara Azaola Piazza<\/a><\/p>\n\n\n\n<p>Aurelia Ma\u00f1\u00e9 Estrada<\/p>\n\n\n\n<p>Irene Fern\u00e1ndez Molina<\/p>\n\n\n\n<p>Paloma Gonz\u00e1lez del Mi\u00f1o<\/p>\n\n\n\n<p><a href=\"http:\/\/blog.uclm.es\/grupogresam\/?page_id=526\">Rosario Montoro Murillo<\/a><\/p>\n\n\n\n<p>Nizar Messari<\/p>\n\n\n\n<p>Rachid El Houdaigui<\/p>\n\n\n\n<p><a href=\"http:\/\/blog.uclm.es\/grupogresam\/?page_id=688\">Laurence Thieux<\/a><\/p>\n\n\n\n<p>Elvira S\u00e1nchez Mateos<\/p>\n\n\n\n<p>Mar\u00eda Dolores Algora Weber<\/p>\n\n\n\n<p>Haizam Amirah Fern\u00e1ndez<\/p>\n\n\n\n<p><a href=\"http:\/\/blog.uclm.es\/grupogresam\/?page_id=197\">Bosco Govantes Romero<\/a><\/p>\n\n\n\n<h2 class=\"wp-block-heading\"><strong>Difusi\u00f3n de resultados<\/strong><\/h2>\n\n\n\n<p><strong>Publicaciones<\/strong><\/p>\n\n\n\n<p>&nbsp;Investigadores de los proyectos de &nbsp;investigaci\u00f3n&nbsp;\u201cActores e intereses en las relaciones exteriores de Espa\u00f1a con el mundo \u00e1rabe y musulm\u00e1n\u201d (CSO2008-06232-C03-03) y \u201cNuevos espacios, actores e instrumentos en las relaciones exteriores de Espa\u00f1a con el Mundo \u00c1rabe y Musulm\u00e1n\u201d (CSO2011-29438-C05-02) participan en el monogr\u00e1fico de la Revista de Estudios&nbsp;Mediterr\u00e1neos analizando la pol\u00edtica exterior espa\u00f1ola hac\u00eda el mundo \u00e1rabe a trav\u00e9s del an\u00e1lisis de la herramienta creada por los miembros del equipo: Base de Datos Integrada de la Pol\u00edtica Exterior .<\/p>\n\n\n\n<figure class=\"wp-block-image\"><img loading=\"lazy\" decoding=\"async\" width=\"876\" height=\"640\" src=\"https:\/\/blog.uclm.es\/grupogresam\/wp-content\/uploads\/sites\/194\/2018\/12\/Captura-de-pantalla-2018-12-18-a-las-9.54.20.png\" alt=\"\" class=\"wp-image-514\" srcset=\"https:\/\/blog.uclm.es\/grupogresam\/wp-content\/uploads\/sites\/194\/2018\/12\/Captura-de-pantalla-2018-12-18-a-las-9.54.20.png 876w, https:\/\/blog.uclm.es\/grupogresam\/wp-content\/uploads\/sites\/194\/2018\/12\/Captura-de-pantalla-2018-12-18-a-las-9.54.20-300x219.png 300w, https:\/\/blog.uclm.es\/grupogresam\/wp-content\/uploads\/sites\/194\/2018\/12\/Captura-de-pantalla-2018-12-18-a-las-9.54.20-768x561.png 768w\" sizes=\"auto, (max-width: 767px) 89vw, (max-width: 1000px) 54vw, (max-width: 1071px) 543px, 580px\" \/><\/figure>\n\n\n\n<p><strong>Seminarios de investigaci\u00f3n<\/strong><\/p>\n\n\n\n<p>Seminario de investigaci\u00f3n: Espacios, actores y relaciones internacionales tras la Primavera \u00c1rabe. Sala de Reuniones de la Facultad de Filosof\u00eda y Letras, Universidad Aut\u00f3noma de Madrid (Espa\u00f1a).  15 de diciembre de 2014.<\/p>\n\n\n\n<p><strong>Seminarios<\/strong><\/p>\n\n\n\n<p>Miembros del equipo de investigaci\u00f3n participan en el Word Congress for Middle East Studies 2014 en Ankara, Turqu\u00eda en el panel<strong> <\/strong>Foreign policies in the Middle East and North Africa I\/ Les politiques \u00e9trang\u00e8res du Moyen Orient et de l\u2019Afrique du Nord I.&nbsp;<\/p>\n","protected":false},"excerpt":{"rendered":"<p>&nbsp;Nuevos espacios, actores es un proyecto de investigaci\u00f3n financiado por&nbsp;Ministerio de Econom\u00eda y Competitividad durante el periodo 2012-2014 (CSO2011-29438-C05-02).&nbsp; El proyecto est\u00e1 dirigido por&nbsp;Miguel Hernando de Larramendi&nbsp;&nbsp;y cuenta con la participaci\u00f3n de una serie de investigadores del GRESAM adscritos a la UCLM y con docentes e investigadores de universidades, centros de investigaci\u00f3n espa\u00f1oles. Miembros del &hellip; <\/p>\n<p class=\"link-more\"><a href=\"https:\/\/blog.uclm.es\/grupogresam\/nuevos-espacios-actores-e-instrumentos-en-las-relaciones-exteriores-de-espana-con-el-mundo-arabe-y-musulman\/\" class=\"more-link\">Continuar leyendo<span class=\"screen-reader-text\"> \u00abNuevos espacios, actores e instrumentos en las relaciones exteriores de Espa\u00f1a con el mundo \u00e1rabe y musulm\u00e1n\u00bb<\/span><\/a><\/p>\n","protected":false},"author":284,"featured_media":0,"parent":0,"menu_order":0,"comment_status":"closed","ping_status":"closed","template":"","meta":{"footnotes":""},"class_list":["post-705","page","type-page","status-publish","hentry"],"_links":{"self":[{"href":"https:\/\/blog.uclm.es\/grupogresam\/wp-json\/wp\/v2\/pages\/705","targetHints":{"allow":["GET"]}}],"collection":[{"href":"https:\/\/blog.uclm.es\/grupogresam\/wp-json\/wp\/v2\/pages"}],"about":[{"href":"https:\/\/blog.uclm.es\/grupogresam\/wp-json\/wp\/v2\/types\/page"}],"author":[{"embeddable":true,"href":"https:\/\/blog.uclm.es\/grupogresam\/wp-json\/wp\/v2\/users\/284"}],"replies":[{"embeddable":true,"href":"https:\/\/blog.uclm.es\/grupogresam\/wp-json\/wp\/v2\/comments?post=705"}],"version-history":[{"count":1,"href":"https:\/\/blog.uclm.es\/grupogresam\/wp-json\/wp\/v2\/pages\/705\/revisions"}],"predecessor-version":[{"id":1541,"href":"https:\/\/blog.uclm.es\/grupogresam\/wp-json\/wp\/v2\/pages\/705\/revisions\/1541"}],"wp:attachment":[{"href":"https:\/\/blog.uclm.es\/grupogresam\/wp-json\/wp\/v2\/media?parent=705"}],"curies":[{"name":"wp","href":"https:\/\/api.w.org\/{rel}","templated":true}]}}