{"id":688,"date":"2019-03-12T14:12:06","date_gmt":"2019-03-12T13:12:06","guid":{"rendered":"http:\/\/blog.uclm.es\/grupogresam\/?page_id=688"},"modified":"2019-03-12T14:12:06","modified_gmt":"2019-03-12T13:12:06","slug":"laurence-thieux","status":"publish","type":"page","link":"https:\/\/blog.uclm.es\/grupogresam\/laurence-thieux\/","title":{"rendered":"Laurence Thieux"},"content":{"rendered":"<p><img loading=\"lazy\" decoding=\"async\" class=\"size-medium wp-image-689 alignleft\" src=\"https:\/\/blog.uclm.es\/grupogresam\/wp-content\/uploads\/sites\/194\/2019\/03\/Laurence--295x300.jpg\" alt=\"\" width=\"295\" height=\"300\" srcset=\"https:\/\/blog.uclm.es\/grupogresam\/wp-content\/uploads\/sites\/194\/2019\/03\/Laurence--295x300.jpg 295w, https:\/\/blog.uclm.es\/grupogresam\/wp-content\/uploads\/sites\/194\/2019\/03\/Laurence-.jpg 708w\" sizes=\"auto, (max-width: 295px) 100vw, 295px\" \/>&nbsp;<\/p>\n<p><\/p>\n<p>Dra. Laurence Thieux&nbsp;<\/p>\n<p>Profesora del Departamento de Relaciones Internacionales e Historia Gobal (UCM).<\/p>\n<p><\/p>\n\n\n<p><strong>L\u00edneas de investigaci\u00f3n:&nbsp;&nbsp;<\/strong>Relaciones&nbsp;hispano-argelinas, Sociedad civil de los pa\u00edses \u00e1rabes y musulmanes, Argelia, Cooperaci\u00f3n al desarrollo,&nbsp;Democratizaci\u00f3n y Pol\u00edtica Exterior<\/p>\n\n\n\n<p><strong>Correo electr\u00f3nico:<\/strong> laurence.thieux@gmail.com<\/p>\n\n\n\n<p><strong>Publicaciones destacadas:<\/strong><\/p>\n\n\n\n<p>Aurelia Ma\u00f1\u00e9, Laurence Thieux y Miguel Hernando de Larramendi (2019),\u00a0<em>Argelia en transici\u00f3n hacia una Segunda Rep\u00fablica<\/em>, Icaria, Barcelona.<\/p>\n\n\n\n<p>Thieux, Laurence (2019), \u00ab<a href=\"https:\/\/www.tandfonline.com\/doi\/full\/10.1080\/13629387.2018.1454651\">The dilemmas of Algerian foreign policy since 2011: between normative entrapment and pragmatic responses to the new regional security challenges\u00bb<\/a>, <em>The Journal of North African Studies<\/em>, 24 (3), pp. 426-443.<\/p>\n\n\n\n<p>Thieux, Laurence (2018), \u201c<a href=\"https:\/\/revistas.uam.es\/index.php\/reim\/article\/view\/10418\/10556\">Sociedad civil y cambio pol\u00edtico y social en Argelia: evoluci\u00f3n de discursos y estrategias<\/a>\u201d,&nbsp;<em>Revista de Estudios Internacionales Mediterr\u00e1neos,&nbsp;<\/em>25, pp. 79-92.&nbsp;<\/p>\n\n\n\n<p>Thieux, Laurence (2015), \u201c<a href=\"https:\/\/dialnet.unirioja.es\/servlet\/articulo?codigo=5167814&amp;orden=1&amp;info=link\">La Uni\u00f3n Europea y el di\u00e1logo con la sociedad civil despu\u00e9s de 2011 en los casos de Marruecos y Jordania<\/a>\u201d,&nbsp;<em>Revista de Estudios Internacionales Mediterr\u00e1neos,&nbsp;<\/em>18, pp.&nbsp;210-237.<\/p>\n\n\n\n<p>Thieux, Laurence (2015), \u201c<a href=\"https:\/\/dialnet.unirioja.es\/servlet\/articulo?codigo=5396420&amp;orden=0&amp;info=link\">La evoluci\u00f3n de la lucha por la igualdad y los derechos de las mujeres en el norte de \u00c1frica a partir de 2011<\/a>\u201d,&nbsp;<em>Feminismo\/s,<\/em>26, pp. 125-144.&nbsp;<\/p>\n\n\n\n<p>Thieux, Laurence (2014), \u201c<a href=\"https:\/\/dialnet.unirioja.es\/descarga\/articulo\/5304714.pdf\">Experiencias de incidencia pol\u00edtica de la sociedad civil en el Norte de \u00c1frica<\/a>\u201d,&nbsp;<em>Trabajo social global- Global Social Work: Revista de investigaciones en intervenci\u00f3n social,&nbsp;<\/em>4, 6, 31-48.<\/p>\n\n\n\n<p><a href=\"https:\/\/independent.academia.edu\/LaurenceThieux\">Academia<\/a><\/p>\n\n\n\n<p><a href=\"https:\/\/dialnet.unirioja.es\/servlet\/autor?codigo=739988\">Dialnet<\/a><\/p>\n\n\n\n<p><a href=\"https:\/\/twitter.com\/lthieux\">Twitter<\/a><\/p>\n\n\n\n<p><\/p>\n","protected":false},"excerpt":{"rendered":"<p>&nbsp; Dra. Laurence Thieux&nbsp; Profesora del Departamento de Relaciones Internacionales e Historia Gobal (UCM). L\u00edneas de investigaci\u00f3n:&nbsp;&nbsp;Relaciones&nbsp;hispano-argelinas, Sociedad civil de los pa\u00edses \u00e1rabes y musulmanes, Argelia, Cooperaci\u00f3n al desarrollo,&nbsp;Democratizaci\u00f3n y Pol\u00edtica Exterior Correo electr\u00f3nico: laurence.thieux@gmail.com Publicaciones destacadas: Aurelia Ma\u00f1\u00e9, Laurence Thieux y Miguel Hernando de Larramendi (2019),\u00a0Argelia en transici\u00f3n hacia una Segunda Rep\u00fablica, Icaria, Barcelona. &hellip; <\/p>\n<p class=\"link-more\"><a href=\"https:\/\/blog.uclm.es\/grupogresam\/laurence-thieux\/\" class=\"more-link\">Continuar leyendo<span class=\"screen-reader-text\"> \u00abLaurence Thieux\u00bb<\/span><\/a><\/p>\n","protected":false},"author":284,"featured_media":0,"parent":0,"menu_order":0,"comment_status":"closed","ping_status":"closed","template":"","meta":{"footnotes":""},"class_list":["post-688","page","type-page","status-publish","hentry"],"_links":{"self":[{"href":"https:\/\/blog.uclm.es\/grupogresam\/wp-json\/wp\/v2\/pages\/688","targetHints":{"allow":["GET"]}}],"collection":[{"href":"https:\/\/blog.uclm.es\/grupogresam\/wp-json\/wp\/v2\/pages"}],"about":[{"href":"https:\/\/blog.uclm.es\/grupogresam\/wp-json\/wp\/v2\/types\/page"}],"author":[{"embeddable":true,"href":"https:\/\/blog.uclm.es\/grupogresam\/wp-json\/wp\/v2\/users\/284"}],"replies":[{"embeddable":true,"href":"https:\/\/blog.uclm.es\/grupogresam\/wp-json\/wp\/v2\/comments?post=688"}],"version-history":[{"count":0,"href":"https:\/\/blog.uclm.es\/grupogresam\/wp-json\/wp\/v2\/pages\/688\/revisions"}],"wp:attachment":[{"href":"https:\/\/blog.uclm.es\/grupogresam\/wp-json\/wp\/v2\/media?parent=688"}],"curies":[{"name":"wp","href":"https:\/\/api.w.org\/{rel}","templated":true}]}}