{"id":626,"date":"2019-02-13T12:12:42","date_gmt":"2019-02-13T11:12:42","guid":{"rendered":"http:\/\/blog.uclm.es\/grupogresam\/?page_id=626"},"modified":"2019-02-13T12:12:42","modified_gmt":"2019-02-13T11:12:42","slug":"actividades-2019","status":"publish","type":"page","link":"https:\/\/blog.uclm.es\/grupogresam\/actividades-2019\/","title":{"rendered":"Actividades 2019"},"content":{"rendered":"\n<p><strong>DICIEMBRE<\/strong><\/p>\n\n\n\n<p>Los investigadores del GRESAM Bosco Govantes, B\u00e1rbara Azaola, Miguel H. Larramendi y Beatriz Tom\u00e9 participan junto a Victoria Veguilla en el Seminario \u00abCambio pol\u00edtico en el norte de \u00c1frica tras la Primavera \u00c1rabe\u00bb que tendr\u00e1 lugar en la Universidad Pablo Olavide de Sevilla el 4 de Diciembre de 2019 a las 17:30h en el Paraninfo.<\/p>\n\n\n\n<p><strong>NOVIEMBRE<\/strong><\/p>\n\n\n\n<p>Investigadores del GRESAM B\u00e1rbara Azaola, Miguel H. Larramendi y Bosco Govantes participan en el Seminario \u00abAcci\u00f3n colectiva en el Norte de \u00c1frica: los casos de T\u00fanez y Egipto\u00bb que tendr\u00e1 lugar el 15 de noviembre de 2019 en la Universidad Rey Juan Carlos.<\/p>\n\n\n\n<p><strong>OCTUBRE<\/strong><\/p>\n\n\n\n<p>El GRESAM participa en el XII Foro de Investigadores sobre Mundo \u00c1rabe y Musulm\u00e1n que se celebrar\u00e1 los d\u00edas 24 y 25 de octubre en la ciudad Barcelona. Este encuentro cuenta con la participaci\u00f3n del IEMed.<\/p>\n\n\n\n<p><strong>JULIO<\/strong><\/p>\n\n\n\n<p>Los investigadores del GRESAM presentan su investigaci\u00f3n sobre \u00ablas revueltas perif\u00e9ricas en el Norte de \u00c1frica tras 2011\u00bb en el XIV Congreso Espa\u00f1ol de Ciencia Pol\u00edtica organizado por <a href=\"https:\/\/www.aecpa.es\/es-es\/xiv-congreso\/congress\/14\/\">Asociaci\u00f3n Espa\u00f1ola de Ciencia Pol\u00edtica y de la Administraci\u00f3n<\/a> en Salamanca 10-12 de julio.<\/p>\n\n\n\n<p>Investigadores del GRESAM participan en el XIII Congreso Espa\u00f1ol de Sociolog\u00eda organizado por la <a href=\"http:\/\/www.fes-sociologia.com\">Federaci\u00f3n Espa\u00f1ola de Sociolog\u00eda<\/a> del 3 al 6 de julio en Valencia.<\/p>\n\n\n\n<p><strong>MARZO<\/strong><\/p>\n\n\n\n<p>Los investigadores del GRESAM Miguel H. Larramendi y&nbsp;Larence Thieux a analizan en el peri\u00f3dico&nbsp;<em><a href=\"https:\/\/www.elmundo.es\/internacional\/2019\/03\/12\/5c86c3f2fdddffea018b46ca.html?fbclid=IwAR2aaumuLP1eTwL4cuO2CUb8i5SaFwLCEAUX1zK5BiaoidfmhiVDXdXbNuA\">El Mundo<\/a><\/em><a href=\"https:\/\/www.elmundo.es\/internacional\/2019\/03\/12\/5c86c3f2fdddffea018b46ca.html?fbclid=IwAR2aaumuLP1eTwL4cuO2CUb8i5SaFwLCEAUX1zK5BiaoidfmhiVDXdXbNuA\">&nbsp;<\/a>el anuncio del presidente argelino, Abdelaziz Buteflika, de no presentarse a un quinto mandato presidencial.<\/p>\n\n\n\n<p><strong>FEBRERO<\/strong><\/p>\n\n\n\n<p>El GRESAM organiza en la Facultad de Humanidades de Toledo la conferencia <em>Conquista en Argelia en el siglo XIX<\/em> impartida por el Catedr\u00e1tico de Historia del Islam Bernab\u00e9 L\u00f3pez Garc\u00eda, Universidad Aut\u00f3noma de Madrid. Esta conferencia inaugura el Seminario de Historia Colonial. La Conferencia tendr\u00e1 lugar el pr\u00f3ximo martes 19 de febrero de 2019 a las 09:30h en el Aula 1.1.<\/p>\n\n\n\n<p><br><\/p>\n\n\n\n<p><\/p>\n","protected":false},"excerpt":{"rendered":"<p>DICIEMBRE Los investigadores del GRESAM Bosco Govantes, B\u00e1rbara Azaola, Miguel H. Larramendi y Beatriz Tom\u00e9 participan junto a Victoria Veguilla en el Seminario \u00abCambio pol\u00edtico en el norte de \u00c1frica tras la Primavera \u00c1rabe\u00bb que tendr\u00e1 lugar en la Universidad Pablo Olavide de Sevilla el 4 de Diciembre de 2019 a las 17:30h en el &hellip; <\/p>\n<p class=\"link-more\"><a href=\"https:\/\/blog.uclm.es\/grupogresam\/actividades-2019\/\" class=\"more-link\">Continuar leyendo<span class=\"screen-reader-text\"> \u00abActividades 2019\u00bb<\/span><\/a><\/p>\n","protected":false},"author":284,"featured_media":0,"parent":0,"menu_order":0,"comment_status":"closed","ping_status":"closed","template":"","meta":{"footnotes":""},"class_list":["post-626","page","type-page","status-publish","hentry"],"_links":{"self":[{"href":"https:\/\/blog.uclm.es\/grupogresam\/wp-json\/wp\/v2\/pages\/626","targetHints":{"allow":["GET"]}}],"collection":[{"href":"https:\/\/blog.uclm.es\/grupogresam\/wp-json\/wp\/v2\/pages"}],"about":[{"href":"https:\/\/blog.uclm.es\/grupogresam\/wp-json\/wp\/v2\/types\/page"}],"author":[{"embeddable":true,"href":"https:\/\/blog.uclm.es\/grupogresam\/wp-json\/wp\/v2\/users\/284"}],"replies":[{"embeddable":true,"href":"https:\/\/blog.uclm.es\/grupogresam\/wp-json\/wp\/v2\/comments?post=626"}],"version-history":[{"count":0,"href":"https:\/\/blog.uclm.es\/grupogresam\/wp-json\/wp\/v2\/pages\/626\/revisions"}],"wp:attachment":[{"href":"https:\/\/blog.uclm.es\/grupogresam\/wp-json\/wp\/v2\/media?parent=626"}],"curies":[{"name":"wp","href":"https:\/\/api.w.org\/{rel}","templated":true}]}}