{"id":533,"date":"2018-12-18T12:02:42","date_gmt":"2018-12-18T11:02:42","guid":{"rendered":"http:\/\/blog.uclm.es\/grupogresam\/?page_id=533"},"modified":"2022-11-03T16:34:47","modified_gmt":"2022-11-03T16:34:47","slug":"beatriz-tome","status":"publish","type":"page","link":"https:\/\/blog.uclm.es\/grupogresam\/beatriz-tome\/","title":{"rendered":"Beatriz Tom\u00e9 Alonso"},"content":{"rendered":"<p><img loading=\"lazy\" decoding=\"async\" class=\"size-medium wp-image-430 alignleft\" src=\"https:\/\/blog.uclm.es\/grupogresam\/wp-content\/uploads\/sites\/194\/2018\/12\/Captura-de-pantalla-2018-12-17-a-las-16.19.18-300x292.png\" alt=\"\" width=\"300\" height=\"292\" srcset=\"https:\/\/blog.uclm.es\/grupogresam\/wp-content\/uploads\/sites\/194\/2018\/12\/Captura-de-pantalla-2018-12-17-a-las-16.19.18-300x292.png 300w, https:\/\/blog.uclm.es\/grupogresam\/wp-content\/uploads\/sites\/194\/2018\/12\/Captura-de-pantalla-2018-12-17-a-las-16.19.18.png 319w\" sizes=\"auto, (max-width: 300px) 100vw, 300px\" \/><\/p>\n<p>Dra. Beatriz Tom\u00e9 Alonso<\/p>\n<p>Profesora del Departamento de Ciencia Pol\u00edtica y de la Administraci\u00f3n de la Universidad Nacional de Educaci\u00f3n a Distancia.<\/p>\n<p><strong>L\u00edneas de investigaci\u00f3n:<\/strong> Pol\u00edtica Exterior, Marruecos, Norte de \u00c1frica<\/p>\n<p><strong>Correo electr\u00f3nico<\/strong>: btome@poli.uned.es<\/p>\n<p><strong>Publicaciones destacadas:<\/strong><\/p>\n<p>Abouzzohour, Yasmina and Tom\u00e9 Alonso, Beatriz (2019): \u00ab<a href=\"https:\/\/www.tandfonline.com\/doi\/full\/10.1080\/13629387.2018.1454652\">Moroccan foreign policy after the Arab Spring: a turn for the Islamists or persistence of royal leadership?\u00bb<\/a>, <em>The Journal of North African Studies, <\/em>24(3), pp. 444-467.<\/p>\n<p>Tom\u00e9 Alonso, Beatriz (2018): \u00abParty of Justice and Development: A Strategy of Differentiation\u00bb, <em>Issue Brief<\/em> n\u00ba 05.30.18, Rice University&#8217;s Baker Institute for Public Policy, Houston, Texas.<\/p>\n<p>Tom\u00e9 Alonso, Beatriz (Coord.) (2018): \u201cLa dimensi\u00f3n olvidada: la conexi\u00f3n entre lo dom\u00e9stico y lo internacional en el Norte de \u00c1frica\u201d, <a href=\"http:\/\/www.unisci.es\/unisci-journal-revista-unisci-no-47-may-mayo-2018\/\"><i>Revista UNISCI<\/i>,<\/a> N\u00famero especial 47, Mayo 2018.<\/p>\n<p>Tom\u00e9 Alonso, Beatriz (2016): \u00abEl Partido de la Justicia y el Desarrollo (PJD) en la arena local: perfil sociodemogr\u00e1fico. La diferenciaci\u00f3n como argumento pol\u00edtico\u00bb, <em>Revisa de Estudios Internacionales Mediterr\u00e1neos<\/em>, 20, pp. 145-170.<\/p>\n<p><a href=\"https:\/\/uloyola.academia.edu\/BeatrizTome\">Academia<\/a><\/p>\n<p><a href=\"https:\/\/dialnet.unirioja.es\/servlet\/autor?codigo=2438983\">Dialnet<\/a><\/p>\n<p><a href=\"https:\/\/www.researchgate.net\/profile\/Beatriz_Tome2\">ResearchGate<\/a><\/p>\n<p><a href=\"https:\/\/twitter.com\/btomealonso\">Twitter<\/a><\/p>\n","protected":false},"excerpt":{"rendered":"<p>Dra. Beatriz Tom\u00e9 Alonso Profesora del Departamento de Ciencia Pol\u00edtica y de la Administraci\u00f3n de la Universidad Nacional de Educaci\u00f3n a Distancia. L\u00edneas de investigaci\u00f3n: Pol\u00edtica Exterior, Marruecos, Norte de \u00c1frica Correo electr\u00f3nico: btome@poli.uned.es Publicaciones destacadas: Abouzzohour, Yasmina and Tom\u00e9 Alonso, Beatriz (2019): \u00abMoroccan foreign policy after the Arab Spring: a turn for the Islamists &hellip; <\/p>\n<p class=\"link-more\"><a href=\"https:\/\/blog.uclm.es\/grupogresam\/beatriz-tome\/\" class=\"more-link\">Continuar leyendo<span class=\"screen-reader-text\"> \u00abBeatriz Tom\u00e9 Alonso\u00bb<\/span><\/a><\/p>\n","protected":false},"author":284,"featured_media":0,"parent":0,"menu_order":0,"comment_status":"closed","ping_status":"closed","template":"","meta":{"footnotes":""},"class_list":["post-533","page","type-page","status-publish","hentry"],"_links":{"self":[{"href":"https:\/\/blog.uclm.es\/grupogresam\/wp-json\/wp\/v2\/pages\/533","targetHints":{"allow":["GET"]}}],"collection":[{"href":"https:\/\/blog.uclm.es\/grupogresam\/wp-json\/wp\/v2\/pages"}],"about":[{"href":"https:\/\/blog.uclm.es\/grupogresam\/wp-json\/wp\/v2\/types\/page"}],"author":[{"embeddable":true,"href":"https:\/\/blog.uclm.es\/grupogresam\/wp-json\/wp\/v2\/users\/284"}],"replies":[{"embeddable":true,"href":"https:\/\/blog.uclm.es\/grupogresam\/wp-json\/wp\/v2\/comments?post=533"}],"version-history":[{"count":1,"href":"https:\/\/blog.uclm.es\/grupogresam\/wp-json\/wp\/v2\/pages\/533\/revisions"}],"predecessor-version":[{"id":1588,"href":"https:\/\/blog.uclm.es\/grupogresam\/wp-json\/wp\/v2\/pages\/533\/revisions\/1588"}],"wp:attachment":[{"href":"https:\/\/blog.uclm.es\/grupogresam\/wp-json\/wp\/v2\/media?parent=533"}],"curies":[{"name":"wp","href":"https:\/\/api.w.org\/{rel}","templated":true}]}}