{"id":526,"date":"2018-12-18T11:49:36","date_gmt":"2018-12-18T10:49:36","guid":{"rendered":"http:\/\/blog.uclm.es\/grupogresam\/?page_id=526"},"modified":"2018-12-18T11:49:36","modified_gmt":"2018-12-18T10:49:36","slug":"rosario-montoro-murillo","status":"publish","type":"page","link":"https:\/\/blog.uclm.es\/grupogresam\/rosario-montoro-murillo\/","title":{"rendered":"Rosario Montoro Murillo"},"content":{"rendered":"<p><img loading=\"lazy\" decoding=\"async\" class=\"size-full wp-image-529 alignleft\" src=\"https:\/\/blog.uclm.es\/grupogresam\/wp-content\/uploads\/sites\/194\/2018\/12\/Captura-de-pantalla-2018-12-18-a-las-11.52.00.png\" alt=\"\" width=\"151\" height=\"116\">Dra. Rosario Montoro Murillo<\/p>\n<p>Profesora de Estudios \u00c1rabes e Isl\u00e1micos en la Facultad de Letras de Ciudad Real, UCLM.<\/p>\n<p><strong>Correo electr\u00f3nico<\/strong>: Rosario.Montoro@uclm.es<\/p>\n<p><strong>L\u00edneas de investigaci\u00f3n<\/strong>: Relaciones Culturales, Lengua \u00c1rabe, Literatura y Traducci\u00f3n<\/p>\n","protected":false},"excerpt":{"rendered":"<p>Dra. Rosario Montoro Murillo Profesora de Estudios \u00c1rabes e Isl\u00e1micos en la Facultad de Letras de Ciudad Real, UCLM. Correo electr\u00f3nico: Rosario.Montoro@uclm.es L\u00edneas de investigaci\u00f3n: Relaciones Culturales, Lengua \u00c1rabe, Literatura y Traducci\u00f3n<\/p>\n","protected":false},"author":284,"featured_media":0,"parent":0,"menu_order":0,"comment_status":"closed","ping_status":"closed","template":"","meta":{"footnotes":""},"class_list":["post-526","page","type-page","status-publish","hentry"],"_links":{"self":[{"href":"https:\/\/blog.uclm.es\/grupogresam\/wp-json\/wp\/v2\/pages\/526","targetHints":{"allow":["GET"]}}],"collection":[{"href":"https:\/\/blog.uclm.es\/grupogresam\/wp-json\/wp\/v2\/pages"}],"about":[{"href":"https:\/\/blog.uclm.es\/grupogresam\/wp-json\/wp\/v2\/types\/page"}],"author":[{"embeddable":true,"href":"https:\/\/blog.uclm.es\/grupogresam\/wp-json\/wp\/v2\/users\/284"}],"replies":[{"embeddable":true,"href":"https:\/\/blog.uclm.es\/grupogresam\/wp-json\/wp\/v2\/comments?post=526"}],"version-history":[{"count":0,"href":"https:\/\/blog.uclm.es\/grupogresam\/wp-json\/wp\/v2\/pages\/526\/revisions"}],"wp:attachment":[{"href":"https:\/\/blog.uclm.es\/grupogresam\/wp-json\/wp\/v2\/media?parent=526"}],"curies":[{"name":"wp","href":"https:\/\/api.w.org\/{rel}","templated":true}]}}