{"id":48,"date":"2013-10-26T13:05:06","date_gmt":"2013-10-26T12:05:06","guid":{"rendered":"http:\/\/blog.uclm.es\/grupogresam\/?page_id=48"},"modified":"2013-10-26T13:05:06","modified_gmt":"2013-10-26T12:05:06","slug":"investigacion","status":"publish","type":"page","link":"https:\/\/blog.uclm.es\/grupogresam\/investigacion\/","title":{"rendered":"Investigaci\u00f3n"},"content":{"rendered":"<p><a href=\"http:\/\/blog.uclm.es\/grupogresam\/cambio-religioso-en-espana-secularizacion-diversidad-religiosa-e-islam\/\"><em>Cambio Religioso en Espa\u00f1a. Secularizaci\u00f3n, diversidad religiosa e Islam<\/em><\/a> es un proyecto de investigaci\u00f3n financiado por la Junta de Comunidades de Castilla-La Mancha durante el periodo 2014-2017 (PPII-2014-020-P).<\/p>\n<p><a href=\"http:\/\/blog.uclm.es\/grupogresam\/la-dimension-internacional-de-las-transformaciones-politicas-en-el-mundo-arabe-e-islamico\/\"><em>La<\/em><\/a><span style=\"font-size: 1rem\"><em><a href=\"http:\/\/blog.uclm.es\/grupogresam\/la-dimension-internacional-de-las-transformaciones-politicas-en-el-mundo-arabe-e-islamico\/\">&nbsp;<\/a><a href=\"http:\/\/blog.uclm.es\/grupogresam\/la-dimension-internacional-de-las-transformaciones-politicas-en-el-mundo-arabe-e-islamico\/\">dimensi\u00f3n internacional de las transformaciones pol\u00edticas en el mundo \u00e1rabe e isl\u00e1mico<\/a><\/em> es un proyecto de investigaci\u00f3n financiado por&nbsp;<\/span><span style=\"font-size: 1rem\">Ministerio de Econom\u00eda y Competitividad durante el periodo 2015-2017 (<\/span><span style=\"font-size: 1rem\">CSO2014-52998-C3-3-P<\/span><span style=\"font-size: 1rem\">).&nbsp;<\/span><\/p>\n<p>&nbsp;<\/p>\n","protected":false},"excerpt":{"rendered":"<p>Cambio Religioso en Espa\u00f1a. Secularizaci\u00f3n, diversidad religiosa e Islam es un proyecto de investigaci\u00f3n financiado por la Junta de Comunidades de Castilla-La Mancha durante el periodo 2014-2017 (PPII-2014-020-P). La&nbsp;dimensi\u00f3n internacional de las transformaciones pol\u00edticas en el mundo \u00e1rabe e isl\u00e1mico es un proyecto de investigaci\u00f3n financiado por&nbsp;Ministerio de Econom\u00eda y Competitividad durante el periodo 2015-2017 &hellip; <\/p>\n<p class=\"link-more\"><a href=\"https:\/\/blog.uclm.es\/grupogresam\/investigacion\/\" class=\"more-link\">Continuar leyendo<span class=\"screen-reader-text\"> \u00abInvestigaci\u00f3n\u00bb<\/span><\/a><\/p>\n","protected":false},"author":284,"featured_media":0,"parent":0,"menu_order":0,"comment_status":"closed","ping_status":"closed","template":"","meta":{"footnotes":""},"class_list":["post-48","page","type-page","status-publish","hentry"],"_links":{"self":[{"href":"https:\/\/blog.uclm.es\/grupogresam\/wp-json\/wp\/v2\/pages\/48","targetHints":{"allow":["GET"]}}],"collection":[{"href":"https:\/\/blog.uclm.es\/grupogresam\/wp-json\/wp\/v2\/pages"}],"about":[{"href":"https:\/\/blog.uclm.es\/grupogresam\/wp-json\/wp\/v2\/types\/page"}],"author":[{"embeddable":true,"href":"https:\/\/blog.uclm.es\/grupogresam\/wp-json\/wp\/v2\/users\/284"}],"replies":[{"embeddable":true,"href":"https:\/\/blog.uclm.es\/grupogresam\/wp-json\/wp\/v2\/comments?post=48"}],"version-history":[{"count":0,"href":"https:\/\/blog.uclm.es\/grupogresam\/wp-json\/wp\/v2\/pages\/48\/revisions"}],"wp:attachment":[{"href":"https:\/\/blog.uclm.es\/grupogresam\/wp-json\/wp\/v2\/media?parent=48"}],"curies":[{"name":"wp","href":"https:\/\/api.w.org\/{rel}","templated":true}]}}