{"id":456,"date":"2018-01-17T18:36:11","date_gmt":"2018-01-17T17:36:11","guid":{"rendered":"http:\/\/blog.uclm.es\/grupogresam\/?page_id=456"},"modified":"2023-03-07T02:30:28","modified_gmt":"2023-03-07T02:30:28","slug":"crisis-y-procesos-de-cambio-regional-en-el-norte-de-africa-sus-implicaciones-para-espana","status":"publish","type":"page","link":"https:\/\/blog.uclm.es\/grupogresam\/crisis-y-procesos-de-cambio-regional-en-el-norte-de-africa-sus-implicaciones-para-espana\/","title":{"rendered":"Crisis y procesos de cambio regional en el Norte de \u00c1frica. Sus implicaciones para Espa\u00f1a"},"content":{"rendered":"<p><span style=\"font-size: 1rem\"><i>Crisis y procesos de cambio regional en el Norte de \u00c1frica. Sus implicaciones para Espa\u00f1a<\/i>\u00a0es un proyecto de investigaci\u00f3n financiado por\u00a0<\/span><span style=\"font-size: 1rem\">Ministerio de Econom\u00eda y Competitividad durante el periodo 2018-2021 (<\/span><span style=\"font-size: 1rem\">CSO2017-84949-C3-3-P<\/span><span style=\"font-size: 1rem\">).\u00a0<\/span><\/p>\n<p>El proyecto est\u00e1 dirigido por <a href=\"http:\/\/blog.uclm.es\/grupogresam\/?page_id=35\">Miguel Hernando de Larramendi<\/a> y <a href=\"https:\/\/blog.uclm.es\/grupogresam\/wp-admin\/post.php?post=456&amp;action=edit\">B\u00e1rbara Azaola Piazza<\/a> y cuenta con la participaci\u00f3n de una serie de investigadores del GRESAM adscritos a la UCLM y con docentes e investigadores de universidades, centros de investigaci\u00f3n espa\u00f1oles.<\/p>\n<h1><strong>Miembros del equipo:<\/strong><\/h1>\n<p><a href=\"http:\/\/blog.uclm.es\/grupogresam\/?page_id=35\">Miguel Hernando de Larramendi<\/a><\/p>\n<p><a href=\"http:\/\/blog.uclm.es\/grupogresam\/?page_id=37\">B\u00e1rbara Azaola Piazza<\/a><\/p>\n<p><a href=\"https:\/\/blog.uclm.es\/grupogresam\/?page_id=1178\"><span style=\"font-size: 1rem\">Aurelia Ma\u00f1\u00e9 Estrada<\/span><\/a><\/p>\n<p><span style=\"font-size: 1rem\">Paloma Gonz\u00e1lez del Mi\u00f1o <\/span><\/p>\n<p><span style=\"font-size: 1rem\">Mar\u00eda Dolores Algora Weber <\/span><\/p>\n<p><a href=\"http:\/\/blog.uclm.es\/grupogresam\/?page_id=533\">Beatriz Tom\u00e9 Alonso<\/a><\/p>\n<p><a href=\"https:\/\/blog.uclm.es\/grupogresam\/?page_id=1235\">Irene Fern\u00e1ndez Molina<\/a><\/p>\n<p>David Nievas Bullejos<\/p>\n<p><a href=\"http:\/\/blog.uclm.es\/grupogresam\/?page_id=197\">Bosco Govantes Romero<\/a><\/p>\n<p><a href=\"http:\/\/blog.uclm.es\/grupogresam\/?page_id=41\">Irene Gonz\u00e1lez Gonz\u00e1lez<\/a><\/p>\n<p><a href=\"https:\/\/blog.uclm.es\/grupogresam\/?page_id=688\">Laurence Thieux<\/a><\/p>\n<p><a href=\"http:\/\/blog.uclm.es\/grupogresam\/juan-jose-vagni\/\">Juan Jos\u00e9 Vagni<\/a><\/p>\n<p>Elvira S\u00e1nchez Mateos<\/p>\n<h1><strong>Difusi\u00f3n de resultados<\/strong><\/h1>\n<p><strong>Publicaciones<\/strong><\/p>\n\n\n<p>Azaola Piazza, B\u00e1rbara; Desrues, Thierry; Hernando de Larramendi, Miguel; Planet Contreras, Ana I. y Ramirez, \u00c1ngeles (eds.) (2022),\u00a0<em>Cambio, crisis y movilizaci\u00f3n en el Mediterr\u00e1neo Occidental,\u00a0<\/em>Comares, Granada.<\/p>\n\n\n\n<p>Fern\u00e1ndez-Molina, Irene y Miguel Hernando de Larramendi (eds.) (2021),\u00a0<em>Foreign Policy in North Africa: Navigating Global, Regional and Domestic Transformations<\/em>, Londres\/Nueva York, Routledge.<\/p>\n\n\n\n<p>Fern\u00e1ndez Molina, Irene y\u00a0Hernando de Larramendi, Miguel  (2020): \u201c<a href=\"https:\/\/www.tandfonline.com\/doi\/full\/10.1080\/13629395.2020.1758449\">Migration diplomacy in a de facto destination country: Morocco\u2019s new intermestic migration policy and international socialization by\/with the EU<\/a>\u201d,\u00a0<em>Mediterranean Politics<\/em>.<\/p>\n\n\n\n<p>Azaola-Piazza, B\u00e1rbara and Hernando de Larramendi, Miguel (2020), \u201c<a href=\"https:\/\/www.tandfonline.com\/doi\/full\/10.1080\/13569775.2020.1858565\">The interplay of regional and domestic politics in Egypt: the case of Salafism\u201d<\/a>,\u00a0<em>Contemporary Politics,\u00a0<\/em>Special Issue, Beatriz Tom\u00e9-Alonso and Giulia Cimini (Edit.)\u00a0<a href=\"https:\/\/www.tandfonline.com\/toc\/ccpo20\/27\/2\"><em>Disentangling Islamist Politics in North Africa: The Domestic, Regional and International Nexus,\u00a0<\/em><\/a>Vol. 27, Issue 2, pp. 141-159. <\/p>\n\n\n\n<p>Fern\u00e1ndez Molina, Irene; Feliu, Laura; y Hernando de Larramendi (2019):&nbsp;\u00bb&nbsp;<em><a href=\"https:\/\/www.tandfonline.com\/toc\/fnas20\/24\/3?nav=tocList\">The \u2018Subaltern\u2019 Foreign Policies of North African Countries<\/a>\u00bb&nbsp;, &nbsp;en <a href=\"https:\/\/www.tandfonline.com\/doi\/full\/10.1080\/13629387.2018.1454648\">The Journal of North African Studies, <\/a><\/em>&nbsp;24 ( 3), &nbsp;2019.<\/p>\n\n\n\n<p>Thieux, Laurence y Hernando de Larramendi, Miguel (2019): \u201c<a href=\"https:\/\/dialnet.unirioja.es\/servlet\/articulo?codigo=7006991\">Argelia: aspiraciones democr\u00e1ticas<\/a>\u201d,&nbsp;<em>Pol\u00edtica Exterior<\/em>, 190, pp. 38-45.&nbsp;<\/p>\n\n\n\n<p>Hernando de Larramendi, Miguel y  Azaola, B\u00e1rbara (2018): \u00ab<a href=\"https:\/\/revistas.ucm.es\/index.php\/POSO\/article\/view\/58319\">Egipto y el escenario regional. Adaptaciones y continuidad (2011-2016)<\/a>\u00ab, <em>Revista Pol\u00edtica y Sociedad<\/em>, 33 (3). <\/p>\n\n\n\n<p>Hernando de Larramendi, Miguel y Thieux, Laurence (2018):  \u00ab<a href=\"https:\/\/www.cidob.org\/ca\/publicacions\/series_de_publicacio\/notes_internacionals\/n1_203\/protestas_en_la_periferia_contestacion_y_desequilibrios_en_el_magreb\">Protestas en la periferia. Contestaci\u00f3n y desequilibrios en el Magreb<\/a>\u00ab, CIDOB 10\/2018.<\/p>\n\n\n\n<p><strong>Actividades<\/strong><\/p>\n\n\n\n<p>Investigadores e investigadoras del proyecto participan en el&nbsp;<a href=\"https:\/\/www.insaniyyat.com\/fr\">F\u00f3rum Insaniyyat 2022<\/a>&nbsp;celebrado en la Universidad de La Manouba (T\u00fanez) en un panel dirigido por Miguel Hernando de Larramendi bajo el t\u00edtulo&nbsp;<strong>Crises et processus de reconfiguration r\u00e9gionale en M\u00e9diterran\u00e9e occidentale<\/strong>. T\u00fanez, 21-24 de septiembre de 2022.<\/p>\n\n\n\n<p>La investigadora del proyecto Beatriz Tom\u00e9 ha coordinado junto a Miguel Hernando de Larramendi el grupo de trabajo GT 6.1&nbsp;<a href=\"https:\/\/aecpa.es\/es-es\/crisis-en-el-norte-de-africa-tecnocracia-regresion-autoritaria-y-rec\/congress-workgroups\/557\/\">\u201cCrisis en el norte de \u00c1frica: tecnocracia, regresi\u00f3n autoritaria y reconfiguraci\u00f3n regional\u201d&nbsp;<\/a>en el XVI Congreso Espa\u00f1ol de Ciencia Pol\u00edtica y de la Administraci\u00f3n, en el que investigadores del grupo han presentado sus ponencias. Organizado por la Asociaci\u00f3n Espa\u00f1ola de Ciencia Pol\u00edtica y de la Administraci\u00f3n (AECPA). Universitat de Girona, 7-9 septiembre 2022.<\/p>\n\n\n\n<p>Investigadores e investigadoras del proyecto presentan sus ponencias en el&nbsp;<a href=\"https:\/\/congreso2022.fes-sociologia.com\/\">XIV Congreso Espa\u00f1ol de Sociolog\u00eda<\/a>&nbsp;\u201cDesigualdades, fronteras y resiliencia. Sociolog\u00eda para crisis globales\u201d dentro del Grupo de Trabajo 32 \u201cEstudios internacionales, Estudios de \u00e1rea y globalizaci\u00f3n\u201d. Federaci\u00f3n Espa\u00f1ola de Sociolog\u00eda (FES), Universidad de Murcia, 29 junio \u2013 2 julio, 2022.<\/p>\n\n\n\n<p>El equipo del proyecto partir\u00e1n en el Seminario Internacional de Investigaci\u00f3n <em>Europe-North Africa Relations in a Changing Regional and Internacional Context<\/em>, celebrado en la Facultad de Humanidades de Toledo, Universidad de Castilla-La Mancha y est\u00e1 organizado por el GRESAM. Toledo, 7 de junio de 2022.<\/p>\n\n\n\n<p>Investigadores e investigadoras del proyecto participan entre el 23 y 25 de marzo de 2022 en el&nbsp;<em>Congreso Internacional. Cambios, crisis y movilizaciones en el Mediterr\u00e1neo occidental<\/em>&nbsp;en C\u00f3rdoba.<\/p>\n\n\n\n<p>Investigadores del proyecto participan en la <em>Jornada internacional de divulgaci\u00f3n e investigadora: Nuevos y viejos actores internacionales en Oriente Medio y Norte de \u00c1frica<\/em>. La jornada tendr\u00e1 lugar en la Facultad de Humanidades de Toledo, Universidad de Castilla-La Mancha y est\u00e1 organizado por el GRESAM. Toledo, 20 de diciembre de 2021.<\/p>\n\n\n\n<p>Investigadores del proyecto organizan y presentan sus investigaciones en el seminario internacional&nbsp;<em><a rel=\"noreferrer noopener\" href=\"https:\/\/humanidadestoledo.uclm.es\/el-norte-de-africa-diez-anos-despues-de-las-revueltas-arabes\/\" target=\"_blank\">El norte de \u00c1frica diez a\u00f1os despu\u00e9s de las revueltas \u00e1rabes: transformaciones pol\u00edticas y din\u00e1micas sociales<\/a><\/em>. El seminario tendr\u00e1 lugar en la Facultad de Humanidades de Toledo, Universidad de Castilla-La Mancha. Toledo, 22-24 de marzo de 2021, Facultad de Humanidades de Toledo y el GRESAM.<\/p>\n\n\n\n<p>Los investigadores del proyecto presentan su investigaci\u00f3n sobre \u00abLas revueltas perif\u00e9ricas en el Norte de \u00c1frica tras 2011\u00bb en el XIV Congreso Espa\u00f1ol de Ciencia Pol\u00edtica organizado por <a href=\"https:\/\/www.aecpa.es\/es-es\/xiv-congreso\/congress\/14\/\">Asociaci\u00f3n Espa\u00f1ola de Ciencia Pol\u00edtica y de la Administraci\u00f3n<\/a> en Salamanca 10-12 de julio de 2019.<\/p>\n\n\n\n<p>Investigadores del proyecto participan en el XIII Congreso Espa\u00f1ol de Sociolog\u00eda organizado por la <a href=\"http:\/\/www.fes-sociologia.com\">Federaci\u00f3n Espa\u00f1ola de Sociolog\u00eda <\/a>del 3 al 6 de julio de 2019 en Valencia.<\/p>\n","protected":false},"excerpt":{"rendered":"<p>Crisis y procesos de cambio regional en el Norte de \u00c1frica. Sus implicaciones para Espa\u00f1a\u00a0es un proyecto de investigaci\u00f3n financiado por\u00a0Ministerio de Econom\u00eda y Competitividad durante el periodo 2018-2021 (CSO2017-84949-C3-3-P).\u00a0 El proyecto est\u00e1 dirigido por Miguel Hernando de Larramendi y B\u00e1rbara Azaola Piazza y cuenta con la participaci\u00f3n de una serie de investigadores del GRESAM &hellip; <\/p>\n<p class=\"link-more\"><a href=\"https:\/\/blog.uclm.es\/grupogresam\/crisis-y-procesos-de-cambio-regional-en-el-norte-de-africa-sus-implicaciones-para-espana\/\" class=\"more-link\">Continuar leyendo<span class=\"screen-reader-text\"> \u00abCrisis y procesos de cambio regional en el Norte de \u00c1frica. Sus implicaciones para Espa\u00f1a\u00bb<\/span><\/a><\/p>\n","protected":false},"author":284,"featured_media":0,"parent":0,"menu_order":0,"comment_status":"closed","ping_status":"closed","template":"","meta":{"footnotes":""},"class_list":["post-456","page","type-page","status-publish","hentry"],"_links":{"self":[{"href":"https:\/\/blog.uclm.es\/grupogresam\/wp-json\/wp\/v2\/pages\/456","targetHints":{"allow":["GET"]}}],"collection":[{"href":"https:\/\/blog.uclm.es\/grupogresam\/wp-json\/wp\/v2\/pages"}],"about":[{"href":"https:\/\/blog.uclm.es\/grupogresam\/wp-json\/wp\/v2\/types\/page"}],"author":[{"embeddable":true,"href":"https:\/\/blog.uclm.es\/grupogresam\/wp-json\/wp\/v2\/users\/284"}],"replies":[{"embeddable":true,"href":"https:\/\/blog.uclm.es\/grupogresam\/wp-json\/wp\/v2\/comments?post=456"}],"version-history":[{"count":8,"href":"https:\/\/blog.uclm.es\/grupogresam\/wp-json\/wp\/v2\/pages\/456\/revisions"}],"predecessor-version":[{"id":1652,"href":"https:\/\/blog.uclm.es\/grupogresam\/wp-json\/wp\/v2\/pages\/456\/revisions\/1652"}],"wp:attachment":[{"href":"https:\/\/blog.uclm.es\/grupogresam\/wp-json\/wp\/v2\/media?parent=456"}],"curies":[{"name":"wp","href":"https:\/\/api.w.org\/{rel}","templated":true}]}}