{"id":37,"date":"2018-10-26T08:51:10","date_gmt":"2018-10-26T07:51:10","guid":{"rendered":"http:\/\/blog.uclm.es\/grupogresam\/?page_id=37"},"modified":"2023-03-07T02:15:11","modified_gmt":"2023-03-07T02:15:11","slug":"barbara-azola-piazza","status":"publish","type":"page","link":"https:\/\/blog.uclm.es\/grupogresam\/quienes-somos\/barbara-azola-piazza\/","title":{"rendered":"B\u00e1rbara Azaola Piazza"},"content":{"rendered":"<p><img loading=\"lazy\" decoding=\"async\" class=\"size-medium wp-image-422 alignleft\" src=\"https:\/\/blog.uclm.es\/grupogresam\/wp-content\/uploads\/sites\/194\/2018\/12\/Captura-de-pantalla-2018-12-17-a-las-15.57.16-300x281.png\" alt=\"\" width=\"300\" height=\"281\" srcset=\"https:\/\/blog.uclm.es\/grupogresam\/wp-content\/uploads\/sites\/194\/2018\/12\/Captura-de-pantalla-2018-12-17-a-las-15.57.16-300x281.png 300w, https:\/\/blog.uclm.es\/grupogresam\/wp-content\/uploads\/sites\/194\/2018\/12\/Captura-de-pantalla-2018-12-17-a-las-15.57.16.png 308w\" sizes=\"auto, (max-width: 300px) 100vw, 300px\" \/><\/p>\n<p>Dra. B\u00e1rbara Azaola Piazza<\/p>\n<p>Profesora Titular del \u00c1rea de Estudios \u00c1rabes e Isl\u00e1micos en la Facultad de Humanidades de Toledo (UCLM) e investigadora de la Escuela de Traductores de Toledo (UCLM).<\/p>\n<p>\u00a0<\/p>\n<p><strong>L\u00edneas de investigaci\u00f3n<\/strong>:\u00a0Sistema pol\u00edtico egipcio, Procesos pol\u00edticos en el norte de \u00c1frica, Juventud y activismo pol\u00edtico en el mundo \u00e1rabe, Pol\u00edtica exterior espa\u00f1ola hacia pa\u00edses \u00e1rabes.<\/p>\n<p><strong>Correo electr\u00f3nico<\/strong>: Barbara.Azaola@uclm.es<\/p>\n<p><strong>Publicaciones destacadas:<\/strong><\/p>\n<p>Azaola Piazza, B\u00e1rbara; Desrues, Thierry; Hernando de Larramendi, Miguel; Planet Contreras, Ana I. y Ramirez, \u00c1ngeles (eds.) (2022),\u00a0<em>Cambio, crisis y movilizaci\u00f3n en el Mediterr\u00e1neo Occidental,\u00a0<\/em>Comares, Granada.<\/p>\n<p>Azaola Piazza, B\u00e1rbara and Hernando de Larramendi, Miguel (2021), \u00ab<span class=\"NLM_article-title hlFld-title\"><a href=\"https:\/\/www.tandfonline.com\/doi\/full\/10.1080\/13569775.2020.1858565\">The interplay of regional and domestic politics in Egypt: the case of Salafism\u00bb<\/a>, <em>Contemporary Politics, <\/em>Special Issue, Beatriz Tom\u00e9-Alonso and Giulia Cimini (Edit.) <a href=\"https:\/\/www.tandfonline.com\/toc\/ccpo20\/27\/2\"><em>Disentangling Islamist Politics in North Africa: The Domestic, Regional and International Nexus, <\/em><\/a>Vol. 27, Issue 2, pp. 141-159.<\/span><\/p>\n<p>Azaola Piazza, B\u00e1rbara (2021), \u201cThe Foreign Policy of post-Mubarak Egypt and the Strengthening of Relations with Saudi Arabia: Balancing between Economic Vulnerability and Regional and Regime Security\u201d en Irene Fern\u00e1ndez-Molina y Miguel Hernando de Larramendi (Ed.):<em> Foreign Policy in North Africa: Navigating Global, Regional and Domestic Transformations<\/em>, London, Routledge, 2021, pp. 401-425.<\/p>\n<p>Azaola Piazza, B\u00e1rbara (2020), \u201cEl fortalecimiento del autoritarismo en Egipto\u201d, en Itxaso Dom\u00ednguez de Olaz\u00e1bal y Elsa Aim\u00e9 Gonz\u00e1lez (Coord.): <a href=\"https:\/\/www.fundacionalternativas.org\/public\/storage\/publicaciones_archivos\/a09c8d21a6bfd59a820d5dd01f7806be.pdf\"><em>Informe \u00c1frica. Transformaciones, movilizaci\u00f3n y continuidad<\/em> <\/a>Fundaci\u00f3n Alternativas, pp. 119-130.<\/p>\n<p>Azaola Piazza, B\u00e1rbara (2019), \u00abThe Communist Movement in Egypt\u00bb en Laura Feliu y Ferran Izquierdo Brich (Eds.), <a href=\"https:\/\/www.routledge.com\/Communist-Parties-in-the-Middle-East-100-Years-of-History-1st-Edition\/Feliu-Izquierdo-Brichs\/p\/book\/9780367134457\">C<em>ommunist Parties in the Middle East. 100 Years of History<\/em><\/a>, Routledge.<\/p>\n<p>Azola Piazza, B\u00e1rbara (2019), \u00ab<a href=\"https:\/\/www.tandfonline.com\/doi\/full\/10.1080\/13629387.2018.1454650\">The foreign policy of post-Mubarak Egypt and the strengthening of relations with Saudi Arabia: balancing between economic vulnerability and regional and regime security<\/a>\u00ab, <em>The<\/em>\u00a0<em>Journal of North African Studies, <\/em>24 (3), pp. 401-425.<\/p>\n<p>Azaola, B\u00e1rbara y Miguel Hernando de Larramendi (2018), \u201c<a href=\"http:\/\/dx.doi.org\/10.5209\/POSO.58319\">El papel de Egipto en el escenario regional (2011-2016)<\/a>\u201d, <em>Pol\u00edtica y Sociedad,<\/em>\u00a055 (3), pp. 693-709.<\/p>\n<p>D\u00edaz Garc\u00eda, Ana Bel\u00e9n y Azaola Piazza, B\u00e1rbara (2015), \u201cLa pol\u00edtica de becas y la formaci\u00f3n de arabistas e hispanistas\u201d en Miguel Hernando de Larramendi, Irene Gonz\u00e1lez Gonz\u00e1lez y Bernab\u00e9 L\u00f3pez Garc\u00eda (Eds.), <em>El Instituto Hispano \u00c1rabe de Cultura. Or\u00edgenes y evoluci\u00f3n de la diplomacia p\u00fablica espa\u00f1ola hacia el mundo \u00e1rabe, <\/em>Madrid, AECID, pp. 227- 238.<\/p>\n<p>Azaola Piazza, B\u00e1rbara (2008),\u00a0<em>Historia del Egipto contempor\u00e1neo<\/em>, Madrid: Los libros de la Catarata.<\/p>\n<p><a href=\"https:\/\/uclm.academia.edu\/BarbaraAzaola\">Academia<\/a><\/p>\n<p><a href=\"https:\/\/dialnet.unirioja.es\/servlet\/autor?codigo=1344821\">Dialnet<\/a><\/p>\n<p><a href=\"https:\/\/twitter.com\/Bazaola\">Twitter<\/a><\/p>\n\n\n<p><\/p>\n","protected":false},"excerpt":{"rendered":"<p>Dra. B\u00e1rbara Azaola Piazza Profesora Titular del \u00c1rea de Estudios \u00c1rabes e Isl\u00e1micos en la Facultad de Humanidades de Toledo (UCLM) e investigadora de la Escuela de Traductores de Toledo (UCLM). \u00a0 L\u00edneas de investigaci\u00f3n:\u00a0Sistema pol\u00edtico egipcio, Procesos pol\u00edticos en el norte de \u00c1frica, Juventud y activismo pol\u00edtico en el mundo \u00e1rabe, Pol\u00edtica exterior espa\u00f1ola &hellip; <\/p>\n<p class=\"link-more\"><a href=\"https:\/\/blog.uclm.es\/grupogresam\/quienes-somos\/barbara-azola-piazza\/\" class=\"more-link\">Continuar leyendo<span class=\"screen-reader-text\"> \u00abB\u00e1rbara Azaola Piazza\u00bb<\/span><\/a><\/p>\n","protected":false},"author":284,"featured_media":0,"parent":27,"menu_order":0,"comment_status":"closed","ping_status":"closed","template":"","meta":{"footnotes":""},"class_list":["post-37","page","type-page","status-publish","hentry"],"_links":{"self":[{"href":"https:\/\/blog.uclm.es\/grupogresam\/wp-json\/wp\/v2\/pages\/37","targetHints":{"allow":["GET"]}}],"collection":[{"href":"https:\/\/blog.uclm.es\/grupogresam\/wp-json\/wp\/v2\/pages"}],"about":[{"href":"https:\/\/blog.uclm.es\/grupogresam\/wp-json\/wp\/v2\/types\/page"}],"author":[{"embeddable":true,"href":"https:\/\/blog.uclm.es\/grupogresam\/wp-json\/wp\/v2\/users\/284"}],"replies":[{"embeddable":true,"href":"https:\/\/blog.uclm.es\/grupogresam\/wp-json\/wp\/v2\/comments?post=37"}],"version-history":[{"count":2,"href":"https:\/\/blog.uclm.es\/grupogresam\/wp-json\/wp\/v2\/pages\/37\/revisions"}],"predecessor-version":[{"id":1640,"href":"https:\/\/blog.uclm.es\/grupogresam\/wp-json\/wp\/v2\/pages\/37\/revisions\/1640"}],"up":[{"embeddable":true,"href":"https:\/\/blog.uclm.es\/grupogresam\/wp-json\/wp\/v2\/pages\/27"}],"wp:attachment":[{"href":"https:\/\/blog.uclm.es\/grupogresam\/wp-json\/wp\/v2\/media?parent=37"}],"curies":[{"name":"wp","href":"https:\/\/api.w.org\/{rel}","templated":true}]}}