{"id":35,"date":"2018-10-26T08:50:49","date_gmt":"2018-10-26T07:50:49","guid":{"rendered":"http:\/\/blog.uclm.es\/grupogresam\/?page_id=35"},"modified":"2023-03-07T02:18:52","modified_gmt":"2023-03-07T02:18:52","slug":"miguel-hernando-de-larramendi","status":"publish","type":"page","link":"https:\/\/blog.uclm.es\/grupogresam\/quienes-somos\/miguel-hernando-de-larramendi\/","title":{"rendered":"Miguel Hernando de Larramendi Mart\u00ednez"},"content":{"rendered":"<p><img loading=\"lazy\" decoding=\"async\" class=\"size-medium wp-image-549 alignleft\" src=\"https:\/\/blog.uclm.es\/grupogresam\/wp-content\/uploads\/sites\/194\/2018\/12\/Captura-de-pantalla-2018-12-18-a-las-12.25.19-291x300.png\" alt=\"\" width=\"291\" height=\"300\" srcset=\"https:\/\/blog.uclm.es\/grupogresam\/wp-content\/uploads\/sites\/194\/2018\/12\/Captura-de-pantalla-2018-12-18-a-las-12.25.19-291x300.png 291w, https:\/\/blog.uclm.es\/grupogresam\/wp-content\/uploads\/sites\/194\/2018\/12\/Captura-de-pantalla-2018-12-18-a-las-12.25.19.png 472w\" sizes=\"auto, (max-width: 291px) 100vw, 291px\" \/>Dr. Miguel Hernando de Larramendi Mart\u00ednez, Director del GRESAM.<\/p>\n<p>Catedr\u00e1tico de Estudios \u00c1rabes e Isl\u00e1micos, Facultad de Humanidades de Toledo, UCLM.<\/p>\n<p><strong>L\u00edneas de investigaci\u00f3n<\/strong>:\u00a0Sistemas pol\u00edticos, Relaciones exteriores, Norte de \u00c1frica y Oriente Pr\u00f3ximo, Marruecos, Argelia, T\u00fanez, Pol\u00edtica exterior espa\u00f1ola, Islam, inmigraci\u00f3n y pluralismo religioso en Espa\u00f1a.<\/p>\n<p><strong>Correo electr\u00f3nico<\/strong>: miguel.hlarramendi@uclm.es<\/p>\n<p><strong>Publicaciones destacadas:<\/strong><\/p>\n<p>Azaola Piazza, B\u00e1rbara; Desrues, Thierry; Hernando de Larramendi, Miguel; Planet Contreras, Ana I. y Ramirez, \u00c1ngeles (eds.) (2022),\u00a0<em>Cambio, crisis y movilizaci\u00f3n en el Mediterr\u00e1neo Occidental,\u00a0<\/em>Comares, Granada.<\/p>\n<p>De la Cueva, Julio; \u00a0Planet Contreras, Ana I. \u00a0&amp; Miguel Hernando de Larramendi (2022),\u00a0<em>Religious Landscapes in Contemporary Spain, Sussex Academic Press.<\/em><\/p>\n<p>Hernando de Larramendi Mart\u00ednez, Miguel y Gonz\u00e1lez Gonz\u00e1lez, Irene (2022), \u00abIslam and Colonialism in Modern Spain\u00bb, en Julio de la Cueva, Ana I. Planet Contreras &amp; Miguel Hernando de Larramendi,\u00a0<em>Religious Landscapes in Contemporary Spain, Sussex Academic Press, <\/em>pp. 151-178.<\/p>\n<p>L\u00f3pez Garc\u00eda, Bernab\u00e9 y Miguel Hernando de Larramendi (2021), \u00ab<a href=\"https:\/\/www.politicaexterior.com\/articulo\/profundizando-en-las-crisis-con-marruecos\/\">Profundizando en la crisis con Marruecos<\/a>\u00ab,\u00a0<em>Afkar-Ideas,\u00a0<\/em>n\u00ba 63.<\/p>\n<p>Hernando de Larramendi, Miguel (2021), \u00ab<a href=\"https:\/\/www.politicaexterior.com\/articulo\/una-decada-de-protestas-en-el-mundo-arabe\/\">Una d\u00e9cada de protestas en el mundo \u00e1rabe\u00bb<\/a>, <em>Pol\u00edtica Exterior, <\/em>n\u00ba 200, marzo\/abril, pp.\u00a0 2-13.<\/p>\n<p>Fern\u00e1ndez-Molina, Irene y Miguel Hernando de Larramendi (eds.) (2021), <em>Foreign Policy in North Africa: Navigating Global, Regional and Domestic Transformations<\/em>, Londres\/Nueva York, Routledge.<\/p>\n<p>Fern\u00e1ndez-Molina, Irene y Miguel Hernando de Larramendi (2020) \u201c<a href=\"https:\/\/www.tandfonline.com\/doi\/abs\/10.1080\/13629395.2020.1758449?journalCode=fmed20\">Migration Diplomacy in a De Facto Destination Country: Morocco\u2019s New Intermestic Migration Policy and International Socialization by\/with the EU<\/a>\u201d, <em>Mediterranean Politic<\/em><em>s<\/em>.<\/p>\n<p>Azaola-Piazza, B\u00e1rbara and Hernando de Larramendi, Miguel (2020), \u00ab<span class=\"NLM_article-title hlFld-title\"><a href=\"https:\/\/www.tandfonline.com\/doi\/full\/10.1080\/13569775.2020.1858565\">The interplay of regional and domestic politics in Egypt: the case of Salafism\u00bb<\/a>, <em>Contemporary Politics, <\/em>Special Issue, Beatriz Tom\u00e9-Alonso and Giulia Cimini (Edit.) <a href=\"https:\/\/www.tandfonline.com\/toc\/ccpo20\/27\/2\"><em>Disentangling Islamist Politics in North Africa: The Domestic, Regional and International Nexus, <\/em><\/a>Vol. 27, Issue 2, pp. 141-159.<\/span><\/p>\n<p>Aurelia Ma\u00f1\u00e9, Laurence Thieux y Miguel Hernando de Larramendi (2019),\u00a0<em>Argelia en transici\u00f3n hacia una Segunda Rep\u00fablica<\/em>, Icaria, Barcelona.<\/p>\n<p>Hernando de Larramendi, Miguel; Fernandez Molina, Irene, y Laura Feliu (2019), \u00abT<a href=\"https:\/\/www.tandfonline.com\/doi\/full\/10.1080\/13629387.2018.1454648\">he &#8216;subaltern&#8217; foreign policies of North African countries: old and new responses to economic dependence, regional insecurity and domestic political change<\/a>\u00ab, in\u00a0<em>The Journal of North African Studies, 2<\/em>4 (3), pp. 356-375 .<\/p>\n<p>Hernando de Larramendi, Miguel (2019), \u00ab<a href=\"https:\/\/www.tandfonline.com\/doi\/full\/10.1080\/13629387.2018.1454657\">Doomed regionalism in a redrawn Maghreb? The changing shape of the rivalry between Algeria and Morocco in the post-2011 era<\/a>\u00ab, in <em>The Journal of North African Studies, <\/em>24(3), pp. 506-531.<\/p>\n<p>Azaola, B\u00e1rbara y Miguel Hernando de Larramendi (2018), \u201c<a href=\"http:\/\/dx.doi.org\/10.5209\/POSO.58319\">El papel de Egipto en el escenario regional (2011-2016)<\/a>\u201d, <em>Pol\u00edtica y Sociedad,<\/em>\u00a055 (3), pp. 693-709.<\/p>\n<p>Miguel Hernando de Larramendi (2018), \u201c<a href=\"http:\/\/dx.doi.org\/10.31439\/UNISCI-4\">Islam y pol\u00edtica exterior: el caso de Marruecos<\/a>\u201d, <em>Revista Unisci<\/em>, n\u00ba 47, pp. 85-104.<\/p>\n<p>Hernando de Larramendi, Miguel, y \u00a0Gonzalez Gonzalez, Irene (2018), \u201cIslam y colonialismo en la Espa\u00f1a contempor\u00e1nea\u201d, en\u00a0Julio de la Cueva, Miguel H. de Larramendi y Ana. I. Planet (eds.), <em>Encrucijadas del cambio religioso en Espa\u00f1a: secularizaci\u00f3n, diversidad religiosa e Islam<\/em>, Comares, Granada.<\/p>\n<p>Hernando de Larramendi, Miguel (2017), \u201cEspa\u00f1a ante la independencia de Marruecos. La mirada de los diplom\u00e1ticos\u201d en Eloy Mart\u00edn Corrales y Josep Pich Mitjana (eds.), <em>Espa\u00f1a frente a la independencia de Marruecos<\/em>, Bellaterra, Barcelona, pp.\u00a0 163-190.<\/p>\n<p>Hernando de Larramendi, Miguel y Fern\u00e1ndez Molina, Irene (2016), \u201cThe Evolving Foreign Policies of North African States (2011-2014): New Trends in Constraints, Political Processes and Behavior\u201d in Yahia H. Zoubir and Gregory White (eds.) <em>North African Politics: Change and Continuity,\u00a0 <\/em>Routledge.<\/p>\n<p>Hernando de Larramendi, Miguel (2016), \u201cEspa\u00f1a y el Mediterr\u00e1neo: entre las inercias de la pol\u00edtica pro-\u00e1rabe y los avatares de una descolonizaci\u00f3n por etapas (1953-1986)\u201d en Lorenzo Delgado G\u00f3mez-Escalonilla, Ricardo Mart\u00edn de la Guardia y Rosa Pardo Sanz. <em>La apertura internacional de Espa\u00f1a. Entre el franquismo y la democracia, 1953-1986<\/em>, Silex, Madrid, pp. 167-197.<\/p>\n<p>Hernando de Larramendi Martinez, Miguel; Gonzalez Gonzalez, Irene; y \u00a0Lopez Garcia, Bernab\u00e9 (eds.) (2015),\u00a0<em>El Instituto Hispano-\u00e1rabe de Cultura. Or\u00edgenes y evoluci\u00f3n de la diplomacia p\u00fablica hacia el mundo \u00e1rabe<\/em>, AECID, Madrid.<\/p>\n<p><a href=\"https:\/\/uclm.academia.edu\/MiguelDeLarramendi\">Academia<\/a><\/p>\n<p><a href=\"https:\/\/dialnet.unirioja.es\/servlet\/autor?codigo=1225297\">Dialnet<\/a><\/p>\n<p><a href=\"https:\/\/www.researchgate.net\/profile\/Miguel_Larramendi\">ResearchGate<\/a><\/p>\n<p><a href=\"https:\/\/twitter.com\/mhlarramendi\">Twitter<\/a><\/p>\n<p><a href=\"https:\/\/scholar.google.com\/citations?user=RSUDvjQAAAAJ&amp;hl=en&amp;authuser=2\">Google Scholar<\/a><\/p>\n<p><a href=\"https:\/\/orcid.org\/0000-0002-0633-3178\">Orcid<\/a><\/p>\n","protected":false},"excerpt":{"rendered":"<p>Dr. Miguel Hernando de Larramendi Mart\u00ednez, Director del GRESAM. Catedr\u00e1tico de Estudios \u00c1rabes e Isl\u00e1micos, Facultad de Humanidades de Toledo, UCLM. L\u00edneas de investigaci\u00f3n:\u00a0Sistemas pol\u00edticos, Relaciones exteriores, Norte de \u00c1frica y Oriente Pr\u00f3ximo, Marruecos, Argelia, T\u00fanez, Pol\u00edtica exterior espa\u00f1ola, Islam, inmigraci\u00f3n y pluralismo religioso en Espa\u00f1a. Correo electr\u00f3nico: miguel.hlarramendi@uclm.es Publicaciones destacadas: Azaola Piazza, B\u00e1rbara; Desrues, &hellip; <\/p>\n<p class=\"link-more\"><a href=\"https:\/\/blog.uclm.es\/grupogresam\/quienes-somos\/miguel-hernando-de-larramendi\/\" class=\"more-link\">Continuar leyendo<span class=\"screen-reader-text\"> \u00abMiguel Hernando de Larramendi Mart\u00ednez\u00bb<\/span><\/a><\/p>\n","protected":false},"author":284,"featured_media":0,"parent":27,"menu_order":0,"comment_status":"closed","ping_status":"closed","template":"","meta":{"footnotes":""},"class_list":["post-35","page","type-page","status-publish","hentry"],"_links":{"self":[{"href":"https:\/\/blog.uclm.es\/grupogresam\/wp-json\/wp\/v2\/pages\/35","targetHints":{"allow":["GET"]}}],"collection":[{"href":"https:\/\/blog.uclm.es\/grupogresam\/wp-json\/wp\/v2\/pages"}],"about":[{"href":"https:\/\/blog.uclm.es\/grupogresam\/wp-json\/wp\/v2\/types\/page"}],"author":[{"embeddable":true,"href":"https:\/\/blog.uclm.es\/grupogresam\/wp-json\/wp\/v2\/users\/284"}],"replies":[{"embeddable":true,"href":"https:\/\/blog.uclm.es\/grupogresam\/wp-json\/wp\/v2\/comments?post=35"}],"version-history":[{"count":1,"href":"https:\/\/blog.uclm.es\/grupogresam\/wp-json\/wp\/v2\/pages\/35\/revisions"}],"predecessor-version":[{"id":1642,"href":"https:\/\/blog.uclm.es\/grupogresam\/wp-json\/wp\/v2\/pages\/35\/revisions\/1642"}],"up":[{"embeddable":true,"href":"https:\/\/blog.uclm.es\/grupogresam\/wp-json\/wp\/v2\/pages\/27"}],"wp:attachment":[{"href":"https:\/\/blog.uclm.es\/grupogresam\/wp-json\/wp\/v2\/media?parent=35"}],"curies":[{"name":"wp","href":"https:\/\/api.w.org\/{rel}","templated":true}]}}