{"id":29,"date":"2014-02-02T08:46:45","date_gmt":"2014-02-02T07:46:45","guid":{"rendered":"http:\/\/blog.uclm.es\/grupogresam\/?page_id=29"},"modified":"2022-10-25T17:58:59","modified_gmt":"2022-10-25T17:58:59","slug":"publicaciones","status":"publish","type":"page","link":"https:\/\/blog.uclm.es\/grupogresam\/publicaciones\/","title":{"rendered":"Publicaciones"},"content":{"rendered":"<p><strong>LIBROS<\/strong><\/p>\n<p><img loading=\"lazy\" decoding=\"async\" class=\" wp-image-996 alignleft\" src=\"https:\/\/blog.uclm.es\/grupogresam\/wp-content\/uploads\/sites\/194\/2019\/07\/Argelia-en-transicion-hacia-una-Segunda-Republica-1.png\" alt=\"\" width=\"194\" height=\"314\" \/><\/p>\n<p>Aurelia Ma\u00f1\u00e9 Estrada, Laurence Thieux y Miguel Hernando de Larramendi, <em>Argelia en transici\u00f3n hacia una Segunda Rep\u00fablica<\/em>, Icaria-IEmed, Barcelona, 2019.<\/p>\n<p><img loading=\"lazy\" decoding=\"async\" class=\"size-medium wp-image-249 alignleft\" src=\"https:\/\/blog.uclm.es\/grupogresam\/wp-content\/uploads\/sites\/194\/2018\/12\/Portada-Encrucijadas-194x300.jpg\" alt=\"\" width=\"194\" height=\"300\" srcset=\"https:\/\/blog.uclm.es\/grupogresam\/wp-content\/uploads\/sites\/194\/2018\/12\/Portada-Encrucijadas-194x300.jpg 194w, https:\/\/blog.uclm.es\/grupogresam\/wp-content\/uploads\/sites\/194\/2018\/12\/Portada-Encrucijadas.jpg 336w\" sizes=\"auto, (max-width: 194px) 100vw, 194px\" \/><\/p>\n<p>Cueva Merino, Julio; Hernando de Larramendi, Miguel, y Planet, I. Ana (eds.),<a href=\"https:\/\/www.comares.com\/libro\/encrucijadas-del-cambio-religioso-en-espana_88648\/\">\u00a0<\/a><em><a href=\"https:\/\/www.comares.com\/libro\/encrucijadas-del-cambio-religioso-en-espana_88648\/\">Encrucijadas del cambio religioso en Espa\u00f1a. Secularizaci\u00f3n<\/a>, cristianismo e islam,\u00a0<\/em>Comares, Madrid, 2018.<\/p>\n<p><img loading=\"lazy\" decoding=\"async\" class=\"wp-image-245 alignleft\" src=\"https:\/\/blog.uclm.es\/grupogresam\/wp-content\/uploads\/sites\/194\/2018\/12\/Portada-IHAC-220x300.jpg\" alt=\"\" width=\"196\" height=\"267\" srcset=\"https:\/\/blog.uclm.es\/grupogresam\/wp-content\/uploads\/sites\/194\/2018\/12\/Portada-IHAC-220x300.jpg 220w, https:\/\/blog.uclm.es\/grupogresam\/wp-content\/uploads\/sites\/194\/2018\/12\/Portada-IHAC.jpg 366w\" sizes=\"auto, (max-width: 196px) 100vw, 196px\" \/><\/p>\n<p>Hernando de Larramendi, Miguel; Gonz\u00e1lez Gonz\u00e1lez, Irene, y L\u00f3pez Garc\u00eda, Bernab\u00e9 (eds.),\u00a0<a href=\"http:\/\/bibliotecadigital.aecid.es\/bibliodig\/es\/consulta\/registro.cmd?id=4461\"><em>El\u00a0<\/em><\/a><i><a href=\"http:\/\/bibliotecadigital.aecid.es\/bibliodig\/es\/consulta\/registro.cmd?id=4461\">Instituto Hispano-\u00c1rabe de Cultura. Or\u00edgenes y evoluci\u00f3n de la diplomacia p\u00fablica espa\u00f1ola hacia el mundo \u00e1rabe<\/a>,\u00a0<\/i>Agencia Espa\u00f1ola de Cooperaci\u00f3n Internacional y Desarrollo, Madrid, 2015.<\/p>\n<p><img loading=\"lazy\" decoding=\"async\" class=\"size-medium wp-image-502 alignleft\" src=\"https:\/\/blog.uclm.es\/grupogresam\/wp-content\/uploads\/sites\/194\/2018\/12\/Captura-de-pantalla-2018-12-18-a-las-9.52.25-196x300.png\" alt=\"\" width=\"196\" height=\"300\" srcset=\"https:\/\/blog.uclm.es\/grupogresam\/wp-content\/uploads\/sites\/194\/2018\/12\/Captura-de-pantalla-2018-12-18-a-las-9.52.25-196x300.png 196w, https:\/\/blog.uclm.es\/grupogresam\/wp-content\/uploads\/sites\/194\/2018\/12\/Captura-de-pantalla-2018-12-18-a-las-9.52.25.png 290w\" sizes=\"auto, (max-width: 196px) 100vw, 196px\" \/><\/p>\n<p>L\u00f3pez Garc\u00eda, Bernab\u00e9 y Hernando de Larramendi, Miguel (eds.),<em> Espa\u00f1a, el Mediterr\u00e1neo y el mundo arabomusulm\u00e1n. Diplomacia e historia<\/em>, \u00a0Ariel-IEMed, Barcelona, 2010.<\/p>\n<p><img loading=\"lazy\" decoding=\"async\" class=\"size-medium wp-image-507 alignleft\" src=\"https:\/\/blog.uclm.es\/grupogresam\/wp-content\/uploads\/sites\/194\/2009\/12\/Captura-de-pantalla-2018-12-18-a-las-9.53.14-201x300.png\" alt=\"\" width=\"201\" height=\"300\" srcset=\"https:\/\/blog.uclm.es\/grupogresam\/wp-content\/uploads\/sites\/194\/2009\/12\/Captura-de-pantalla-2018-12-18-a-las-9.53.14-201x300.png 201w, https:\/\/blog.uclm.es\/grupogresam\/wp-content\/uploads\/sites\/194\/2009\/12\/Captura-de-pantalla-2018-12-18-a-las-9.53.14.png 308w\" sizes=\"auto, (max-width: 201px) 100vw, 201px\" \/><\/p>\n<p>Hernando de Larramendi, Miguel y Ma\u00f1\u00e9 Estrada, Aurelia (eds.),\u00a0<em>La pol\u00edtica exterior espa\u00f1ola hacia el Magreb. Actores e intereses,\u00a0<\/em>Ariel-Real Instituto Elcano, Barcelona, 2009.<\/p>\n<p><img loading=\"lazy\" decoding=\"async\" class=\"size-medium wp-image-518 alignleft\" src=\"https:\/\/blog.uclm.es\/grupogresam\/wp-content\/uploads\/sites\/194\/2018\/12\/Captura-de-pantalla-2018-12-18-a-las-10.43.03-195x300.png\" alt=\"\" width=\"195\" height=\"300\" srcset=\"https:\/\/blog.uclm.es\/grupogresam\/wp-content\/uploads\/sites\/194\/2018\/12\/Captura-de-pantalla-2018-12-18-a-las-10.43.03-195x300.png 195w, https:\/\/blog.uclm.es\/grupogresam\/wp-content\/uploads\/sites\/194\/2018\/12\/Captura-de-pantalla-2018-12-18-a-las-10.43.03.png 437w\" sizes=\"auto, (max-width: 195px) 100vw, 195px\" \/><\/p>\n<p>Hernando de Larramendi, Miguel y Garc\u00eda Ortiz, Puerto (eds.),\u00a0<i>religi\u00f3n.es.\u00a0Minor\u00edas religiosas en Castilla-La Mancha,\u00a0<\/i>Icaria, Barcelona, 2009.<\/p>\n<p><img loading=\"lazy\" decoding=\"async\" class=\"alignleft wp-image-563 size-full\" src=\"https:\/\/blog.uclm.es\/grupogresam\/wp-content\/uploads\/sites\/194\/2018\/12\/Captura-de-pantalla-2018-12-19-a-las-10.28.50-e1666720726223.png\" alt=\"\" width=\"192\" height=\"300\" \/><\/p>\n<p>Azaola Piazza, B\u00e1rbara,\u00a0<em>Historia del Egipto contempor\u00e1neo, <\/em>Catarata, Madrid, 2008.<\/p>\n<p><strong>MONOGR\u00c1FICOS DE REVISTAS<\/strong><\/p>\n<p><img loading=\"lazy\" decoding=\"async\" class=\"size-medium wp-image-846 alignleft\" src=\"https:\/\/blog.uclm.es\/grupogresam\/wp-content\/uploads\/sites\/194\/2019\/05\/The-Sulaltern-Foreign-Poicies-of-North-African-Countries-199x300.png\" alt=\"\" width=\"199\" height=\"300\" srcset=\"https:\/\/blog.uclm.es\/grupogresam\/wp-content\/uploads\/sites\/194\/2019\/05\/The-Sulaltern-Foreign-Poicies-of-North-African-Countries-199x300.png 199w, https:\/\/blog.uclm.es\/grupogresam\/wp-content\/uploads\/sites\/194\/2019\/05\/The-Sulaltern-Foreign-Poicies-of-North-African-Countries.png 410w\" sizes=\"auto, (max-width: 199px) 100vw, 199px\" \/><\/p>\n<p>Monogr\u00e1fico en <em><a href=\"https:\/\/www.tandfonline.com\/doi\/full\/10.1080\/13629387.2018.1454648\">The Journal of North African Studies<\/a><\/em>\u00a0dedicado a<em><a href=\"https:\/\/www.tandfonline.com\/toc\/fnas20\/24\/3?nav=tocList\">\u00a0\u2018Subaltern\u2019 Foreign Policies of North African Countries\u00bb<\/a> . E<\/em>l Volumen 24, numero 3 de mayo de 2019 est\u00e1 dirigido por los investigadores del proyecto Irene Fern\u00e1ndez Molina (University of Exeter) y Miguel Hernando de Larramendi (Universidad de Castilla-La Mancha) junto a Laura Feliu (Universidad Aut\u00f3noma de Barcelona).<\/p>\n<p><img loading=\"lazy\" decoding=\"async\" class=\"size-medium wp-image-514 alignleft\" src=\"https:\/\/blog.uclm.es\/grupogresam\/wp-content\/uploads\/sites\/194\/2018\/12\/Captura-de-pantalla-2018-12-18-a-las-9.54.20-300x219.png\" alt=\"\" width=\"300\" height=\"219\" srcset=\"https:\/\/blog.uclm.es\/grupogresam\/wp-content\/uploads\/sites\/194\/2018\/12\/Captura-de-pantalla-2018-12-18-a-las-9.54.20-300x219.png 300w, https:\/\/blog.uclm.es\/grupogresam\/wp-content\/uploads\/sites\/194\/2018\/12\/Captura-de-pantalla-2018-12-18-a-las-9.54.20-768x561.png 768w, https:\/\/blog.uclm.es\/grupogresam\/wp-content\/uploads\/sites\/194\/2018\/12\/Captura-de-pantalla-2018-12-18-a-las-9.54.20.png 876w\" sizes=\"auto, (max-width: 300px) 100vw, 300px\" \/><\/p>\n<p>M<span style=\"font-size: 1rem\">onogr\u00e1fico de la <a href=\"https:\/\/revistas.uam.es\/index.php\/reim\/index\"><em>Revista de Estudios Internacionales\u00a0<\/em><\/a><\/span><em>Mediterr\u00e1neos<\/em> dedicado a \u00a0<a href=\"https:\/\/revistas.uam.es\/index.php\/reim\/issue\/view\/124\">La pol\u00edtica exterior espa\u00f1ola hac\u00eda el mundo \u00e1rabe<\/a> a trav\u00e9s del an\u00e1lisis de la herramienta creada por los miembros del equipo: Base de Datos Integrada de la Pol\u00edtica Exterior <span style=\"font-size: 1rem\">.<\/span><\/p>\n","protected":false},"excerpt":{"rendered":"<p>LIBROS Aurelia Ma\u00f1\u00e9 Estrada, Laurence Thieux y Miguel Hernando de Larramendi, Argelia en transici\u00f3n hacia una Segunda Rep\u00fablica, Icaria-IEmed, Barcelona, 2019. Cueva Merino, Julio; Hernando de Larramendi, Miguel, y Planet, I. Ana (eds.),\u00a0Encrucijadas del cambio religioso en Espa\u00f1a. Secularizaci\u00f3n, cristianismo e islam,\u00a0Comares, Madrid, 2018. Hernando de Larramendi, Miguel; Gonz\u00e1lez Gonz\u00e1lez, Irene, y L\u00f3pez Garc\u00eda, Bernab\u00e9 &hellip; <\/p>\n<p class=\"link-more\"><a href=\"https:\/\/blog.uclm.es\/grupogresam\/publicaciones\/\" class=\"more-link\">Continuar leyendo<span class=\"screen-reader-text\"> \u00abPublicaciones\u00bb<\/span><\/a><\/p>\n","protected":false},"author":284,"featured_media":254,"parent":0,"menu_order":0,"comment_status":"closed","ping_status":"closed","template":"","meta":{"footnotes":""},"class_list":["post-29","page","type-page","status-publish","has-post-thumbnail","hentry"],"_links":{"self":[{"href":"https:\/\/blog.uclm.es\/grupogresam\/wp-json\/wp\/v2\/pages\/29","targetHints":{"allow":["GET"]}}],"collection":[{"href":"https:\/\/blog.uclm.es\/grupogresam\/wp-json\/wp\/v2\/pages"}],"about":[{"href":"https:\/\/blog.uclm.es\/grupogresam\/wp-json\/wp\/v2\/types\/page"}],"author":[{"embeddable":true,"href":"https:\/\/blog.uclm.es\/grupogresam\/wp-json\/wp\/v2\/users\/284"}],"replies":[{"embeddable":true,"href":"https:\/\/blog.uclm.es\/grupogresam\/wp-json\/wp\/v2\/comments?post=29"}],"version-history":[{"count":2,"href":"https:\/\/blog.uclm.es\/grupogresam\/wp-json\/wp\/v2\/pages\/29\/revisions"}],"predecessor-version":[{"id":1545,"href":"https:\/\/blog.uclm.es\/grupogresam\/wp-json\/wp\/v2\/pages\/29\/revisions\/1545"}],"wp:featuredmedia":[{"embeddable":true,"href":"https:\/\/blog.uclm.es\/grupogresam\/wp-json\/wp\/v2\/media\/254"}],"wp:attachment":[{"href":"https:\/\/blog.uclm.es\/grupogresam\/wp-json\/wp\/v2\/media?parent=29"}],"curies":[{"name":"wp","href":"https:\/\/api.w.org\/{rel}","templated":true}]}}