{"id":27,"date":"2018-10-26T08:46:16","date_gmt":"2018-10-26T07:46:16","guid":{"rendered":"http:\/\/blog.uclm.es\/grupogresam\/?page_id=27"},"modified":"2023-10-25T20:50:39","modified_gmt":"2023-10-25T20:50:39","slug":"quienes-somos","status":"publish","type":"page","link":"https:\/\/blog.uclm.es\/grupogresam\/quienes-somos\/","title":{"rendered":"Quienes somos"},"content":{"rendered":"<p><a href=\"http:\/\/blog.uclm.es\/grupogresam\/?page_id=35\">Miguel Hernando de Larramendi,\u00a0<\/a>Facultad de Humanidades de Toledo, UCLM.<\/p>\n<p><a href=\"http:\/\/blog.uclm.es\/grupogresam\/?page_id=37\">B\u00e1rbara Azaola Piazza, <\/a>Facultad de Humanidades de Toledo, UCLM.<\/p>\n<p><a href=\"http:\/\/blog.uclm.es\/grupogresam\/?page_id=41\">Irene Gonz\u00e1lez Gonz\u00e1lez, <\/a>Facultad de Comunicaci\u00f3n, UCLM.<\/p>\n<p><a href=\"http:\/\/blog.uclm.es\/grupogresam\/?page_id=526\">Rosario Montoro Murillo, <\/a>Facultad de Letras de Ciudad Real, UCLM.<\/p>\n<p><a href=\"http:\/\/blog.uclm.es\/grupogresam\/?page_id=189\">Ana I. Planet Contreras,<\/a> Universidad Aut\u00f3noma de Madrid.<\/p>\n<p><a href=\"https:\/\/blog.uclm.es\/grupogresam\/aurelia-mane-estrada\/\">Aurelia Ma\u00f1\u00e9, <\/a>Universidad de Barcelona.<\/p>\n<p><a href=\"https:\/\/blog.uclm.es\/grupogresam\/?page_id=688\">Laurence Thieux,\u00a0\u00a0<\/a>Universidad Complutense de Madrid.<\/p>\n<p><a href=\"https:\/\/blog.uclm.es\/grupogresam\/irene-fernandez-molina\/\">Irene Fern\u00e1ndez Molina<\/a>, Exeter University (Reino Unido).<\/p>\n<p><a href=\"http:\/\/blog.uclm.es\/grupogresam\/?page_id=533\">Beatriz Tom\u00e9 Alonso, <\/a>UNED.<\/p>\n<p><a href=\"http:\/\/blog.uclm.es\/grupogresam\/?page_id=197\">Bosco Govantes Romero, <\/a>Universidad Pablo Olavide.<\/p>\n<p><a href=\"https:\/\/blog.uclm.es\/grupogresam\/salah-eddine-salhi\/\">Salah Eddine Salhi, <\/a>Universidad Abou Bekr Belkaid, Tlemecen (Argelia).<\/p>\n<p><a href=\"https:\/\/blog.uclm.es\/grupogresam\/juan-jose-vagni\/\">Juan Jos\u00e9 Vagni,<\/a> Universidad Nacional de C\u00f3rdoba-CONICET (Argentina).<\/p>\n<p><a href=\"https:\/\/blog.uclm.es\/grupogresam\/itxaso\/\">Itxaso Dominguez De Olaz\u00e1bal<\/a>, Fundaci\u00f3n Alternativas.<\/p>\n<p><a href=\"https:\/\/blog.uclm.es\/grupogresam\/alfonso-casani-herranz\/\">Alfonso Casani Herranz<\/a>, Universidad Complutense de Madrid.<\/p>\n<p><a href=\"https:\/\/blog.uclm.es\/grupogresam\/ana-ballesteros-peiro\/\">Ana Ballesteros Peir\u00f3<\/a>, Centre for International Affairs CIDOB.<\/p>\n<p><a href=\"http:\/\/blog.uclm.es\/grupogresam\/alicia-olmo-gomez\/\">Alicia Olmo G\u00f3mez<\/a>, Universidad Aut\u00f3noma de Madrid.<\/p>\n","protected":false},"excerpt":{"rendered":"<p>Miguel Hernando de Larramendi,\u00a0Facultad de Humanidades de Toledo, UCLM. B\u00e1rbara Azaola Piazza, Facultad de Humanidades de Toledo, UCLM. Irene Gonz\u00e1lez Gonz\u00e1lez, Facultad de Comunicaci\u00f3n, UCLM. Rosario Montoro Murillo, Facultad de Letras de Ciudad Real, UCLM. Ana I. Planet Contreras, Universidad Aut\u00f3noma de Madrid. Aurelia Ma\u00f1\u00e9, Universidad de Barcelona. Laurence Thieux,\u00a0\u00a0Universidad Complutense de Madrid. Irene Fern\u00e1ndez &hellip; <\/p>\n<p class=\"link-more\"><a href=\"https:\/\/blog.uclm.es\/grupogresam\/quienes-somos\/\" class=\"more-link\">Continuar leyendo<span class=\"screen-reader-text\"> \u00abQuienes somos\u00bb<\/span><\/a><\/p>\n","protected":false},"author":284,"featured_media":0,"parent":0,"menu_order":0,"comment_status":"closed","ping_status":"closed","template":"","meta":{"footnotes":""},"class_list":["post-27","page","type-page","status-publish","hentry"],"_links":{"self":[{"href":"https:\/\/blog.uclm.es\/grupogresam\/wp-json\/wp\/v2\/pages\/27","targetHints":{"allow":["GET"]}}],"collection":[{"href":"https:\/\/blog.uclm.es\/grupogresam\/wp-json\/wp\/v2\/pages"}],"about":[{"href":"https:\/\/blog.uclm.es\/grupogresam\/wp-json\/wp\/v2\/types\/page"}],"author":[{"embeddable":true,"href":"https:\/\/blog.uclm.es\/grupogresam\/wp-json\/wp\/v2\/users\/284"}],"replies":[{"embeddable":true,"href":"https:\/\/blog.uclm.es\/grupogresam\/wp-json\/wp\/v2\/comments?post=27"}],"version-history":[{"count":3,"href":"https:\/\/blog.uclm.es\/grupogresam\/wp-json\/wp\/v2\/pages\/27\/revisions"}],"predecessor-version":[{"id":1673,"href":"https:\/\/blog.uclm.es\/grupogresam\/wp-json\/wp\/v2\/pages\/27\/revisions\/1673"}],"wp:attachment":[{"href":"https:\/\/blog.uclm.es\/grupogresam\/wp-json\/wp\/v2\/media?parent=27"}],"curies":[{"name":"wp","href":"https:\/\/api.w.org\/{rel}","templated":true}]}}