{"id":23,"date":"2018-10-26T08:43:24","date_gmt":"2018-10-26T07:43:24","guid":{"rendered":"http:\/\/blog.uclm.es\/grupogresam\/?page_id=23"},"modified":"2018-10-26T08:43:24","modified_gmt":"2018-10-26T07:43:24","slug":"actividades","status":"publish","type":"page","link":"https:\/\/blog.uclm.es\/grupogresam\/actividades\/","title":{"rendered":"Actividades"},"content":{"rendered":"<p>En esta secci\u00f3n se puede acceder cronol\u00f3gicamente a las actividades que han sido organizadas por el GRESAM as\u00ed como aquellas en las que han participado sus miembros.<\/p>\n","protected":false},"excerpt":{"rendered":"<p>En esta secci\u00f3n se puede acceder cronol\u00f3gicamente a las actividades que han sido organizadas por el GRESAM as\u00ed como aquellas en las que han participado sus miembros.<\/p>\n","protected":false},"author":284,"featured_media":0,"parent":0,"menu_order":0,"comment_status":"closed","ping_status":"closed","template":"","meta":{"footnotes":""},"class_list":["post-23","page","type-page","status-publish","hentry"],"_links":{"self":[{"href":"https:\/\/blog.uclm.es\/grupogresam\/wp-json\/wp\/v2\/pages\/23","targetHints":{"allow":["GET"]}}],"collection":[{"href":"https:\/\/blog.uclm.es\/grupogresam\/wp-json\/wp\/v2\/pages"}],"about":[{"href":"https:\/\/blog.uclm.es\/grupogresam\/wp-json\/wp\/v2\/types\/page"}],"author":[{"embeddable":true,"href":"https:\/\/blog.uclm.es\/grupogresam\/wp-json\/wp\/v2\/users\/284"}],"replies":[{"embeddable":true,"href":"https:\/\/blog.uclm.es\/grupogresam\/wp-json\/wp\/v2\/comments?post=23"}],"version-history":[{"count":0,"href":"https:\/\/blog.uclm.es\/grupogresam\/wp-json\/wp\/v2\/pages\/23\/revisions"}],"wp:attachment":[{"href":"https:\/\/blog.uclm.es\/grupogresam\/wp-json\/wp\/v2\/media?parent=23"}],"curies":[{"name":"wp","href":"https:\/\/api.w.org\/{rel}","templated":true}]}}