{"id":209,"date":"2015-02-04T17:43:40","date_gmt":"2015-02-04T16:43:40","guid":{"rendered":"http:\/\/blog.uclm.es\/grupogresam\/?page_id=209"},"modified":"2022-10-25T17:43:07","modified_gmt":"2022-10-25T17:43:07","slug":"la-dimension-internacional-de-las-transformaciones-politicas-en-el-mundo-arabe-e-islamico","status":"publish","type":"page","link":"https:\/\/blog.uclm.es\/grupogresam\/la-dimension-internacional-de-las-transformaciones-politicas-en-el-mundo-arabe-e-islamico\/","title":{"rendered":"La dimensi\u00f3n internacional de las transformaciones pol\u00edticas en el mundo \u00e1rabe e isl\u00e1mico"},"content":{"rendered":"<p><em>La<\/em><span style=\"font-size: 1rem\"><em>\u00a0dimensi\u00f3n internacional de las transformaciones pol\u00edticas en el mundo \u00e1rabe e isl\u00e1mico<\/em> es un proyecto de investigaci\u00f3n financiado por\u00a0<\/span><span style=\"font-size: 1rem\">Ministerio de Econom\u00eda y Competitividad durante el periodo 2015-2017 (<\/span><span style=\"font-size: 1rem\">CSO2014-52998-C3-3-P<\/span><span style=\"font-size: 1rem\">).\u00a0<\/span><\/p>\n<p>El proyecto est\u00e1 dirigido por <a href=\"http:\/\/blog.uclm.es\/grupogresam\/?page_id=35\">Miguel Hernando de Larramendi<\/a> y <a href=\"http:\/\/blog.uclm.es\/grupogresam\/?page_id=37\">B\u00e1rbara Azaola Piazza<\/a> y cuenta con la participaci\u00f3n de una serie de investigadores del GRESAM adscritos a la UCLM y con docentes e investigadores de universidades, centros de investigaci\u00f3n espa\u00f1oles.<\/p>\n<h1><strong>Miembros del equipo:<\/strong><\/h1>\n<p><a href=\"http:\/\/blog.uclm.es\/grupogresam\/?page_id=35\">Miguel Hernando de Larramendi<\/a><\/p>\n<p><a href=\"http:\/\/blog.uclm.es\/grupogresam\/?page_id=37\">B\u00e1rbara Azaola Piazza<\/a><\/p>\n<p><span style=\"font-size: 1rem\">Aurelia Ma\u00f1\u00e9 Estrada, <\/span><\/p>\n<p><span style=\"font-size: 1rem\">Paloma Gonz\u00e1lez del Mi\u00f1o <\/span><\/p>\n<p><span style=\"font-size: 1rem\">Mar\u00eda Dolores Algora Weber <\/span><\/p>\n<p><a href=\"http:\/\/blog.uclm.es\/grupogresam\/?page_id=533\">Beatriz Tom\u00e9 Alonso<\/a><\/p>\n<h1><strong>Difusi\u00f3n de resultados<\/strong><\/h1>\n<p><strong>Seminarios de investigaci\u00f3n<\/strong><\/p>\n<p><i>La\u00a0pol\u00edtica espa\u00f1ola hacia el Mediterr\u00e1neo tras la\u00a0Primavera \u00e1rabe<\/i>\u00a0organizado por el GRESAM en el marco del proyecto I+D+I\u00a0 \u201cLa dimensi\u00f3n internacional de las transformaciones pol\u00edticas en el mundo arabo-isl\u00e1mico\u201d(CSO2014-52998-C3-3-P). Ministerio de Econom\u00eda y Competitividad y Fondos Feder.<\/p>\n<p>El seminario tendr\u00e1 lugar los pr\u00f3ximos d\u00edas 14 y 15 de diciembre de 2017 en la Facultad de Humanidades de Toledo.<\/p>\n<p><a href=\"https:\/\/blog.uclm.es\/grupogresam\/wp-content\/uploads\/sites\/194\/2018\/12\/Seminario-Investigacion-La-politica-espanola-hacia-el-Mediterraneo-tras-la-Primavera-Arabe.pdf\">Seminario Investigaci\u00f3n La pol\u00edtica espa\u00f1ola hacia el Mediterr\u00e1neo tras la Primavera \u00c1rabe\u00a0\u00a0<\/a><\/p>\n<p>Miembros del GRESAM organizan el Seminario de Investigaci\u00f3n\u00a0<em>Las pol\u00edticas exteriores &#8216;subalternas&#8217; de los pa\u00edses del Norte de \u00c1frica.<\/em>\u00a0El\u00a0Seminario se inserta en el marco del proyecto I+D+I \u201cLa dimensi\u00f3n internacional de las transformaciones pol\u00edticas en el mundo arabo-isl\u00e1mico\u201d(CSO2014-52998-C3-3-P). Ministerio de Econom\u00eda y Competitividad. Fondos Feder.<\/p>\n<p>El seminario de investigaci\u00f3n tendr\u00e1 lugar el 15 y 16 de diciembre de 2016 en la Facultad de Humanidades de Toledo.<\/p>\n<p><a href=\"https:\/\/blog.uclm.es\/grupogresam\/wp-content\/uploads\/sites\/194\/2018\/12\/Programa-Seminario-Investigacion-2016.pdf\">Programa Seminario Investigaci\u00f3n 2016<\/a><\/p>\n<p><strong>Seminarios<\/strong><\/p>\n<p>Miembros del GRESAM participan en el seminario\u00a0<em>Intereses energ\u00e9ticos y conformaci\u00f3n de fronteras en Oriente Medio. E<\/em>l seminario tendr\u00e1 lugar el 29 de junio de 2017 en el aula \u00a0Adam Smith, de la Facultat d\u2019Economia i Empresa, Universidad de Barcelona.<\/p>\n<p>El Seminario se inserta en el marco del proyecto de investigaci\u00f3n I+D+i \u201cLa dimensi\u00f3n internacional de las transformaciones pol\u00edticas en el mundo \u00e1rabe\u201d (CSO2014-52998-C3-3-P), con la colaboraci\u00f3n del proyecto I+D+i \u201cConstruction of Identities, Gender and Artistic Creation in the Margins of the Arabness\u201d (FFI2014-58487-P).<\/p>\n<p><a href=\"https:\/\/blog.uclm.es\/grupogresam\/wp-content\/uploads\/sites\/194\/2018\/12\/Seminario-Intereses-energeticos-y-conformacion-de-fronteras-en-Oriente-Medio.pdf\">Seminario Intereses energ\u00e9ticos y conformaci\u00f3n de fronteras en Oriente Medio<\/a><\/p>\n<p>Miembros del equipo de investigaci\u00f3n y del GRESAM participan en el\u00a0<em>Congreso\u00a0<\/em><i>Hitos y Metodolog\u00eda de la historia de las relaciones internacionales\u00a0<\/i>con la ponencia \u00abLa base de datos integrada sobre pol\u00edtica exterior: una herramienta para el estudio de la pol\u00edtica exterior espa\u00f1ola hacia el mundo \u00e1rabe y musulm\u00e1n\u00bb, los d\u00edas 25 y 26 de mayo de 2017 en la Universidad Rey Juan Carlos de Madrid.<\/p>\n<p>Miembros del \u00a0GRESAM participan en el\u00a0<a href=\"https:\/\/ciea2017cadiz.wordpress.com\"><em>Congreso\u00a0<\/em><\/a><i><a href=\"https:\/\/ciea2017cadiz.wordpress.com\">internacional: La Espa\u00f1a actual. Cuarenta a\u00f1os de historia (1976-2016)<\/a>\u00a0<\/i>con las ponencias\u00a0<span style=\"font-size: 1rem\">\u201cLa respuesta de la pol\u00edtica exterior espa\u00f1ola a las revueltas antiautoritarias \u00e1rabes\u201d y\u00a0<\/span><span style=\"font-size: 1rem\">\u00abLa pol\u00edtica exterior espa\u00f1ola hacia Oriente Medio: el caso del Egipto post-Mubarak (2011-2015\u00bb, los d\u00edas 10, 11 y 12 \u00a0de mayo de 2017 en la Universidad de C\u00e1diz. El Congreso est\u00e1 organizado en colaboraci\u00f3n entre la Asociaci\u00f3n de Historia Actual, la Asociaci\u00f3n de Historiadores del Presente y el Grupo de Estudios de Historia Actual de la Universidad de C\u00e1diz.<\/span><\/p>\n<p>Investigadores del GRESAM participan en el Seminario de Oto\u00f1o <i>Oriente Medio, 1916-2016. Un siglo de los\u00a0acuerdos Sykes-Picot,<\/i><em>\u00a0<\/em>que se celebrar\u00e1 en la Facultad de Humanidades de Toledo (UCLM) del 24 al 26 de octubre de 2016.<\/p>\n<p><a href=\"https:\/\/blog.uclm.es\/grupogresam\/wp-content\/uploads\/sites\/194\/2018\/12\/Seminario-Sykes-Picot.pdf\">Seminario Sykes-Picot<\/a><\/p>\n","protected":false},"excerpt":{"rendered":"<p>La\u00a0dimensi\u00f3n internacional de las transformaciones pol\u00edticas en el mundo \u00e1rabe e isl\u00e1mico es un proyecto de investigaci\u00f3n financiado por\u00a0Ministerio de Econom\u00eda y Competitividad durante el periodo 2015-2017 (CSO2014-52998-C3-3-P).\u00a0 El proyecto est\u00e1 dirigido por Miguel Hernando de Larramendi y B\u00e1rbara Azaola Piazza y cuenta con la participaci\u00f3n de una serie de investigadores del GRESAM adscritos a &hellip; <\/p>\n<p class=\"link-more\"><a href=\"https:\/\/blog.uclm.es\/grupogresam\/la-dimension-internacional-de-las-transformaciones-politicas-en-el-mundo-arabe-e-islamico\/\" class=\"more-link\">Continuar leyendo<span class=\"screen-reader-text\"> \u00abLa dimensi\u00f3n internacional de las transformaciones pol\u00edticas en el mundo \u00e1rabe e isl\u00e1mico\u00bb<\/span><\/a><\/p>\n","protected":false},"author":284,"featured_media":0,"parent":0,"menu_order":0,"comment_status":"closed","ping_status":"closed","template":"","meta":{"footnotes":""},"class_list":["post-209","page","type-page","status-publish","hentry"],"_links":{"self":[{"href":"https:\/\/blog.uclm.es\/grupogresam\/wp-json\/wp\/v2\/pages\/209","targetHints":{"allow":["GET"]}}],"collection":[{"href":"https:\/\/blog.uclm.es\/grupogresam\/wp-json\/wp\/v2\/pages"}],"about":[{"href":"https:\/\/blog.uclm.es\/grupogresam\/wp-json\/wp\/v2\/types\/page"}],"author":[{"embeddable":true,"href":"https:\/\/blog.uclm.es\/grupogresam\/wp-json\/wp\/v2\/users\/284"}],"replies":[{"embeddable":true,"href":"https:\/\/blog.uclm.es\/grupogresam\/wp-json\/wp\/v2\/comments?post=209"}],"version-history":[{"count":1,"href":"https:\/\/blog.uclm.es\/grupogresam\/wp-json\/wp\/v2\/pages\/209\/revisions"}],"predecessor-version":[{"id":1540,"href":"https:\/\/blog.uclm.es\/grupogresam\/wp-json\/wp\/v2\/pages\/209\/revisions\/1540"}],"wp:attachment":[{"href":"https:\/\/blog.uclm.es\/grupogresam\/wp-json\/wp\/v2\/media?parent=209"}],"curies":[{"name":"wp","href":"https:\/\/api.w.org\/{rel}","templated":true}]}}