{"id":189,"date":"2011-12-04T17:10:23","date_gmt":"2011-12-04T16:10:23","guid":{"rendered":"http:\/\/blog.uclm.es\/grupogresam\/?page_id=189"},"modified":"2023-03-07T02:20:19","modified_gmt":"2023-03-07T02:20:19","slug":"ana-i-planet-contreras","status":"publish","type":"page","link":"https:\/\/blog.uclm.es\/grupogresam\/ana-i-planet-contreras\/","title":{"rendered":"Ana I. Planet Contreras"},"content":{"rendered":"<p><img loading=\"lazy\" decoding=\"async\" class=\"size-full wp-image-396 alignleft\" src=\"https:\/\/blog.uclm.es\/grupogresam\/wp-content\/uploads\/sites\/194\/2018\/12\/Captura-de-pantalla-2018-12-17-a-las-14.03.04.png\" alt=\"\" width=\"280\" height=\"258\" \/><\/p>\n<p>Dra. Ana I. Planet Contreras<\/p>\n<p>Profesora Titular \u00a0en el\u00a0Departamento Estudios \u00c1rabes e Isl\u00e1micos, Universidad Aut\u00f3noma de Madrid y\u00a0Co-Directora del <a href=\"http:\/\/www.tallerteim.com\">Taller de Estudios Internacionales Mediterr\u00e1neos<\/a> (UAM).<\/p>\n<p><strong>L\u00edneas de investigaci\u00f3n<\/strong>:\u00a0Sociolog\u00eda del islam contempor\u00e1neo, Islam en Espa\u00f1a, Islam en Europa, Inmigraci\u00f3n marroqu\u00ed en Espa\u00f1a, Relaciones hispano-marroqu\u00edes<\/p>\n<p><strong>Correo electr\u00f3nico<\/strong>: Ana.Planet@uam.es<\/p>\n<p><strong>Publicaciones destacadas:<\/strong><\/p>\n<p>Azaola Piazza, B\u00e1rbara; Desrues, Thierry; Hernando de Larramendi, Miguel; Planet Contreras, Ana I. y Ramirez, \u00c1ngeles (eds.) (2022),\u00a0<em>Cambio, crisis y movilizaci\u00f3n en el Mediterr\u00e1neo Occidental,\u00a0<\/em>Comares, Granada.<\/p>\n<p>De la Cueva, Julio; \u00a0Planet Contreras, Ana I. \u00a0&amp; Miguel Hernando de Larramendi (2022),\u00a0<em>Religious Landscapes in Contemporary Spain, Sussex Academic Press.<\/em><\/p>\n<p>Planet, Ana I., De la Cueva, Julio y Hernando de Larramendi, Miguel \u00a0(2018):\u00a0<em>Encrucijadas del cambio religioso en Espa\u00f1a: secularizaci\u00f3n, diversidad religiosa e Islam<\/em>, Editorial Comares, Granada.<\/p>\n<p>Planet, Ana I.\u00a0(2017) (ed.):\u00a0<em>Observing islam in Spain: Contemporary politics and social dynamics,<\/em>. Editorial Brill, Leiden.<\/p>\n<p>Planet, Ana I., (2015): \u201cPluralismo religioso y ciudadan\u00eda: el reto del islam en la Espa\u00f1a del siglo XXI\u201d in Jos\u00e9 Colmeiro (ed.),\u00a0 <em>Encrucijadas globales. Redefinir Espa\u00f1a en el siglo <\/em>XXI, Vervuert, Frankfurt, 2015, pp. 125-140.<\/p>\n<p>Planet, Ana I., \u00a0y Hernando de Larramendi,\u00a0Miguel (2015): \u201cReligion and Migration in Morocco: Governability and Diaspora\u201d in <em>New Diversities<\/em> special issue vol.17, n\u00ba1 , pp. 111-128.<\/p>\n<p>Planet, Ana I., \u00a0(2014): \u201cIslam in Spain\u201d in Jocelyne Cesari (ed,), <em>The Oxford Handbook on European Islam<\/em>, Oxford University Press, pp. 311-349.<\/p>\n<p>Rodr\u00edguez, Carmen; \u00c1valos, Antonio; Yilmaz, Hakan and Planet, Ana I., (eds.), <em>Turkey\u2019s democratization process, <\/em>Rotledge 2013.<\/p>\n<p><a href=\"https:\/\/dialnet.unirioja.es\/servlet\/autor?codigo=964752\">Dialnet<\/a><\/p>\n<p><a href=\"https:\/\/www.researchgate.net\/profile\/Ana_Contreras5\">ResearchGate<\/a><\/p>\n<p><a href=\"https:\/\/twitter.com\/AnaPlanet1\">Twitter<\/a><\/p>\n","protected":false},"excerpt":{"rendered":"<p>Dra. Ana I. Planet Contreras Profesora Titular \u00a0en el\u00a0Departamento Estudios \u00c1rabes e Isl\u00e1micos, Universidad Aut\u00f3noma de Madrid y\u00a0Co-Directora del Taller de Estudios Internacionales Mediterr\u00e1neos (UAM). L\u00edneas de investigaci\u00f3n:\u00a0Sociolog\u00eda del islam contempor\u00e1neo, Islam en Espa\u00f1a, Islam en Europa, Inmigraci\u00f3n marroqu\u00ed en Espa\u00f1a, Relaciones hispano-marroqu\u00edes Correo electr\u00f3nico: Ana.Planet@uam.es Publicaciones destacadas: Azaola Piazza, B\u00e1rbara; Desrues, Thierry; Hernando de &hellip; <\/p>\n<p class=\"link-more\"><a href=\"https:\/\/blog.uclm.es\/grupogresam\/ana-i-planet-contreras\/\" class=\"more-link\">Continuar leyendo<span class=\"screen-reader-text\"> \u00abAna I. Planet Contreras\u00bb<\/span><\/a><\/p>\n","protected":false},"author":284,"featured_media":0,"parent":0,"menu_order":0,"comment_status":"closed","ping_status":"closed","template":"","meta":{"footnotes":""},"class_list":["post-189","page","type-page","status-publish","hentry"],"_links":{"self":[{"href":"https:\/\/blog.uclm.es\/grupogresam\/wp-json\/wp\/v2\/pages\/189","targetHints":{"allow":["GET"]}}],"collection":[{"href":"https:\/\/blog.uclm.es\/grupogresam\/wp-json\/wp\/v2\/pages"}],"about":[{"href":"https:\/\/blog.uclm.es\/grupogresam\/wp-json\/wp\/v2\/types\/page"}],"author":[{"embeddable":true,"href":"https:\/\/blog.uclm.es\/grupogresam\/wp-json\/wp\/v2\/users\/284"}],"replies":[{"embeddable":true,"href":"https:\/\/blog.uclm.es\/grupogresam\/wp-json\/wp\/v2\/comments?post=189"}],"version-history":[{"count":1,"href":"https:\/\/blog.uclm.es\/grupogresam\/wp-json\/wp\/v2\/pages\/189\/revisions"}],"predecessor-version":[{"id":1644,"href":"https:\/\/blog.uclm.es\/grupogresam\/wp-json\/wp\/v2\/pages\/189\/revisions\/1644"}],"wp:attachment":[{"href":"https:\/\/blog.uclm.es\/grupogresam\/wp-json\/wp\/v2\/media?parent=189"}],"curies":[{"name":"wp","href":"https:\/\/api.w.org\/{rel}","templated":true}]}}