{"id":1666,"date":"2023-10-25T20:39:17","date_gmt":"2023-10-25T20:39:17","guid":{"rendered":"https:\/\/blog.uclm.es\/grupogresam\/?page_id=1666"},"modified":"2023-10-25T20:44:48","modified_gmt":"2023-10-25T20:44:48","slug":"alicia-olmo-gomez","status":"publish","type":"page","link":"https:\/\/blog.uclm.es\/grupogresam\/alicia-olmo-gomez\/","title":{"rendered":"Alicia Olmo G\u00f3mez"},"content":{"rendered":"\n<div class=\"wp-block-group\"><div class=\"wp-block-group__inner-container is-layout-constrained wp-block-group-is-layout-constrained\">\n<div class=\"wp-block-media-text is-stacked-on-mobile\"><figure class=\"wp-block-media-text__media\"><img loading=\"lazy\" decoding=\"async\" width=\"735\" height=\"1024\" src=\"https:\/\/blog.uclm.es\/grupogresam\/wp-content\/uploads\/sites\/194\/2023\/10\/Alicia-foto.jpg\" alt=\"\" class=\"wp-image-1670 size-full\" srcset=\"https:\/\/blog.uclm.es\/grupogresam\/wp-content\/uploads\/sites\/194\/2023\/10\/Alicia-foto.jpg 735w, https:\/\/blog.uclm.es\/grupogresam\/wp-content\/uploads\/sites\/194\/2023\/10\/Alicia-foto-215x300.jpg 215w\" sizes=\"auto, (max-width: 735px) 100vw, 735px\" \/><\/figure><div class=\"wp-block-media-text__content\">\n<p>Alicia Olmo G\u00f3mez.<\/p>\n\n\n\n<p>Investigadora predoctoral del Departamento de Estudios \u00c1rabes e Isl\u00e1micos de la Universidad Aut\u00f3noma de Madrid.<\/p>\n\n\n\n<p><strong>L\u00edneas de investigaci\u00f3n<\/strong>: sistemas pol\u00edticos, relaciones exteriores, Magreb, Argelia.<\/p>\n\n\n\n<p><strong>Correo electr\u00f3nico:<\/strong> alicia.olmo@uam.es<\/p>\n<\/div><\/div>\n<\/div><\/div>\n\n\n\n<p><strong>Publicaciones destacadas:&nbsp;<\/strong><\/p>\n\n\n\n<p>Thieux, Laurence; Olmo-G\u00f3mez, Alicia y Hernando de Larramendi, Miguel (2023): \u201cAcci\u00f3n colectiva, protestas y movimientos sociales en Argelia. De la presidencia Bouteflika a las movilizaciones Post-Hirak (1999-2022)\u201d, en C. P\u00e9rez Beltr\u00e1n (ed.), Din\u00e1micas de protestas en el mundo \u00e1rabe, Granada, Editorial Universidad de Granada, pp. 165-192.<\/p>\n\n\n\n<p><a href=\"https:\/\/uam.academia.edu\/AliciaOlmoG%C3%B3mez\">Academia<\/a><\/p>\n\n\n\n<p><a href=\"https:\/\/dialnet.unirioja.es\/servlet\/autor?codigo=5693630\">Dialnet<\/a><\/p>\n\n\n\n<p><a href=\"https:\/\/twitter.com\/aliciaolmog\">Twitter<\/a><\/p>\n\n\n\n<p><a href=\"https:\/\/orcid.org\/0000-0001-7822-4790\">ORCID<\/a><\/p>\n","protected":false},"excerpt":{"rendered":"<p>Alicia Olmo G\u00f3mez. Investigadora predoctoral del Departamento de Estudios \u00c1rabes e Isl\u00e1micos de la Universidad Aut\u00f3noma de Madrid. L\u00edneas de investigaci\u00f3n: sistemas pol\u00edticos, relaciones exteriores, Magreb, Argelia. Correo electr\u00f3nico: alicia.olmo@uam.es Publicaciones destacadas:&nbsp; Thieux, Laurence; Olmo-G\u00f3mez, Alicia y Hernando de Larramendi, Miguel (2023): \u201cAcci\u00f3n colectiva, protestas y movimientos sociales en Argelia. De la presidencia Bouteflika a &hellip; <\/p>\n<p class=\"link-more\"><a href=\"https:\/\/blog.uclm.es\/grupogresam\/alicia-olmo-gomez\/\" class=\"more-link\">Continuar leyendo<span class=\"screen-reader-text\"> \u00abAlicia Olmo G\u00f3mez\u00bb<\/span><\/a><\/p>\n","protected":false},"author":284,"featured_media":0,"parent":0,"menu_order":0,"comment_status":"closed","ping_status":"closed","template":"","meta":{"footnotes":""},"class_list":["post-1666","page","type-page","status-publish","hentry"],"_links":{"self":[{"href":"https:\/\/blog.uclm.es\/grupogresam\/wp-json\/wp\/v2\/pages\/1666","targetHints":{"allow":["GET"]}}],"collection":[{"href":"https:\/\/blog.uclm.es\/grupogresam\/wp-json\/wp\/v2\/pages"}],"about":[{"href":"https:\/\/blog.uclm.es\/grupogresam\/wp-json\/wp\/v2\/types\/page"}],"author":[{"embeddable":true,"href":"https:\/\/blog.uclm.es\/grupogresam\/wp-json\/wp\/v2\/users\/284"}],"replies":[{"embeddable":true,"href":"https:\/\/blog.uclm.es\/grupogresam\/wp-json\/wp\/v2\/comments?post=1666"}],"version-history":[{"count":3,"href":"https:\/\/blog.uclm.es\/grupogresam\/wp-json\/wp\/v2\/pages\/1666\/revisions"}],"predecessor-version":[{"id":1669,"href":"https:\/\/blog.uclm.es\/grupogresam\/wp-json\/wp\/v2\/pages\/1666\/revisions\/1669"}],"wp:attachment":[{"href":"https:\/\/blog.uclm.es\/grupogresam\/wp-json\/wp\/v2\/media?parent=1666"}],"curies":[{"name":"wp","href":"https:\/\/api.w.org\/{rel}","templated":true}]}}