{"id":152,"date":"2018-12-04T16:22:23","date_gmt":"2018-12-04T15:22:23","guid":{"rendered":"http:\/\/blog.uclm.es\/grupogresam\/?page_id=152"},"modified":"2018-12-04T16:22:23","modified_gmt":"2018-12-04T15:22:23","slug":"actividades-2016","status":"publish","type":"page","link":"https:\/\/blog.uclm.es\/grupogresam\/actividades-2016\/","title":{"rendered":"Actividades 2016"},"content":{"rendered":"<p><strong>DICIEMBRE<\/strong><\/p>\n<p>Miembros del GRESAM organizan el Seminario de Investigaci\u00f3n\u00a0<em>Las pol\u00edticas exteriores &#8216;subalternas&#8217; de los pa\u00edses del Norte de \u00c1frica.<\/em>\u00a0El\u00a0Seminario se inserta en el marco del proyecto I+D+I \u201cLa dimensi\u00f3n internacional de las transformaciones pol\u00edticas en el mundo arabo-isl\u00e1mico\u201d(CSO2014-52998-C3-3-P). Ministerio de Econom\u00eda y Competitividad. Fondos Feder.<\/p>\n<p>El seminario de investigaci\u00f3n tendr\u00e1 lugar el 15 y 16 de diciembre de 2016 en la Facultad de Humanidades de Toledo.<\/p>\n<p><strong>OCTUBRE<\/strong><\/p>\n<p>Investigadores del GRESAM participan en el Seminario de Oto\u00f1o <i>Oriente Medio, 1916-2016. Un siglo de los\u00a0acuerdos Sykes-Picot,<\/i><em>\u00a0<\/em>que se celebrar\u00e1 en la Facultad de Humanidades de Toledo (UCLM) del 24 al 26 de octubre de 2016.<\/p>\n<p><strong>SEPTIEMBRE<\/strong><\/p>\n<p>Investigadores del GRESAM participan en el <em>XIII Congreso de la Asociaci\u00f3n de Historia Contempor\u00e1nea: La Historia, lost in translation?<\/em>\u00a0en el Taller 21: Religi\u00f3n, laicismo y modernidad: perspectivas transnacionales.<\/p>\n<p><strong>FEBRERO<\/strong><\/p>\n<p><span style=\"font-size: medium\">El GRESAM y la UCLM acoge en el\u00a0Campus de Talavera de la Reina el XIX Encuentro de Investigadores sobre Mundo \u00c1rabe y Musulm\u00e1n los pr\u00f3ximos \u00a04 y 5 de febrero de 2016.\u00a0<\/span><\/p>\n","protected":false},"excerpt":{"rendered":"<p>DICIEMBRE Miembros del GRESAM organizan el Seminario de Investigaci\u00f3n\u00a0Las pol\u00edticas exteriores &#8216;subalternas&#8217; de los pa\u00edses del Norte de \u00c1frica.\u00a0El\u00a0Seminario se inserta en el marco del proyecto I+D+I \u201cLa dimensi\u00f3n internacional de las transformaciones pol\u00edticas en el mundo arabo-isl\u00e1mico\u201d(CSO2014-52998-C3-3-P). Ministerio de Econom\u00eda y Competitividad. Fondos Feder. El seminario de investigaci\u00f3n tendr\u00e1 lugar el 15 y 16 &hellip; <\/p>\n<p class=\"link-more\"><a href=\"https:\/\/blog.uclm.es\/grupogresam\/actividades-2016\/\" class=\"more-link\">Continuar leyendo<span class=\"screen-reader-text\"> \u00abActividades 2016\u00bb<\/span><\/a><\/p>\n","protected":false},"author":284,"featured_media":0,"parent":0,"menu_order":0,"comment_status":"closed","ping_status":"closed","template":"","meta":{"footnotes":""},"class_list":["post-152","page","type-page","status-publish","hentry"],"_links":{"self":[{"href":"https:\/\/blog.uclm.es\/grupogresam\/wp-json\/wp\/v2\/pages\/152","targetHints":{"allow":["GET"]}}],"collection":[{"href":"https:\/\/blog.uclm.es\/grupogresam\/wp-json\/wp\/v2\/pages"}],"about":[{"href":"https:\/\/blog.uclm.es\/grupogresam\/wp-json\/wp\/v2\/types\/page"}],"author":[{"embeddable":true,"href":"https:\/\/blog.uclm.es\/grupogresam\/wp-json\/wp\/v2\/users\/284"}],"replies":[{"embeddable":true,"href":"https:\/\/blog.uclm.es\/grupogresam\/wp-json\/wp\/v2\/comments?post=152"}],"version-history":[{"count":0,"href":"https:\/\/blog.uclm.es\/grupogresam\/wp-json\/wp\/v2\/pages\/152\/revisions"}],"wp:attachment":[{"href":"https:\/\/blog.uclm.es\/grupogresam\/wp-json\/wp\/v2\/media?parent=152"}],"curies":[{"name":"wp","href":"https:\/\/api.w.org\/{rel}","templated":true}]}}