{"id":146,"date":"2013-01-12T16:21:55","date_gmt":"2013-01-12T15:21:55","guid":{"rendered":"http:\/\/blog.uclm.es\/grupogresam\/?page_id=146"},"modified":"2013-01-12T16:21:55","modified_gmt":"2013-01-12T15:21:55","slug":"actividades-2013","status":"publish","type":"page","link":"https:\/\/blog.uclm.es\/grupogresam\/actividades-2013\/","title":{"rendered":"Actividades 2013"},"content":{"rendered":"<p><strong>DICIEMBRE<\/strong><\/p>\n<p>La profesora Ana I. Planet de la Universidad Aut\u00f3noma de Madrid impartir\u00e1 la conferencia \u00abEl Islam en Espa\u00f1a: de cuesti\u00f3n hist\u00f3rica a debate social\u00bb el pr\u00f3ximo d\u00eda 13 de diciembre de 2013 a las 11:30h en el Sal\u00f3n de Actos de la Facultad.<\/p>\n<p><a href=\"https:\/\/blog.uclm.es\/grupogresam\/wp-content\/uploads\/sites\/194\/2018\/12\/Conferenica-Islam-en-Espana.pdf\">Conferenica Islam en Espa\u00f1a<\/a><\/p>\n","protected":false},"excerpt":{"rendered":"<p>DICIEMBRE La profesora Ana I. Planet de la Universidad Aut\u00f3noma de Madrid impartir\u00e1 la conferencia \u00abEl Islam en Espa\u00f1a: de cuesti\u00f3n hist\u00f3rica a debate social\u00bb el pr\u00f3ximo d\u00eda 13 de diciembre de 2013 a las 11:30h en el Sal\u00f3n de Actos de la Facultad. Conferenica Islam en Espa\u00f1a<\/p>\n","protected":false},"author":284,"featured_media":0,"parent":0,"menu_order":0,"comment_status":"closed","ping_status":"closed","template":"","meta":{"footnotes":""},"class_list":["post-146","page","type-page","status-publish","hentry"],"_links":{"self":[{"href":"https:\/\/blog.uclm.es\/grupogresam\/wp-json\/wp\/v2\/pages\/146","targetHints":{"allow":["GET"]}}],"collection":[{"href":"https:\/\/blog.uclm.es\/grupogresam\/wp-json\/wp\/v2\/pages"}],"about":[{"href":"https:\/\/blog.uclm.es\/grupogresam\/wp-json\/wp\/v2\/types\/page"}],"author":[{"embeddable":true,"href":"https:\/\/blog.uclm.es\/grupogresam\/wp-json\/wp\/v2\/users\/284"}],"replies":[{"embeddable":true,"href":"https:\/\/blog.uclm.es\/grupogresam\/wp-json\/wp\/v2\/comments?post=146"}],"version-history":[{"count":0,"href":"https:\/\/blog.uclm.es\/grupogresam\/wp-json\/wp\/v2\/pages\/146\/revisions"}],"wp:attachment":[{"href":"https:\/\/blog.uclm.es\/grupogresam\/wp-json\/wp\/v2\/media?parent=146"}],"curies":[{"name":"wp","href":"https:\/\/api.w.org\/{rel}","templated":true}]}}