{"id":1361,"date":"2022-06-02T12:19:20","date_gmt":"2022-06-02T11:19:20","guid":{"rendered":"https:\/\/blog.uclm.es\/grupogresam\/?page_id=1361"},"modified":"2022-11-03T16:27:52","modified_gmt":"2022-11-03T16:27:52","slug":"actividades-2022","status":"publish","type":"page","link":"https:\/\/blog.uclm.es\/grupogresam\/actividades-2022\/","title":{"rendered":"Actividades 2022"},"content":{"rendered":"\n<p><strong>Octubre<\/strong><\/p>\n\n\n\n<p>Los investigadores del GRESAM Juan Jos\u00e9 Vagni e Irene Gonz\u00e1lez Gonz\u00e1lez participan en la Master en Estudio \u00e1rabes e Isl\u00e1micos Contempor\u00e1neos de la Facultad de Filosof\u00eda y Letras de la Universidad Aut\u00f3noma de Madrid. La conferencia titulada\u00a0<em>Las relaciones culturales en el tri\u00e1ngulo Espa\u00f1a, Latinoam\u00e9rica, Mundo \u00c1rabe\u00a0<\/em>tendr\u00e1 lugar el pr\u00f3ximo 20 de octubre de 2022 a las 16h.<\/p>\n\n\n\n<p>El investigador del GRESAM Juan Jos\u00e9 Vagni imparte la conferencia\u00a0<em>Am\u00e9rica Latina y el Mundo Araboisl\u00e1mico<\/em>\u00a0en la Facultad de Comunicaci\u00f3n de la Universidad de Castilla-La Mancha. Cuenca, 19 de octubre de 2022.<\/p>\n\n\n\n<p><strong>Septiembre <\/strong><\/p>\n\n\n\n<p>Investigadores e investigadoras del GRESAM participan en el&nbsp;<a href=\"https:\/\/www.insaniyyat.com\/fr\">F\u00f3rum Insaniyyat 2022<\/a>&nbsp;celebrado en la Universidad de La Manouba (T\u00fanez) en un panel dirigido por Miguel Hernando de Larramendi bajo el t\u00edtulo&nbsp;<strong>Crises et processus de reconfiguration r\u00e9gionale en M\u00e9diterran\u00e9e occidentale<\/strong>. T\u00fanez, 21-24 de septiembre de 2022.<\/p>\n\n\n\n<p>La investigadora del GRESAM Beatriz Tom\u00e9 ha coordinado junto a Miguel Hernando de Larramendi el grupo de trabajo GT 6.1&nbsp;<a href=\"https:\/\/aecpa.es\/es-es\/crisis-en-el-norte-de-africa-tecnocracia-regresion-autoritaria-y-rec\/congress-workgroups\/557\/\">\u201cCrisis en el norte de \u00c1frica: tecnocracia, regresi\u00f3n autoritaria y reconfiguraci\u00f3n regional\u201d&nbsp;<\/a>en el XVI Congreso Espa\u00f1ol de Ciencia Pol\u00edtica y de la Administraci\u00f3n, en el que investigadores del grupo han presentado sus ponencias. Organizado por la Asociaci\u00f3n Espa\u00f1ola de Ciencia Pol\u00edtica y de la Administraci\u00f3n (AECPA). Universitat de Girona, 7-9 septiembre 2022.<\/p>\n\n\n\n<p><strong>Junio<\/strong><\/p>\n\n\n\n<p>Investigadores e investigadoras del GRESAM presentan sus ponencias en el&nbsp;<a href=\"https:\/\/congreso2022.fes-sociologia.com\/\">XIV Congreso Espa\u00f1ol de Sociolog\u00eda<\/a>&nbsp;\u201cDesigualdades, fronteras y resiliencia. Sociolog\u00eda para crisis globales\u201d dentro del Grupo de Trabajo 32 \u201cEstudios internacionales, Estudios de \u00e1rea y globalizaci\u00f3n\u201d. Federaci\u00f3n Espa\u00f1ola de Sociolog\u00eda (FES), Universidad de Murcia, 29 junio \u2013 2 julio, 2022.<\/p>\n\n\n\n<p>Investigadores e investigadoras del GRESAM partir\u00e1n en el Seminario Internacional de Investigaci\u00f3n&nbsp;<em>Europe-North Africa Relations in a Changing Regional and Internacional Context<\/em>, celebrado en la Facultad de Humanidades de Toledo, Universidad de Castilla-La Mancha y est\u00e1 organizado por el GRESAM. Toledo, 7 de junio de 2022.<\/p>\n\n\n\n<p><strong>Marzo<\/strong><\/p>\n\n\n\n<p>Investigadores e investigadoras del GRESAM participan entre el 23 y 25 de marzo de 2022 en el&nbsp;<em>Congreso Internacional. Cambios, crisis y movilizaciones en el Mediterr\u00e1neo occidental<\/em>&nbsp;en C\u00f3rdoba.<\/p>\n\n\n\n<p>La investigadora del GRESAM, Arelia Ma\u00f1\u00e9 Estrada participa en una sesi\u00f3n del ciclo&nbsp;<a href=\"http:\/\/www.solidaritat.ub.edu\/60-acords-evian\/\"><em>Argelia: miradas \u00ednter<\/em>seccionales<\/a>&nbsp;en la Universidad de Barcelona. Esta sesi\u00f3n se centrar\u00e1 en los sesenta a\u00f1os de los acuerdos de Evian y tendr\u00e1 lugar el viernes 18 de marzo de 2022. <\/p>\n","protected":false},"excerpt":{"rendered":"<p>Octubre Los investigadores del GRESAM Juan Jos\u00e9 Vagni e Irene Gonz\u00e1lez Gonz\u00e1lez participan en la Master en Estudio \u00e1rabes e Isl\u00e1micos Contempor\u00e1neos de la Facultad de Filosof\u00eda y Letras de la Universidad Aut\u00f3noma de Madrid. La conferencia titulada\u00a0Las relaciones culturales en el tri\u00e1ngulo Espa\u00f1a, Latinoam\u00e9rica, Mundo \u00c1rabe\u00a0tendr\u00e1 lugar el pr\u00f3ximo 20 de octubre de 2022 &hellip; <\/p>\n<p class=\"link-more\"><a href=\"https:\/\/blog.uclm.es\/grupogresam\/actividades-2022\/\" class=\"more-link\">Continuar leyendo<span class=\"screen-reader-text\"> \u00abActividades 2022\u00bb<\/span><\/a><\/p>\n","protected":false},"author":284,"featured_media":0,"parent":0,"menu_order":0,"comment_status":"closed","ping_status":"closed","template":"","meta":{"footnotes":""},"class_list":["post-1361","page","type-page","status-publish","hentry"],"_links":{"self":[{"href":"https:\/\/blog.uclm.es\/grupogresam\/wp-json\/wp\/v2\/pages\/1361","targetHints":{"allow":["GET"]}}],"collection":[{"href":"https:\/\/blog.uclm.es\/grupogresam\/wp-json\/wp\/v2\/pages"}],"about":[{"href":"https:\/\/blog.uclm.es\/grupogresam\/wp-json\/wp\/v2\/types\/page"}],"author":[{"embeddable":true,"href":"https:\/\/blog.uclm.es\/grupogresam\/wp-json\/wp\/v2\/users\/284"}],"replies":[{"embeddable":true,"href":"https:\/\/blog.uclm.es\/grupogresam\/wp-json\/wp\/v2\/comments?post=1361"}],"version-history":[{"count":6,"href":"https:\/\/blog.uclm.es\/grupogresam\/wp-json\/wp\/v2\/pages\/1361\/revisions"}],"predecessor-version":[{"id":1585,"href":"https:\/\/blog.uclm.es\/grupogresam\/wp-json\/wp\/v2\/pages\/1361\/revisions\/1585"}],"wp:attachment":[{"href":"https:\/\/blog.uclm.es\/grupogresam\/wp-json\/wp\/v2\/media?parent=1361"}],"curies":[{"name":"wp","href":"https:\/\/api.w.org\/{rel}","templated":true}]}}