{"id":1317,"date":"2021-10-25T21:05:11","date_gmt":"2021-10-25T20:05:11","guid":{"rendered":"https:\/\/blog.uclm.es\/grupogresam\/?page_id=1317"},"modified":"2021-10-25T21:05:11","modified_gmt":"2021-10-25T20:05:11","slug":"alfonso-casani-herranz","status":"publish","type":"page","link":"https:\/\/blog.uclm.es\/grupogresam\/alfonso-casani-herranz\/","title":{"rendered":"Alfonso Casani Herranz"},"content":{"rendered":"\n<div class=\"wp-block-columns is-layout-flex wp-container-core-columns-is-layout-9d6595d7 wp-block-columns-is-layout-flex\">\n<div class=\"wp-block-column is-layout-flow wp-block-column-is-layout-flow\" style=\"flex-basis:100%\">\n<div class=\"wp-block-media-text alignwide is-stacked-on-mobile\"><figure class=\"wp-block-media-text__media\"><img loading=\"lazy\" decoding=\"async\" width=\"654\" height=\"570\" src=\"https:\/\/blog.uclm.es\/grupogresam\/files\/2021\/10\/Casani-1.png\" alt=\"\" class=\"wp-image-1319 size-full\" srcset=\"https:\/\/blog.uclm.es\/grupogresam\/wp-content\/uploads\/sites\/194\/2021\/10\/Casani-1.png 654w, https:\/\/blog.uclm.es\/grupogresam\/wp-content\/uploads\/sites\/194\/2021\/10\/Casani-1-300x261.png 300w\" sizes=\"auto, (max-width: 654px) 100vw, 654px\" \/><\/figure><div class=\"wp-block-media-text__content\">\n<p><\/p>\n\n\n\n<p class=\"has-medium-font-size\" style=\"line-height:0.7\"><sub>Dr. Alfonso Casani Herranz<\/sub><\/p>\n\n\n\n<p>Profesor del Departamento de Ciencia Pol\u00edtica y de la Administraci\u00f3n, Universidad Complutense de Madrid.<\/p>\n\n\n\n<p><\/p>\n<\/div><\/div>\n<\/div>\n<\/div>\n\n\n\n<p><strong>L\u00edneas de investigaci\u00f3n<\/strong>: Islam pol\u00edtico, Marruecos, movimientos sociales, Norte de \u00c1frica.<\/p>\n\n\n\n<p><strong>Correo electr\u00f3nico:<\/strong>\u00a0<a href=\"mailto:acasani@ucm.es\">acasani@ucm.es<\/a><\/p>\n\n\n\n<p><strong>Publicaciones destacadas:<\/strong><\/p>\n\n\n\n<p>Dom\u00ednguez, Itxaso y Casani, Alfonso (2021), \u201cAproximaci\u00f3n prospectiva a la Vecindad Sur de Espa\u00f1a y la Uni\u00f3n Europea: Objetivo 2030\/2050\u201d,&nbsp;<em>Fundaci\u00f3n Alternativas<\/em>, n\u00fam. 110\/2021. Disponible en: &lt;<a href=\"https:\/\/www.fundacionalternativas.org\/observatorio-de-politica-exterior-opex\/documentos\/documentos-de-trabajo\/aproximacion-prospectiva-a-la-vecindad-sur-de-espana-y-la-union-europea-objetivo-2030-2050\">https:\/\/www.fundacionalternativas.org\/observatorio-de-politica-exterior-opex\/documentos\/documentos-de-trabajo\/aproximacion-prospectiva-a-la-vecindad-sur-de-espana-y-la-union-europea-objetivo-2030-2050<\/a>&gt;<\/p>\n\n\n\n<p>Casani, Alfonso y El Asri, Farid&nbsp;(2020),&nbsp;\u201cBetween national and international interests: Morocco\u2019s Al-Adl wa-l-Ihsane from an international perspective\u201d,&nbsp;<em>Contemporary Politics<\/em>,&nbsp;DOI:&nbsp;<a href=\"https:\/\/doi.org\/10.1080\/13569775.2020.1854966\">10.1080\/13569775.2020.1854966<\/a><\/p>\n\n\n\n<p>Casani, Alfonso&nbsp;(2020),&nbsp;\u201cCross-ideological coalitions under authoritarian regimes: Islamist-left collaboration among Morocco\u2019s excluded opposition\u201d,&nbsp;<em>Democratization<\/em>,&nbsp;27:7,&nbsp;1183-1201,&nbsp;DOI:&nbsp;<a href=\"https:\/\/doi.org\/10.1080\/13510347.2020.1772236\">10.1080\/13510347.2020.1772236<\/a><\/p>\n\n\n\n<p>Planet Contreras, Ana I. y Casani, Alfonso (2017), \u201cLos estudios sobre el mundo \u00e1rabe contempor\u00e1neo en Espa\u00f1a: una reflexi\u00f3n introductoria\u201d,&nbsp;<em>Awraq: Estudios sobre el mundo \u00e1rabe e isl\u00e1mico contempor\u00e1neo<\/em>, n\u00ba 16, pp. 5-18.<\/p>\n\n\n\n<p>Casani, Alfonso (2017), \u201cIslamistas e izquierda en la oposici\u00f3n pol\u00edtica marroqu\u00ed: un an\u00e1lisis de sus relaciones a trav\u00e9s del estudio de al-Adl w-al-Ihsane\u201d,\u00a0<em>Revista de Estudios Internacionales Mediterr\u00e1neos<\/em>, 23, 1-14. DOI:\u00a0<a href=\"https:\/\/doi.org\/10.15366\/reim2017.23.001\">https:\/\/doi.org\/10.15366\/reim2017.23.001<\/a><\/p>\n\n\n\n<p><a href=\"https:\/\/ucm.academia.edu\/AlfonsoCasani\">Academia<\/a><\/p>\n\n\n\n<p><a href=\"https:\/\/dialnet.unirioja.es\/servlet\/autor?codigo=4146355\">Dialnet<\/a><\/p>\n\n\n\n<p><a href=\"https:\/\/twitter.com\/AlfonsoCasani\">Twitter<\/a><\/p>\n","protected":false},"excerpt":{"rendered":"<p>Dr. Alfonso Casani Herranz Profesor del Departamento de Ciencia Pol\u00edtica y de la Administraci\u00f3n, Universidad Complutense de Madrid. L\u00edneas de investigaci\u00f3n: Islam pol\u00edtico, Marruecos, movimientos sociales, Norte de \u00c1frica. Correo electr\u00f3nico:\u00a0acasani@ucm.es Publicaciones destacadas: Dom\u00ednguez, Itxaso y Casani, Alfonso (2021), \u201cAproximaci\u00f3n prospectiva a la Vecindad Sur de Espa\u00f1a y la Uni\u00f3n Europea: Objetivo 2030\/2050\u201d,&nbsp;Fundaci\u00f3n Alternativas, n\u00fam. &hellip; <\/p>\n<p class=\"link-more\"><a href=\"https:\/\/blog.uclm.es\/grupogresam\/alfonso-casani-herranz\/\" class=\"more-link\">Continuar leyendo<span class=\"screen-reader-text\"> \u00abAlfonso Casani Herranz\u00bb<\/span><\/a><\/p>\n","protected":false},"author":284,"featured_media":0,"parent":0,"menu_order":0,"comment_status":"closed","ping_status":"closed","template":"","meta":{"footnotes":""},"class_list":["post-1317","page","type-page","status-publish","hentry"],"_links":{"self":[{"href":"https:\/\/blog.uclm.es\/grupogresam\/wp-json\/wp\/v2\/pages\/1317","targetHints":{"allow":["GET"]}}],"collection":[{"href":"https:\/\/blog.uclm.es\/grupogresam\/wp-json\/wp\/v2\/pages"}],"about":[{"href":"https:\/\/blog.uclm.es\/grupogresam\/wp-json\/wp\/v2\/types\/page"}],"author":[{"embeddable":true,"href":"https:\/\/blog.uclm.es\/grupogresam\/wp-json\/wp\/v2\/users\/284"}],"replies":[{"embeddable":true,"href":"https:\/\/blog.uclm.es\/grupogresam\/wp-json\/wp\/v2\/comments?post=1317"}],"version-history":[{"count":0,"href":"https:\/\/blog.uclm.es\/grupogresam\/wp-json\/wp\/v2\/pages\/1317\/revisions"}],"wp:attachment":[{"href":"https:\/\/blog.uclm.es\/grupogresam\/wp-json\/wp\/v2\/media?parent=1317"}],"curies":[{"name":"wp","href":"https:\/\/api.w.org\/{rel}","templated":true}]}}