{"id":1309,"date":"2021-10-15T17:57:52","date_gmt":"2021-10-15T16:57:52","guid":{"rendered":"https:\/\/blog.uclm.es\/grupogresam\/?page_id=1309"},"modified":"2022-10-25T17:27:22","modified_gmt":"2022-10-25T17:27:22","slug":"ana-ballesteros-peiro","status":"publish","type":"page","link":"https:\/\/blog.uclm.es\/grupogresam\/ana-ballesteros-peiro\/","title":{"rendered":"Ana Ballesteros Peir\u00f3"},"content":{"rendered":"\n<figure class=\"wp-block-image size-full is-resized\"><img loading=\"lazy\" decoding=\"async\" src=\"https:\/\/blog.uclm.es\/grupogresam\/wp-content\/uploads\/sites\/194\/2021\/10\/ANA-BALLESTEROS.png\" alt=\"\" class=\"wp-image-1310\" width=\"164\" height=\"203\" srcset=\"https:\/\/blog.uclm.es\/grupogresam\/wp-content\/uploads\/sites\/194\/2021\/10\/ANA-BALLESTEROS.png 654w, https:\/\/blog.uclm.es\/grupogresam\/wp-content\/uploads\/sites\/194\/2021\/10\/ANA-BALLESTEROS-242x300.png 242w\" sizes=\"auto, (max-width: 164px) 100vw, 164px\" \/><\/figure>\n\n\n\n<p>Dra. Ana Ballesteros Peir\u00f3.<\/p>\n\n\n\n<p>Investigadora Senior Asociada del Barcelona Centre for International Affairs CIDOB e Investigadora Asociada del Observatorio Pol\u00edtico y Electoral del Mundo \u00c1rabe y Musulm\u00e1n OPEMAM.<\/p>\n\n\n\n<p><strong>L\u00edneas de investigaci\u00f3n:<\/strong>&nbsp;Islam en el Asia Meridional, relaciones internacionales en Asia Meridional y Oriente Medio, sectarismo isl\u00e1mico.<\/p>\n\n\n\n<p><strong>Correo electr\u00f3nico:&nbsp;<\/strong>ana.ballesterospeiro@gmail.com<\/p>\n\n\n\n<p><strong>Publicaciones destacadas:<\/strong><\/p>\n\n\n\n<p>Ana Balleteros Peir\u00f3 (2021), \u201c<a href=\"https:\/\/www.esglobal.org\/occidente-se-esconde-tras-las-mentiras-manufacturadas-sobre-afganistan\/\">Occidente se esconde tras las mentiras manufacturadas sobre Afganist\u00e1n<\/a>\u201d,&nbsp;<em>Esglobal<\/em>, 20\/09\/2021.<\/p>\n\n\n\n<p>Ana Balleteros Peir\u00f3 (2021), \u201c<a href=\"https:\/\/revistaidees.cat\/es\/els-drets-humans-a-lasia\/\">Los Derechos Humanos en Asia<\/a>\u201d,&nbsp;<em>Revista IDEES<\/em>, Institut de Drets Humans de Catalunya, Vol. 50, 10 marzo 2021.<\/p>\n\n\n\n<p>Ana Balleteros Peir\u00f3 (2021), \u201c<em>Constitutionalism and Shari\u2018a in Pakistan: A Debate over the National Narrative and the Identity of the State<\/em>\u201d, in \u201cShari\u2018a in the 21st Century \u2013 Islamic Law and Its Impact on Global Geopolitics, Economics and Society\u201d, 1st vol.. World Scientific Publishing Europe Ltd., London.&nbsp;<\/p>\n\n\n\n<p>Ana Balleteros Peir\u00f3 (2019), \u00ab<a href=\"https:\/\/www.qu.edu.qa\/static_file\/qu\/research\/Gulf%20Studies\/documents\/gulf%20insights%2010%20Ballesteros.pdf\">Can Pakistan mend relations between Saudi Arabia and Iran?<\/a>\u00ab,&nbsp;<em>Gulf Insights<\/em>, Series n\u00ba 10, octubre.&nbsp;<\/p>\n\n\n\n<p>Ana Balleteros Peir\u00f3 (2018), \u201cPakist\u00e1n y el islamismo instrumental\u201d,&nbsp;<em>Pol\u00edtica Exterior<\/em>, n. 185, Sept. \u2013 Oct. 2018, pp. 108-113.&nbsp;&nbsp;<\/p>\n\n\n\n<p>Ana Balleteros Peir\u00f3 (2011),&nbsp;<em>Pakist\u00e1n<\/em>, S\u00edntesis, Madrid. ISBN: 978-84-975673-1-2.<\/p>\n\n\n\n<p><a href=\"https:\/\/uam.academia.edu\/AnaBallesterosPeir%C3%B3\">Academia<\/a><\/p>\n\n\n\n<p><a href=\"https:\/\/www.linkedin.com\/in\/ballesterosp\/\">LinkedIn<\/a><\/p>\n\n\n\n<p><a href=\"https:\/\/scholar.google.com\/citations?user=TvGjTCQAAAAJ&amp;hl=es\">Google Scholar<\/a><\/p>\n\n\n\n<p><a href=\"https:\/\/twitter.com\/AnaBalPei\">Twitter<\/a><\/p>\n","protected":false},"excerpt":{"rendered":"<p>Dra. Ana Ballesteros Peir\u00f3. Investigadora Senior Asociada del Barcelona Centre for International Affairs CIDOB e Investigadora Asociada del Observatorio Pol\u00edtico y Electoral del Mundo \u00c1rabe y Musulm\u00e1n OPEMAM. L\u00edneas de investigaci\u00f3n:&nbsp;Islam en el Asia Meridional, relaciones internacionales en Asia Meridional y Oriente Medio, sectarismo isl\u00e1mico. Correo electr\u00f3nico:&nbsp;ana.ballesterospeiro@gmail.com Publicaciones destacadas: Ana Balleteros Peir\u00f3 (2021), \u201cOccidente se &hellip; <\/p>\n<p class=\"link-more\"><a href=\"https:\/\/blog.uclm.es\/grupogresam\/ana-ballesteros-peiro\/\" class=\"more-link\">Continuar leyendo<span class=\"screen-reader-text\"> \u00abAna Ballesteros Peir\u00f3\u00bb<\/span><\/a><\/p>\n","protected":false},"author":284,"featured_media":0,"parent":0,"menu_order":0,"comment_status":"closed","ping_status":"closed","template":"","meta":{"footnotes":""},"class_list":["post-1309","page","type-page","status-publish","hentry"],"_links":{"self":[{"href":"https:\/\/blog.uclm.es\/grupogresam\/wp-json\/wp\/v2\/pages\/1309","targetHints":{"allow":["GET"]}}],"collection":[{"href":"https:\/\/blog.uclm.es\/grupogresam\/wp-json\/wp\/v2\/pages"}],"about":[{"href":"https:\/\/blog.uclm.es\/grupogresam\/wp-json\/wp\/v2\/types\/page"}],"author":[{"embeddable":true,"href":"https:\/\/blog.uclm.es\/grupogresam\/wp-json\/wp\/v2\/users\/284"}],"replies":[{"embeddable":true,"href":"https:\/\/blog.uclm.es\/grupogresam\/wp-json\/wp\/v2\/comments?post=1309"}],"version-history":[{"count":1,"href":"https:\/\/blog.uclm.es\/grupogresam\/wp-json\/wp\/v2\/pages\/1309\/revisions"}],"predecessor-version":[{"id":1533,"href":"https:\/\/blog.uclm.es\/grupogresam\/wp-json\/wp\/v2\/pages\/1309\/revisions\/1533"}],"wp:attachment":[{"href":"https:\/\/blog.uclm.es\/grupogresam\/wp-json\/wp\/v2\/media?parent=1309"}],"curies":[{"name":"wp","href":"https:\/\/api.w.org\/{rel}","templated":true}]}}